{"id":8195,"date":"2015-04-16T16:59:21","date_gmt":"2015-04-16T14:59:21","guid":{"rendered":"http:\/\/www.slovackio.vilniausr.lm.lt\/?page_id=8195"},"modified":"2024-02-21T17:28:07","modified_gmt":"2024-02-21T15:28:07","slug":"tradicijos","status":"publish","type":"page","link":"https:\/\/www.slovackio.vilniausr.lm.lt\/?page_id=8195","title":{"rendered":"Tradicijos"},"content":{"rendered":"<p><\/p>\n<p style=\"text-align: left;\" align=\"center\"><strong style=\"color: #111111; font-size: 0.95em; line-height: 1.6em;\"><span style=\"color: #800000;\">Rugs\u0117jo 1-oji<\/span> \u2013<\/strong><strong style=\"color: #111111; font-size: 0.95em; line-height: 1.6em;\">\u00a0<\/strong><span style=\"color: #111111; font-size: 0.95em; line-height: 1.6em;\">mokslo ir \u017eini\u0173 diena.\u00a0<\/span><\/p>\n<p style=\"text-align: left;\"><a href=\"https:\/\/www.slovackio.vilniausr.lm.lt\/wp-content\/uploads\/2015\/04\/rugs\u0117jo-1-oji.jpg\" rel=\"lightbox[8195]\"><img loading=\"lazy\" decoding=\"async\" class=\"size-thumbnail wp-image-8302\" title=\"rugs\u0117jo 1 -oji\" src=\"https:\/\/www.slovackio.vilniausr.lm.lt\/wp-content\/uploads\/2015\/04\/rugs\u0117jo-1-oji-150x150.jpg\" alt=\"\" width=\"150\" height=\"150\" \/><\/a>\u00a0\u00a0\u00a0\u00a0\u00a0 <a href=\"https:\/\/www.slovackio.vilniausr.lm.lt\/wp-content\/uploads\/2015\/04\/DSC_1960-300x199.jpg\" rel=\"lightbox[8195]\"><img loading=\"lazy\" decoding=\"async\" title=\"DSC_1960-300x199\" src=\"https:\/\/www.slovackio.vilniausr.lm.lt\/wp-content\/uploads\/2015\/04\/DSC_1960-300x199-150x150.jpg\" alt=\"\" width=\"150\" height=\"150\" \/><\/a>\u00a0\u00a0\u00a0\u00a0\u00a0 <a href=\"https:\/\/www.slovackio.vilniausr.lm.lt\/wp-content\/uploads\/2015\/04\/IMGP5143-150x150.jpg\" rel=\"lightbox[8195]\"><img loading=\"lazy\" decoding=\"async\" title=\"IMGP5143-150x150\" src=\"https:\/\/www.slovackio.vilniausr.lm.lt\/wp-content\/uploads\/2015\/04\/IMGP5143-150x150.jpg\" alt=\"\" width=\"150\" height=\"150\" \/><\/a><\/p>\n<p style=\"text-align: left;\"><strong style=\"font-size: 0.95em; line-height: 1.6em;\"><span style=\"color: #800000;\">Mokytojo dienos \u0161vent\u0117<\/span>\u00a0<\/strong><\/p>\n<p style=\"text-align: left;\"><a href=\"https:\/\/www.slovackio.vilniausr.lm.lt\/wp-content\/uploads\/2015\/04\/IMGP1138-300x2251.jpg\" rel=\"lightbox[8195]\"> <img loading=\"lazy\" decoding=\"async\" class=\"size-thumbnail wp-image-8333\" title=\"IMGP1138-300x225\" src=\"https:\/\/www.slovackio.vilniausr.lm.lt\/wp-content\/uploads\/2015\/04\/IMGP1138-300x2251-150x150.jpg\" alt=\"\" width=\"150\" height=\"150\" \/><\/a>\u00a0\u00a0\u00a0\u00a0\u00a0 <a href=\"https:\/\/www.slovackio.vilniausr.lm.lt\/wp-content\/uploads\/2015\/04\/Z1-300x225.jpg\" rel=\"lightbox[8195]\"><img loading=\"lazy\" decoding=\"async\" class=\"wp-image-8313\" title=\"Z1-300x225\" src=\"https:\/\/www.slovackio.vilniausr.lm.lt\/wp-content\/uploads\/2015\/04\/Z1-300x225-150x150.jpg\" alt=\"\" width=\"150\" height=\"150\" \/><\/a><span style=\"color: #800000;\"><strong>\u00a0\u00a0\u00a0\u00a0 <a href=\"https:\/\/www.slovackio.vilniausr.lm.lt\/wp-content\/uploads\/2015\/04\/IMGP5231-150x150.jpg\" rel=\"lightbox[8195]\"><img loading=\"lazy\" decoding=\"async\" title=\"IMGP5231-150x150\" src=\"https:\/\/www.slovackio.vilniausr.lm.lt\/wp-content\/uploads\/2015\/04\/IMGP5231-150x150.jpg\" alt=\"\" width=\"150\" height=\"150\" \/><\/a><\/strong><\/span><\/p>\n<p style=\"text-align: left;\"><span style=\"color: #800000;\"><strong>Gimnazijos glob\u0117jo \u0161vent\u0117<\/strong><\/span><\/p>\n<p style=\"text-align: left;\"><strong><a href=\"https:\/\/www.slovackio.vilniausr.lm.lt\/wp-content\/uploads\/2015\/04\/sztnad.png\" rel=\"lightbox[8195]\"><img loading=\"lazy\" decoding=\"async\" class=\"size-thumbnail wp-image-8307 alignnone\" title=\"sztnad\" src=\"https:\/\/www.slovackio.vilniausr.lm.lt\/wp-content\/uploads\/2015\/04\/sztnad-150x150.png\" alt=\"\" width=\"150\" height=\"150\" \/><\/a><\/strong>\u00a0\u00a0\u00a0\u00a0\u00a0 <a href=\"https:\/\/www.slovackio.vilniausr.lm.lt\/wp-content\/uploads\/2015\/04\/sztandar.jpg\" rel=\"lightbox[8195]\"><img loading=\"lazy\" decoding=\"async\" class=\"wp-image-8309\" title=\"sztandar\" src=\"https:\/\/www.slovackio.vilniausr.lm.lt\/wp-content\/uploads\/2015\/04\/sztandar-150x150.jpg\" alt=\"\" width=\"150\" height=\"150\" \/><\/a>\u00a0\u00a0\u00a0\u00a0\u00a0 <a href=\"https:\/\/www.slovackio.vilniausr.lm.lt\/wp-content\/uploads\/2015\/04\/patrono-diena.jpg\" rel=\"lightbox[8195]\"><img loading=\"lazy\" decoding=\"async\" class=\"size-thumbnail wp-image-8308\" title=\"patrono diena\" src=\"https:\/\/www.slovackio.vilniausr.lm.lt\/wp-content\/uploads\/2015\/04\/patrono-diena-150x150.jpg\" alt=\"\" width=\"150\" height=\"150\" \/><\/a><\/p>\n<p style=\"text-align: left;\"><span style=\"color: #800000;\"><strong>Kal\u0117diniai susitikimai<\/strong><\/span><\/p>\n<p style=\"text-align: left;\"><a href=\"https:\/\/www.slovackio.vilniausr.lm.lt\/wp-content\/uploads\/2015\/04\/DSCF6107-150x150.jpg\" rel=\"lightbox[8195]\"><img loading=\"lazy\" decoding=\"async\" class=\"size-full wp-image-8315\" title=\"DSCF6107-150x150\" src=\"https:\/\/www.slovackio.vilniausr.lm.lt\/wp-content\/uploads\/2015\/04\/DSCF6107-150x150.jpg\" alt=\"\" width=\"150\" height=\"150\" \/><\/a>\u00a0\u00a0\u00a0\u00a0\u00a0 <a href=\"https:\/\/www.slovackio.vilniausr.lm.lt\/wp-content\/uploads\/2015\/04\/7-150x150.jpg\" rel=\"lightbox[8195]\"><img loading=\"lazy\" decoding=\"async\" class=\" wp-image-8314 alignnone\" title=\"7-150x150\" src=\"https:\/\/www.slovackio.vilniausr.lm.lt\/wp-content\/uploads\/2015\/04\/7-150x150.jpg\" alt=\"\" width=\"150\" height=\"150\" \/><\/a>\u00a0\u00a0\u00a0\u00a0\u00a0 <a href=\"https:\/\/www.slovackio.vilniausr.lm.lt\/wp-content\/uploads\/2015\/04\/8-150x150.jpg\" rel=\"lightbox[8195]\"><img loading=\"lazy\" decoding=\"async\" class=\"size-full wp-image-8345\" title=\"8-150x150\" src=\"https:\/\/www.slovackio.vilniausr.lm.lt\/wp-content\/uploads\/2015\/04\/8-150x150.jpg\" alt=\"\" width=\"150\" height=\"150\" \/><\/a><\/p>\n<p style=\"text-align: left;\"><span style=\"color: #800000;\"><strong>Renginiai, skirti Valstyb\u0117s \u0161vent\u0117ms min\u0117ti<\/strong><\/span><\/p>\n<p style=\"text-align: left;\"><a href=\"https:\/\/www.slovackio.vilniausr.lm.lt\/wp-content\/uploads\/2015\/04\/IMGP4225-150x150.jpg\" rel=\"lightbox[8195]\"><img loading=\"lazy\" decoding=\"async\" class=\"wp-image-8336 alignnone\" title=\"IMGP4225-150x150\" src=\"https:\/\/www.slovackio.vilniausr.lm.lt\/wp-content\/uploads\/2015\/04\/IMGP4225-150x150.jpg\" alt=\"\" width=\"150\" height=\"150\" \/><\/a>\u00a0\u00a0\u00a0\u00a0\u00a0 <a href=\"https:\/\/www.slovackio.vilniausr.lm.lt\/wp-content\/uploads\/2015\/04\/IMGP7520-300x225.jpg\" rel=\"lightbox[8195]\"><img loading=\"lazy\" decoding=\"async\" class=\"size-thumbnail wp-image-8337 alignnone\" title=\"IMGP7520-300x225\" src=\"https:\/\/www.slovackio.vilniausr.lm.lt\/wp-content\/uploads\/2015\/04\/IMGP7520-300x225-150x150.jpg\" alt=\"\" width=\"150\" height=\"150\" \/><\/a>\u00a0\u00a0\u00a0\u00a0\u00a0 <a href=\"https:\/\/www.slovackio.vilniausr.lm.lt\/wp-content\/uploads\/2015\/04\/2-300x168.jpg\" rel=\"lightbox[8195]\"><img loading=\"lazy\" decoding=\"async\" class=\"size-thumbnail wp-image-8346\" title=\"2-300x168\" src=\"https:\/\/www.slovackio.vilniausr.lm.lt\/wp-content\/uploads\/2015\/04\/2-300x168-150x150.jpg\" alt=\"\" width=\"150\" height=\"150\" \/><\/a><\/p>\n<p style=\"text-align: left;\"><span style=\"color: #800000;\"><strong>Seneli\u0173 \u0161vent\u0117<\/strong><\/span><\/p>\n<p style=\"text-align: left;\"><a href=\"https:\/\/www.slovackio.vilniausr.lm.lt\/wp-content\/uploads\/2015\/04\/panie.jpg\" rel=\"lightbox[8195]\"><img loading=\"lazy\" decoding=\"async\" class=\"size-thumbnail wp-image-8300 alignnone\" title=\"panie\" src=\"https:\/\/www.slovackio.vilniausr.lm.lt\/wp-content\/uploads\/2015\/04\/panie-150x150.jpg\" alt=\"\" width=\"150\" height=\"150\" \/><\/a>\u00a0\u00a0\u00a0\u00a0\u00a0 <a href=\"https:\/\/www.slovackio.vilniausr.lm.lt\/wp-content\/uploads\/2015\/04\/dzien-babci.jpg\" rel=\"lightbox[8195]\"><img loading=\"lazy\" decoding=\"async\" class=\"size-thumbnail wp-image-8303 alignnone\" title=\"dzien babci\" src=\"https:\/\/www.slovackio.vilniausr.lm.lt\/wp-content\/uploads\/2015\/04\/dzien-babci-150x150.jpg\" alt=\"\" width=\"150\" height=\"150\" \/><\/a>\u00a0\u00a0\u00a0\u00a0\u00a0 <a href=\"https:\/\/www.slovackio.vilniausr.lm.lt\/wp-content\/uploads\/2015\/04\/dzien-mamy.jpg\" rel=\"lightbox[8195]\"><img loading=\"lazy\" decoding=\"async\" class=\"size-thumbnail wp-image-8304\" title=\"dzien mamy\" src=\"https:\/\/www.slovackio.vilniausr.lm.lt\/wp-content\/uploads\/2015\/04\/dzien-mamy-150x150.jpg\" alt=\"\" width=\"150\" height=\"150\" \/><\/a><\/p>\n<p style=\"text-align: left;\"><span style=\"color: #800000;\"><strong style=\"color: #993300; font-size: 0.95em; line-height: 1.6em;\">\u0160imtadienis<\/strong><\/span><\/p>\n<p style=\"text-align: left;\"><a href=\"https:\/\/www.slovackio.vilniausr.lm.lt\/wp-content\/uploads\/2015\/04\/IMG_5087-150x150.jpg\" rel=\"lightbox[8195]\"><img loading=\"lazy\" decoding=\"async\" class=\"wp-image-8322 alignnone\" title=\"IMG_5087-150x150\" src=\"https:\/\/www.slovackio.vilniausr.lm.lt\/wp-content\/uploads\/2015\/04\/IMG_5087-150x150.jpg\" alt=\"\" width=\"150\" height=\"150\" \/><\/a>\u00a0\u00a0\u00a0\u00a0\u00a0 <a href=\"https:\/\/www.slovackio.vilniausr.lm.lt\/wp-content\/uploads\/2015\/04\/IMG_1402-300x199.jpg\" rel=\"lightbox[8195]\"><img loading=\"lazy\" decoding=\"async\" class=\"size-thumbnail wp-image-8318 alignnone\" title=\"IMG_1402-300x199\" src=\"https:\/\/www.slovackio.vilniausr.lm.lt\/wp-content\/uploads\/2015\/04\/IMG_1402-300x199-150x150.jpg\" alt=\"\" width=\"150\" height=\"150\" \/><\/a>\u00a0\u00a0\u00a0\u00a0\u00a0 <a href=\"https:\/\/www.slovackio.vilniausr.lm.lt\/wp-content\/uploads\/2015\/04\/IMG_0145-300x200.jpg\" rel=\"lightbox[8195]\"><img loading=\"lazy\" decoding=\"async\" class=\"size-thumbnail wp-image-8349\" title=\"IMG_0145-300x200\" src=\"https:\/\/www.slovackio.vilniausr.lm.lt\/wp-content\/uploads\/2015\/04\/IMG_0145-300x200-150x150.jpg\" alt=\"\" width=\"150\" height=\"150\" \/><\/a><\/p>\n<p style=\"text-align: left;\"><span style=\"color: #800000;\"><strong>U\u017egav\u0117n\u0117s<\/strong><\/span><\/p>\n<p style=\"text-align: left;\"><a href=\"https:\/\/www.slovackio.vilniausr.lm.lt\/wp-content\/uploads\/2015\/04\/IMG_9064-150x150.jpg\" rel=\"lightbox[8195]\"><img loading=\"lazy\" decoding=\"async\" class=\"size-full wp-image-8331\" title=\"IMG_9064-150x150\" src=\"https:\/\/www.slovackio.vilniausr.lm.lt\/wp-content\/uploads\/2015\/04\/IMG_9064-150x150.jpg\" alt=\"\" width=\"150\" height=\"150\" \/><\/a>\u00a0\u00a0\u00a0 <a href=\"https:\/\/www.slovackio.vilniausr.lm.lt\/wp-content\/uploads\/2015\/04\/IMGP7568-300x225.jpg\" rel=\"lightbox[8195]\"><img loading=\"lazy\" decoding=\"async\" class=\"size-thumbnail wp-image-8341\" title=\"IMGP7568-300x225\" src=\"https:\/\/www.slovackio.vilniausr.lm.lt\/wp-content\/uploads\/2015\/04\/IMGP7568-300x225-150x150.jpg\" alt=\"\" width=\"150\" height=\"150\" \/><\/a>\u00a0\u00a0\u00a0 <a href=\"https:\/\/www.slovackio.vilniausr.lm.lt\/wp-content\/uploads\/2015\/04\/IMG_9031-150x150.jpg\" rel=\"lightbox[8195]\"><img loading=\"lazy\" decoding=\"async\" class=\"size-full wp-image-8340\" title=\"IMG_9031-150x150\" src=\"https:\/\/www.slovackio.vilniausr.lm.lt\/wp-content\/uploads\/2015\/04\/IMG_9031-150x150.jpg\" alt=\"\" width=\"150\" height=\"150\" \/><\/a><\/p>\n<p style=\"text-align: left;\"><span style=\"color: #800000;\"><strong>Savait\u0117 be paty\u010di\u0173<\/strong><\/span><\/p>\n<p style=\"text-align: left;\"><a href=\"https:\/\/www.slovackio.vilniausr.lm.lt\/wp-content\/uploads\/2015\/04\/IMGP6349-150x150.jpg\" rel=\"lightbox[8195]\"><img loading=\"lazy\" decoding=\"async\" class=\"size-full wp-image-8338 alignleft\" title=\"IMGP6349-150x150\" src=\"https:\/\/www.slovackio.vilniausr.lm.lt\/wp-content\/uploads\/2015\/04\/IMGP6349-150x150.jpg\" alt=\"\" width=\"150\" height=\"150\" \/><\/a>\u00a0\u00a0\u00a0\u00a0\u00a0 <a href=\"https:\/\/www.slovackio.vilniausr.lm.lt\/wp-content\/uploads\/2015\/04\/Naujas-vaizdas-300x199.jpg\" rel=\"lightbox[8195]\"><img loading=\"lazy\" decoding=\"async\" class=\"size-thumbnail wp-image-8342 alignleft\" title=\"Naujas-vaizdas-300x199\" src=\"https:\/\/www.slovackio.vilniausr.lm.lt\/wp-content\/uploads\/2015\/04\/Naujas-vaizdas-300x199-150x150.jpg\" alt=\"\" width=\"150\" height=\"150\" \/><\/a><a href=\"https:\/\/www.slovackio.vilniausr.lm.lt\/wp-content\/uploads\/2016\/03\/20160317_134226.jpg\" rel=\"attachment wp-att-10109\" rel=\"lightbox[8195]\"><img loading=\"lazy\" decoding=\"async\" class=\"size-thumbnail wp-image-10109 alignleft\" src=\"https:\/\/www.slovackio.vilniausr.lm.lt\/wp-content\/uploads\/2016\/03\/20160317_134226-150x150.jpg\" alt=\"20160317_134226\" width=\"150\" height=\"150\" \/><\/a><\/p>\n<p><\/p>","protected":false},"excerpt":{"rendered":"<p>Rugs\u0117jo 1-oji \u2013\u00a0mokslo ir \u017eini\u0173 diena.\u00a0 \u00a0\u00a0\u00a0\u00a0\u00a0 \u00a0\u00a0\u00a0\u00a0\u00a0 Mokytojo dienos \u0161vent\u0117\u00a0 \u00a0\u00a0\u00a0\u00a0\u00a0 \u00a0\u00a0\u00a0\u00a0 Gimnazijos glob\u0117jo \u0161vent\u0117 \u00a0\u00a0\u00a0\u00a0\u00a0 \u00a0\u00a0\u00a0\u00a0\u00a0 Kal\u0117diniai susitikimai \u00a0\u00a0\u00a0\u00a0\u00a0 \u00a0\u00a0\u00a0\u00a0\u00a0 Renginiai, skirti Valstyb\u0117s \u0161vent\u0117ms min\u0117ti \u00a0\u00a0\u00a0\u00a0\u00a0 \u00a0\u00a0\u00a0\u00a0\u00a0 Seneli\u0173 \u0161vent\u0117 \u00a0\u00a0\u00a0\u00a0\u00a0 \u00a0\u00a0\u00a0\u00a0\u00a0 \u0160imtadienis \u00a0\u00a0\u00a0\u00a0\u00a0 \u00a0\u00a0\u00a0\u00a0\u00a0 U\u017egav\u0117n\u0117s \u00a0\u00a0\u00a0 \u00a0\u00a0\u00a0 Savait\u0117 be paty\u010di\u0173 \u00a0\u00a0\u00a0\u00a0\u00a0<\/p>\n","protected":false},"author":1,"featured_media":0,"parent":6253,"menu_order":11,"comment_status":"closed","ping_status":"closed","template":"","meta":{"footnotes":""},"class_list":["post-8195","page","type-page","status-publish","hentry"],"jetpack_sharing_enabled":true,"_links":{"self":[{"href":"https:\/\/www.slovackio.vilniausr.lm.lt\/index.php?rest_route=\/wp\/v2\/pages\/8195","targetHints":{"allow":["GET"]}}],"collection":[{"href":"https:\/\/www.slovackio.vilniausr.lm.lt\/index.php?rest_route=\/wp\/v2\/pages"}],"about":[{"href":"https:\/\/www.slovackio.vilniausr.lm.lt\/index.php?rest_route=\/wp\/v2\/types\/page"}],"author":[{"embeddable":true,"href":"https:\/\/www.slovackio.vilniausr.lm.lt\/index.php?rest_route=\/wp\/v2\/users\/1"}],"replies":[{"embeddable":true,"href":"https:\/\/www.slovackio.vilniausr.lm.lt\/index.php?rest_route=%2Fwp%2Fv2%2Fcomments&post=8195"}],"version-history":[{"count":58,"href":"https:\/\/www.slovackio.vilniausr.lm.lt\/index.php?rest_route=\/wp\/v2\/pages\/8195\/revisions"}],"predecessor-version":[{"id":29022,"href":"https:\/\/www.slovackio.vilniausr.lm.lt\/index.php?rest_route=\/wp\/v2\/pages\/8195\/revisions\/29022"}],"up":[{"embeddable":true,"href":"https:\/\/www.slovackio.vilniausr.lm.lt\/index.php?rest_route=\/wp\/v2\/pages\/6253"}],"wp:attachment":[{"href":"https:\/\/www.slovackio.vilniausr.lm.lt\/index.php?rest_route=%2Fwp%2Fv2%2Fmedia&parent=8195"}],"curies":[{"name":"wp","href":"https:\/\/api.w.org\/{rel}","templated":true}]}}