{"id":8133,"date":"2015-04-03T22:25:04","date_gmt":"2015-04-03T20:25:04","guid":{"rendered":"http:\/\/www.slovackio.vilniausr.lm.lt\/?page_id=8133"},"modified":"2024-02-21T17:42:31","modified_gmt":"2024-02-21T15:42:31","slug":"choras-nuta","status":"publish","type":"page","link":"https:\/\/www.slovackio.vilniausr.lm.lt\/?page_id=8133","title":{"rendered":"Choras \u201eNuta\u201d"},"content":{"rendered":"<p><\/p>\n<p style=\"text-align: justify;\"><img loading=\"lazy\" decoding=\"async\" class=\"size-thumbnail wp-image-27337 alignleft\" src=\"https:\/\/www.slovackio.vilniausr.lm.lt\/wp-content\/uploads\/350270917_278157971326634_8126984623732744679_n-150x150.jpg\" alt=\"\" width=\"150\" height=\"150\" srcset=\"https:\/\/www.slovackio.vilniausr.lm.lt\/wp-content\/uploads\/350270917_278157971326634_8126984623732744679_n-150x150.jpg 150w, https:\/\/www.slovackio.vilniausr.lm.lt\/wp-content\/uploads\/350270917_278157971326634_8126984623732744679_n-90x90.jpg 90w, https:\/\/www.slovackio.vilniausr.lm.lt\/wp-content\/uploads\/350270917_278157971326634_8126984623732744679_n-75x75.jpg 75w\" sizes=\"auto, (max-width: 150px) 100vw, 150px\" \/>Choras \u201eNuta\u201d, kur\u012f sudaro \u00a0jaunesnioji grup\u0117 (1-4 klasi\u0173 mokiniai) ir vyresnioji grup\u0117 (5-IVG klasi\u0173 mokiniai), buvo \u012fkurtas 1996 metais. Mokyklos choras &#8211; tai popamokin\u0117 veikla, kuri per \u0161vietimo ir mokymo privalum\u0173 \u012fvairov\u0119 veda prie darnaus ir visapusi\u0161ko vaik\u0173 ir jaunimo vystymosi, leid\u017eia atrasti savyje jautrum\u0105, estetikos jausm\u0105 bei kurti teigiamus asmenyb\u0117s bruo\u017eus.<\/p>\n<p style=\"text-align: justify;\">Kurso tikslas: pl\u0117toti muzikinius interesus, \u017einias ir \u012fg\u016bd\u017eius. Taip pat aukl\u0117ti tokius asmenyb\u0117s bruo\u017eus kaip: drausm\u0117, estetika, vaizduot\u0117 ir jautrumas.<\/p>\n<p style=\"text-align: justify;\">Choro repertuare yra liaudies, estradin\u0117s, religin\u0117s dainos. Choro nariai visada aktyviai dalyvauja mokyklos renginiuose, taip pat \u012fvairiuose konkursuose ir festivaliuose.<\/p>\n<p style=\"text-align: right;\"><strong><span style=\"color: #000080;\">Vadov\u0117 &#8211; muzikos mokytoja Alicija Rusecka<\/span><\/strong><\/p>\n<h6 class=\"entry-title post-title\"><span style=\"color: #000080;\"><a style=\"color: #000080;\" href=\"https:\/\/www.slovackio.vilniausr.lm.lt\/?p=27325\" rel=\"bookmark\">Choro ,,Nuta\u201d veiklos bei vasaros atostog\u0173 akimirkos<\/a><\/span><\/h6>\n<p><img loading=\"lazy\" decoding=\"async\" class=\"size-thumbnail wp-image-27335 alignleft\" src=\"https:\/\/www.slovackio.vilniausr.lm.lt\/wp-content\/uploads\/354750447_1296513754405188_1132469182312782140_n-150x150.jpg\" alt=\"\" width=\"150\" height=\"150\" srcset=\"https:\/\/www.slovackio.vilniausr.lm.lt\/wp-content\/uploads\/354750447_1296513754405188_1132469182312782140_n-150x150.jpg 150w, https:\/\/www.slovackio.vilniausr.lm.lt\/wp-content\/uploads\/354750447_1296513754405188_1132469182312782140_n-90x90.jpg 90w, https:\/\/www.slovackio.vilniausr.lm.lt\/wp-content\/uploads\/354750447_1296513754405188_1132469182312782140_n-75x75.jpg 75w\" sizes=\"auto, (max-width: 150px) 100vw, 150px\" \/> <img loading=\"lazy\" decoding=\"async\" class=\"size-thumbnail wp-image-27334 alignleft\" src=\"https:\/\/www.slovackio.vilniausr.lm.lt\/wp-content\/uploads\/355181955_665369635435405_3871870425413628065_n-150x150.jpg\" alt=\"\" width=\"150\" height=\"150\" srcset=\"https:\/\/www.slovackio.vilniausr.lm.lt\/wp-content\/uploads\/355181955_665369635435405_3871870425413628065_n-150x150.jpg 150w, https:\/\/www.slovackio.vilniausr.lm.lt\/wp-content\/uploads\/355181955_665369635435405_3871870425413628065_n-90x90.jpg 90w, https:\/\/www.slovackio.vilniausr.lm.lt\/wp-content\/uploads\/355181955_665369635435405_3871870425413628065_n-75x75.jpg 75w\" sizes=\"auto, (max-width: 150px) 100vw, 150px\" \/> <img loading=\"lazy\" decoding=\"async\" class=\"size-thumbnail wp-image-27331 alignleft\" src=\"https:\/\/www.slovackio.vilniausr.lm.lt\/wp-content\/uploads\/355131332_1318959735723672_5915496051369686241_n-150x150.jpg\" alt=\"\" width=\"150\" height=\"150\" srcset=\"https:\/\/www.slovackio.vilniausr.lm.lt\/wp-content\/uploads\/355131332_1318959735723672_5915496051369686241_n-150x150.jpg 150w, https:\/\/www.slovackio.vilniausr.lm.lt\/wp-content\/uploads\/355131332_1318959735723672_5915496051369686241_n-90x90.jpg 90w, https:\/\/www.slovackio.vilniausr.lm.lt\/wp-content\/uploads\/355131332_1318959735723672_5915496051369686241_n-75x75.jpg 75w\" sizes=\"auto, (max-width: 150px) 100vw, 150px\" \/> <img loading=\"lazy\" decoding=\"async\" class=\"size-thumbnail wp-image-27330 alignleft\" src=\"https:\/\/www.slovackio.vilniausr.lm.lt\/wp-content\/uploads\/355128565_783208800005341_7087656015265165185_n-150x150.jpg\" alt=\"\" width=\"150\" height=\"150\" srcset=\"https:\/\/www.slovackio.vilniausr.lm.lt\/wp-content\/uploads\/355128565_783208800005341_7087656015265165185_n-150x150.jpg 150w, https:\/\/www.slovackio.vilniausr.lm.lt\/wp-content\/uploads\/355128565_783208800005341_7087656015265165185_n-90x90.jpg 90w, https:\/\/www.slovackio.vilniausr.lm.lt\/wp-content\/uploads\/355128565_783208800005341_7087656015265165185_n-75x75.jpg 75w\" sizes=\"auto, (max-width: 150px) 100vw, 150px\" \/> <img loading=\"lazy\" decoding=\"async\" class=\"size-thumbnail wp-image-27329 alignleft\" src=\"https:\/\/www.slovackio.vilniausr.lm.lt\/wp-content\/uploads\/355123127_820078192997860_9210392328581121425_n-150x150.jpg\" alt=\"\" width=\"150\" height=\"150\" srcset=\"https:\/\/www.slovackio.vilniausr.lm.lt\/wp-content\/uploads\/355123127_820078192997860_9210392328581121425_n-150x150.jpg 150w, https:\/\/www.slovackio.vilniausr.lm.lt\/wp-content\/uploads\/355123127_820078192997860_9210392328581121425_n-90x90.jpg 90w, https:\/\/www.slovackio.vilniausr.lm.lt\/wp-content\/uploads\/355123127_820078192997860_9210392328581121425_n-75x75.jpg 75w\" sizes=\"auto, (max-width: 150px) 100vw, 150px\" \/> <img loading=\"lazy\" decoding=\"async\" class=\"size-thumbnail wp-image-27328 alignleft\" src=\"https:\/\/www.slovackio.vilniausr.lm.lt\/wp-content\/uploads\/355128586_3402726686655057_4717081595261632004_n-150x150.jpg\" alt=\"\" width=\"150\" height=\"150\" srcset=\"https:\/\/www.slovackio.vilniausr.lm.lt\/wp-content\/uploads\/355128586_3402726686655057_4717081595261632004_n-150x150.jpg 150w, https:\/\/www.slovackio.vilniausr.lm.lt\/wp-content\/uploads\/355128586_3402726686655057_4717081595261632004_n-90x90.jpg 90w, https:\/\/www.slovackio.vilniausr.lm.lt\/wp-content\/uploads\/355128586_3402726686655057_4717081595261632004_n-75x75.jpg 75w\" sizes=\"auto, (max-width: 150px) 100vw, 150px\" \/> <img loading=\"lazy\" decoding=\"async\" class=\"size-thumbnail wp-image-27327 alignleft\" src=\"https:\/\/www.slovackio.vilniausr.lm.lt\/wp-content\/uploads\/355129218_806141707710187_8838924181397002826_n-150x150.jpg\" alt=\"\" width=\"150\" height=\"150\" srcset=\"https:\/\/www.slovackio.vilniausr.lm.lt\/wp-content\/uploads\/355129218_806141707710187_8838924181397002826_n-150x150.jpg 150w, https:\/\/www.slovackio.vilniausr.lm.lt\/wp-content\/uploads\/355129218_806141707710187_8838924181397002826_n-90x90.jpg 90w, https:\/\/www.slovackio.vilniausr.lm.lt\/wp-content\/uploads\/355129218_806141707710187_8838924181397002826_n-75x75.jpg 75w\" sizes=\"auto, (max-width: 150px) 100vw, 150px\" \/> <img loading=\"lazy\" decoding=\"async\" class=\"size-thumbnail wp-image-27326 alignleft\" src=\"https:\/\/www.slovackio.vilniausr.lm.lt\/wp-content\/uploads\/355077685_795333632098786_7641459674702379939_n-150x150.jpg\" alt=\"\" width=\"150\" height=\"150\" srcset=\"https:\/\/www.slovackio.vilniausr.lm.lt\/wp-content\/uploads\/355077685_795333632098786_7641459674702379939_n-150x150.jpg 150w, https:\/\/www.slovackio.vilniausr.lm.lt\/wp-content\/uploads\/355077685_795333632098786_7641459674702379939_n-90x90.jpg 90w, https:\/\/www.slovackio.vilniausr.lm.lt\/wp-content\/uploads\/355077685_795333632098786_7641459674702379939_n-75x75.jpg 75w\" sizes=\"auto, (max-width: 150px) 100vw, 150px\" \/><\/p>\n<p>&nbsp;<\/p>\n<p>&nbsp;<\/p>\n<p>&nbsp;<\/p>\n<p>&nbsp;<\/p>\n<p>&nbsp;<\/p>\n<p>&nbsp;<\/p>\n<p>&nbsp;<\/p>\n<p>&nbsp;<\/p>\n<p>&nbsp;<\/p>\n<p>&nbsp;<\/p>\n<p><img loading=\"lazy\" decoding=\"async\" class=\"size-thumbnail wp-image-27336 alignleft\" src=\"https:\/\/www.slovackio.vilniausr.lm.lt\/wp-content\/uploads\/348359133_582377607074024_6859277704969860235_n-150x150.jpg\" alt=\"\" width=\"150\" height=\"150\" srcset=\"https:\/\/www.slovackio.vilniausr.lm.lt\/wp-content\/uploads\/348359133_582377607074024_6859277704969860235_n-150x150.jpg 150w, https:\/\/www.slovackio.vilniausr.lm.lt\/wp-content\/uploads\/348359133_582377607074024_6859277704969860235_n-90x90.jpg 90w, https:\/\/www.slovackio.vilniausr.lm.lt\/wp-content\/uploads\/348359133_582377607074024_6859277704969860235_n-75x75.jpg 75w\" sizes=\"auto, (max-width: 150px) 100vw, 150px\" \/><img loading=\"lazy\" decoding=\"async\" class=\"size-thumbnail wp-image-27016 alignleft\" src=\"https:\/\/www.slovackio.vilniausr.lm.lt\/wp-content\/uploads\/888-1-150x150.jpg\" alt=\"\" width=\"150\" height=\"150\" srcset=\"https:\/\/www.slovackio.vilniausr.lm.lt\/wp-content\/uploads\/888-1-150x150.jpg 150w, https:\/\/www.slovackio.vilniausr.lm.lt\/wp-content\/uploads\/888-1-90x90.jpg 90w, https:\/\/www.slovackio.vilniausr.lm.lt\/wp-content\/uploads\/888-1-75x75.jpg 75w\" sizes=\"auto, (max-width: 150px) 100vw, 150px\" \/><img loading=\"lazy\" decoding=\"async\" class=\"size-thumbnail wp-image-26539 alignleft\" src=\"https:\/\/www.slovackio.vilniausr.lm.lt\/wp-content\/uploads\/3.-1-150x150.jpg\" alt=\"\" width=\"150\" height=\"150\" srcset=\"https:\/\/www.slovackio.vilniausr.lm.lt\/wp-content\/uploads\/3.-1-150x150.jpg 150w, https:\/\/www.slovackio.vilniausr.lm.lt\/wp-content\/uploads\/3.-1-90x90.jpg 90w, https:\/\/www.slovackio.vilniausr.lm.lt\/wp-content\/uploads\/3.-1-75x75.jpg 75w\" sizes=\"auto, (max-width: 150px) 100vw, 150px\" \/><img loading=\"lazy\" decoding=\"async\" class=\"size-thumbnail wp-image-26562 alignleft\" src=\"https:\/\/www.slovackio.vilniausr.lm.lt\/wp-content\/uploads\/346111426_824783372548093_2394362536099047898_n-150x150.jpg\" alt=\"\" width=\"150\" height=\"150\" srcset=\"https:\/\/www.slovackio.vilniausr.lm.lt\/wp-content\/uploads\/346111426_824783372548093_2394362536099047898_n-150x150.jpg 150w, https:\/\/www.slovackio.vilniausr.lm.lt\/wp-content\/uploads\/346111426_824783372548093_2394362536099047898_n-90x90.jpg 90w, https:\/\/www.slovackio.vilniausr.lm.lt\/wp-content\/uploads\/346111426_824783372548093_2394362536099047898_n-75x75.jpg 75w\" sizes=\"auto, (max-width: 150px) 100vw, 150px\" \/><\/p>\n<p style=\"text-align: justify;\"><a href=\"https:\/\/www.slovackio.vilniausr.lm.lt\/wp-content\/uploads\/2015\/04\/IMG_1379.jpg\" rel=\"attachment wp-att-10469\" rel=\"lightbox[8133]\"><img loading=\"lazy\" decoding=\"async\" class=\"size-thumbnail wp-image-10469 alignleft\" src=\"https:\/\/www.slovackio.vilniausr.lm.lt\/wp-content\/uploads\/2015\/04\/IMG_1379-150x150.jpg\" alt=\"IMG_1379\" width=\"150\" height=\"150\" srcset=\"https:\/\/www.slovackio.vilniausr.lm.lt\/wp-content\/uploads\/2015\/04\/IMG_1379-150x150.jpg 150w, https:\/\/www.slovackio.vilniausr.lm.lt\/wp-content\/uploads\/2015\/04\/IMG_1379-90x90.jpg 90w, https:\/\/www.slovackio.vilniausr.lm.lt\/wp-content\/uploads\/2015\/04\/IMG_1379-75x75.jpg 75w\" sizes=\"auto, (max-width: 150px) 100vw, 150px\" \/><\/a> <a href=\"https:\/\/www.slovackio.vilniausr.lm.lt\/wp-content\/uploads\/2015\/04\/20160129_121506.jpg\" rel=\"attachment wp-att-10470\" rel=\"lightbox[8133]\"><img loading=\"lazy\" decoding=\"async\" class=\"size-thumbnail wp-image-10470 alignleft\" src=\"https:\/\/www.slovackio.vilniausr.lm.lt\/wp-content\/uploads\/2015\/04\/20160129_121506-150x150.jpg\" alt=\"20160129_121506\" width=\"150\" height=\"150\" srcset=\"https:\/\/www.slovackio.vilniausr.lm.lt\/wp-content\/uploads\/2015\/04\/20160129_121506-150x150.jpg 150w, https:\/\/www.slovackio.vilniausr.lm.lt\/wp-content\/uploads\/2015\/04\/20160129_121506-90x90.jpg 90w, https:\/\/www.slovackio.vilniausr.lm.lt\/wp-content\/uploads\/2015\/04\/20160129_121506-75x75.jpg 75w\" sizes=\"auto, (max-width: 150px) 100vw, 150px\" \/><\/a><\/p>\n<p><a style=\"text-align: justify; font-size: 0.95em;\" href=\"https:\/\/www.slovackio.vilniausr.lm.lt\/wp-content\/uploads\/2016\/05\/A-348.jpg\" rel=\"attachment wp-att-10393\" rel=\"lightbox[8133]\"><img loading=\"lazy\" decoding=\"async\" class=\"size-thumbnail wp-image-10393 alignleft\" src=\"https:\/\/www.slovackio.vilniausr.lm.lt\/wp-content\/uploads\/2016\/05\/A-348-150x150.jpg\" alt=\"A (348)\" width=\"150\" height=\"150\" srcset=\"https:\/\/www.slovackio.vilniausr.lm.lt\/wp-content\/uploads\/2016\/05\/A-348-150x150.jpg 150w, https:\/\/www.slovackio.vilniausr.lm.lt\/wp-content\/uploads\/2016\/05\/A-348-90x90.jpg 90w, https:\/\/www.slovackio.vilniausr.lm.lt\/wp-content\/uploads\/2016\/05\/A-348-75x75.jpg 75w\" sizes=\"auto, (max-width: 150px) 100vw, 150px\" \/><\/a><\/p>\n<p style=\"text-align: justify;\"><a href=\"https:\/\/www.slovackio.vilniausr.lm.lt\/wp-content\/uploads\/2015\/04\/03-1.jpg\" rel=\"lightbox[8133]\"><img loading=\"lazy\" decoding=\"async\" class=\"size-thumbnail wp-image-8134 alignleft\" title=\"03 (1)\" src=\"https:\/\/www.slovackio.vilniausr.lm.lt\/wp-content\/uploads\/2015\/04\/03-1-150x150.jpg\" alt=\"\" width=\"150\" height=\"150\" \/><\/a><\/p>\n<p><a href=\"https:\/\/www.slovackio.vilniausr.lm.lt\/wp-content\/uploads\/2015\/04\/01.jpg\" rel=\"lightbox[8133]\"><img loading=\"lazy\" decoding=\"async\" class=\"size-thumbnail wp-image-8137 alignleft\" title=\"01\" src=\"https:\/\/www.slovackio.vilniausr.lm.lt\/wp-content\/uploads\/2015\/04\/01-150x150.jpg\" alt=\"\" width=\"150\" height=\"150\" \/><\/a><a href=\"https:\/\/www.slovackio.vilniausr.lm.lt\/wp-content\/uploads\/2015\/04\/04.jpg\" rel=\"lightbox[8133]\"><img loading=\"lazy\" decoding=\"async\" class=\"size-thumbnail wp-image-8135 alignleft\" title=\"04\" src=\"https:\/\/www.slovackio.vilniausr.lm.lt\/wp-content\/uploads\/2015\/04\/04-150x150.jpg\" alt=\"\" width=\"150\" height=\"150\" \/><\/a><a href=\"https:\/\/www.slovackio.vilniausr.lm.lt\/wp-content\/uploads\/2015\/04\/02.jpg\" rel=\"lightbox[8133]\"><img loading=\"lazy\" decoding=\"async\" class=\"size-thumbnail wp-image-8136 alignleft\" title=\"02\" src=\"https:\/\/www.slovackio.vilniausr.lm.lt\/wp-content\/uploads\/2015\/04\/02-150x150.jpg\" alt=\"\" width=\"150\" height=\"150\" \/><\/a><\/p>\n<p><a href=\"https:\/\/www.slovackio.vilniausr.lm.lt\/wp-content\/uploads\/2016\/05\/IMG_1302.jpg\" rel=\"attachment wp-att-10320\" rel=\"lightbox[8133]\"><img loading=\"lazy\" decoding=\"async\" class=\"size-thumbnail wp-image-10320 alignleft\" src=\"https:\/\/www.slovackio.vilniausr.lm.lt\/wp-content\/uploads\/2016\/05\/IMG_1302-150x150.jpg\" alt=\"IMG_1302\" width=\"150\" height=\"150\" srcset=\"https:\/\/www.slovackio.vilniausr.lm.lt\/wp-content\/uploads\/2016\/05\/IMG_1302-150x150.jpg 150w, https:\/\/www.slovackio.vilniausr.lm.lt\/wp-content\/uploads\/2016\/05\/IMG_1302-90x90.jpg 90w, https:\/\/www.slovackio.vilniausr.lm.lt\/wp-content\/uploads\/2016\/05\/IMG_1302-75x75.jpg 75w\" sizes=\"auto, (max-width: 150px) 100vw, 150px\" \/><\/a><\/p>\n<p>&nbsp;<\/p>\n<p>&nbsp;<\/p>\n<p>&nbsp;<\/p>\n<p>&nbsp;<\/p>\n<p><a href=\"https:\/\/www.slovackio.vilniausr.lm.lt\/wp-content\/uploads\/2015\/05\/IMG_0667.jpg\" rel=\"attachment wp-att-8506\" rel=\"lightbox[8133]\"><br \/>\n<img loading=\"lazy\" decoding=\"async\" class=\"size-thumbnail wp-image-8506 alignleft\" src=\"https:\/\/www.slovackio.vilniausr.lm.lt\/wp-content\/uploads\/2015\/05\/IMG_0667-150x150.jpg\" alt=\"IMG_0667\" width=\"150\" height=\"150\" \/><\/a><a href=\"https:\/\/www.slovackio.vilniausr.lm.lt\/wp-content\/uploads\/2015\/04\/IMG_3327-Desktop-Resolution-1.jpg\" rel=\"attachment wp-att-10461\" rel=\"lightbox[8133]\"><img loading=\"lazy\" decoding=\"async\" class=\"size-thumbnail wp-image-10461 alignleft\" src=\"https:\/\/www.slovackio.vilniausr.lm.lt\/wp-content\/uploads\/2015\/04\/IMG_3327-Desktop-Resolution-1-150x150.jpg\" alt=\"IMG_3327 [Desktop Resolution]\" width=\"150\" height=\"150\" srcset=\"https:\/\/www.slovackio.vilniausr.lm.lt\/wp-content\/uploads\/2015\/04\/IMG_3327-Desktop-Resolution-1-150x150.jpg 150w, https:\/\/www.slovackio.vilniausr.lm.lt\/wp-content\/uploads\/2015\/04\/IMG_3327-Desktop-Resolution-1-90x90.jpg 90w, https:\/\/www.slovackio.vilniausr.lm.lt\/wp-content\/uploads\/2015\/04\/IMG_3327-Desktop-Resolution-1-75x75.jpg 75w\" sizes=\"auto, (max-width: 150px) 100vw, 150px\" \/><\/a><a href=\"https:\/\/www.slovackio.vilniausr.lm.lt\/wp-content\/uploads\/2015\/04\/IMG_3609-Desktop-Resolution-1.jpg\" rel=\"attachment wp-att-10462\" rel=\"lightbox[8133]\"><img loading=\"lazy\" decoding=\"async\" class=\"size-thumbnail wp-image-10462 alignleft\" src=\"https:\/\/www.slovackio.vilniausr.lm.lt\/wp-content\/uploads\/2015\/04\/IMG_3609-Desktop-Resolution-1-150x150.jpg\" alt=\"IMG_3609 [Desktop Resolution]\" width=\"150\" height=\"150\" srcset=\"https:\/\/www.slovackio.vilniausr.lm.lt\/wp-content\/uploads\/2015\/04\/IMG_3609-Desktop-Resolution-1-150x150.jpg 150w, https:\/\/www.slovackio.vilniausr.lm.lt\/wp-content\/uploads\/2015\/04\/IMG_3609-Desktop-Resolution-1-90x90.jpg 90w, https:\/\/www.slovackio.vilniausr.lm.lt\/wp-content\/uploads\/2015\/04\/IMG_3609-Desktop-Resolution-1-75x75.jpg 75w\" sizes=\"auto, (max-width: 150px) 100vw, 150px\" \/><\/a><a href=\"https:\/\/www.slovackio.vilniausr.lm.lt\/wp-content\/uploads\/2015\/04\/IMG_8683.jpg\" rel=\"attachment wp-att-10463\" rel=\"lightbox[8133]\"><img loading=\"lazy\" decoding=\"async\" class=\"size-thumbnail wp-image-10463 alignleft\" src=\"https:\/\/www.slovackio.vilniausr.lm.lt\/wp-content\/uploads\/2015\/04\/IMG_8683-150x150.jpg\" alt=\"IMG_8683\" width=\"150\" height=\"150\" srcset=\"https:\/\/www.slovackio.vilniausr.lm.lt\/wp-content\/uploads\/2015\/04\/IMG_8683-150x150.jpg 150w, https:\/\/www.slovackio.vilniausr.lm.lt\/wp-content\/uploads\/2015\/04\/IMG_8683-90x90.jpg 90w, https:\/\/www.slovackio.vilniausr.lm.lt\/wp-content\/uploads\/2015\/04\/IMG_8683-75x75.jpg 75w\" sizes=\"auto, (max-width: 150px) 100vw, 150px\" \/><\/a><\/p>\n<p>&nbsp;<\/p>\n<p>&nbsp;<\/p>","protected":false},"excerpt":{"rendered":"<p>Choras \u201eNuta\u201d, kur\u012f sudaro \u00a0jaunesnioji grup\u0117 (1-4 klasi\u0173 mokiniai) ir vyresnioji grup\u0117 (5-IVG klasi\u0173 mokiniai), buvo \u012fkurtas 1996 metais. Mokyklos choras &#8211; tai popamokin\u0117 veikla, kuri per \u0161vietimo ir mokymo privalum\u0173 \u012fvairov\u0119 veda prie darnaus ir visapusi\u0161ko vaik\u0173 ir jaunimo vystymosi, leid\u017eia atrasti savyje jautrum\u0105, estetikos jausm\u0105 bei kurti teigiamus asmenyb\u0117s bruo\u017eus. Kurso tikslas: pl\u0117toti muzikinius interesus, \u017einias ir \u012fg\u016bd\u017eius.<\/p>\n","protected":false},"author":1,"featured_media":0,"parent":3747,"menu_order":6,"comment_status":"closed","ping_status":"closed","template":"","meta":{"footnotes":""},"class_list":["post-8133","page","type-page","status-publish","hentry"],"jetpack_sharing_enabled":true,"_links":{"self":[{"href":"https:\/\/www.slovackio.vilniausr.lm.lt\/index.php?rest_route=\/wp\/v2\/pages\/8133","targetHints":{"allow":["GET"]}}],"collection":[{"href":"https:\/\/www.slovackio.vilniausr.lm.lt\/index.php?rest_route=\/wp\/v2\/pages"}],"about":[{"href":"https:\/\/www.slovackio.vilniausr.lm.lt\/index.php?rest_route=\/wp\/v2\/types\/page"}],"author":[{"embeddable":true,"href":"https:\/\/www.slovackio.vilniausr.lm.lt\/index.php?rest_route=\/wp\/v2\/users\/1"}],"replies":[{"embeddable":true,"href":"https:\/\/www.slovackio.vilniausr.lm.lt\/index.php?rest_route=%2Fwp%2Fv2%2Fcomments&post=8133"}],"version-history":[{"count":32,"href":"https:\/\/www.slovackio.vilniausr.lm.lt\/index.php?rest_route=\/wp\/v2\/pages\/8133\/revisions"}],"predecessor-version":[{"id":29034,"href":"https:\/\/www.slovackio.vilniausr.lm.lt\/index.php?rest_route=\/wp\/v2\/pages\/8133\/revisions\/29034"}],"up":[{"embeddable":true,"href":"https:\/\/www.slovackio.vilniausr.lm.lt\/index.php?rest_route=\/wp\/v2\/pages\/3747"}],"wp:attachment":[{"href":"https:\/\/www.slovackio.vilniausr.lm.lt\/index.php?rest_route=%2Fwp%2Fv2%2Fmedia&parent=8133"}],"curies":[{"name":"wp","href":"https:\/\/api.w.org\/{rel}","templated":true}]}}