{"id":8048,"date":"2015-03-30T19:27:36","date_gmt":"2015-03-30T17:27:36","guid":{"rendered":"http:\/\/www.slovackio.vilniausr.lm.lt\/?page_id=8048"},"modified":"2024-10-15T18:30:11","modified_gmt":"2024-10-15T16:30:11","slug":"sportas","status":"publish","type":"page","link":"https:\/\/www.slovackio.vilniausr.lm.lt\/?page_id=8048","title":{"rendered":"Sportas"},"content":{"rendered":"<p><\/p>\n<h3 style=\"text-align: center;\"><span style=\"color: #993300;\">Po pamok\u0173 kiekvienas mokinys m\u016bs\u0173 gimnazijoje randa sau malon\u0173 u\u017esi\u0117mim\u0105<\/span><\/h3>\n<p><strong>Sporto u\u017esi\u0117mim\u0173 vadovas: <\/strong>fizinio ugdymo\u00a0mokytojas Genadij Ravdo<\/p>\n<p><strong>U\u017esi\u0117mimai vyksta:<\/strong> antradien\u012f,\u00a0 ketvirtadien\u012f, penktadien\u012f<\/p>\n<p>Mokiniai noriai dalyvauja \u012fvairiuose projektuose, sporto var\u017eybose ir u\u017e gimnazijos rib\u0173.<\/p>\n<p><a href=\"https:\/\/www.slovackio.vilniausr.lm.lt\/wp-content\/uploads\/2016\/05\/DSC_0327-.jpg\" rel=\"attachment wp-att-10348\" rel=\"lightbox[8048]\"><img loading=\"lazy\" decoding=\"async\" class=\"size-thumbnail wp-image-10348 alignleft\" src=\"https:\/\/www.slovackio.vilniausr.lm.lt\/wp-content\/uploads\/2016\/05\/DSC_0327--150x150.jpg\" alt=\"DSC_0327 []\" width=\"150\" height=\"150\" srcset=\"https:\/\/www.slovackio.vilniausr.lm.lt\/wp-content\/uploads\/2016\/05\/DSC_0327--150x150.jpg 150w, https:\/\/www.slovackio.vilniausr.lm.lt\/wp-content\/uploads\/2016\/05\/DSC_0327--90x90.jpg 90w, https:\/\/www.slovackio.vilniausr.lm.lt\/wp-content\/uploads\/2016\/05\/DSC_0327--75x75.jpg 75w\" sizes=\"auto, (max-width: 150px) 100vw, 150px\" \/><\/a><\/p>\n<p><a href=\"https:\/\/www.slovackio.vilniausr.lm.lt\/wp-content\/uploads\/2016\/05\/DSC_0323-.jpg\" rel=\"attachment wp-att-10350\" rel=\"lightbox[8048]\"><img loading=\"lazy\" decoding=\"async\" class=\"size-thumbnail wp-image-10350 alignleft\" src=\"https:\/\/www.slovackio.vilniausr.lm.lt\/wp-content\/uploads\/2016\/05\/DSC_0323--150x150.jpg\" alt=\"DSC_0323 []\" width=\"150\" height=\"150\" srcset=\"https:\/\/www.slovackio.vilniausr.lm.lt\/wp-content\/uploads\/2016\/05\/DSC_0323--150x150.jpg 150w, https:\/\/www.slovackio.vilniausr.lm.lt\/wp-content\/uploads\/2016\/05\/DSC_0323--90x90.jpg 90w, https:\/\/www.slovackio.vilniausr.lm.lt\/wp-content\/uploads\/2016\/05\/DSC_0323--75x75.jpg 75w\" sizes=\"auto, (max-width: 150px) 100vw, 150px\" \/><\/a><\/p>\n<p style=\"text-align: center;\"><a href=\"https:\/\/www.slovackio.vilniausr.lm.lt\/wp-content\/uploads\/2015\/03\/11097346_888853921179194_1100615589_o.jpg\" rel=\"lightbox[8048]\"><img loading=\"lazy\" decoding=\"async\" class=\"size-thumbnail wp-image-8065 alignleft\" title=\"11097346_888853921179194_1100615589_o\" src=\"https:\/\/www.slovackio.vilniausr.lm.lt\/wp-content\/uploads\/2015\/03\/11097346_888853921179194_1100615589_o-150x150.jpg\" alt=\"\" width=\"150\" height=\"150\" \/><\/a><a href=\"https:\/\/www.slovackio.vilniausr.lm.lt\/wp-content\/uploads\/2015\/03\/11087083_888854187845834_1396379594_o.jpg\" rel=\"lightbox[8048]\"><img loading=\"lazy\" decoding=\"async\" class=\"size-thumbnail wp-image-8060 alignleft\" title=\"11087083_888854187845834_1396379594_o\" src=\"https:\/\/www.slovackio.vilniausr.lm.lt\/wp-content\/uploads\/2015\/03\/11087083_888854187845834_1396379594_o-150x150.jpg\" alt=\"\" width=\"150\" height=\"150\" \/><\/a><a href=\"https:\/\/www.slovackio.vilniausr.lm.lt\/wp-content\/uploads\/2015\/03\/11086573_888855797845673_1774532218_o1.jpg\" rel=\"lightbox[8048]\"><img loading=\"lazy\" decoding=\"async\" class=\"size-thumbnail wp-image-8059 alignleft\" title=\"11086573_888855797845673_1774532218_o\" src=\"https:\/\/www.slovackio.vilniausr.lm.lt\/wp-content\/uploads\/2015\/03\/11086573_888855797845673_1774532218_o1-150x150.jpg\" alt=\"\" width=\"150\" height=\"150\" \/><\/a><a href=\"https:\/\/www.slovackio.vilniausr.lm.lt\/wp-content\/uploads\/2015\/03\/11032422_888854024512517_1144140574_o.jpg\" rel=\"lightbox[8048]\"><img loading=\"lazy\" decoding=\"async\" class=\"size-thumbnail wp-image-8068 alignleft\" title=\"11032422_888854024512517_1144140574_o\" src=\"https:\/\/www.slovackio.vilniausr.lm.lt\/wp-content\/uploads\/2015\/03\/11032422_888854024512517_1144140574_o-150x150.jpg\" alt=\"\" width=\"150\" height=\"150\" \/><\/a><a href=\"https:\/\/www.slovackio.vilniausr.lm.lt\/wp-content\/uploads\/2015\/03\/11065062_888853717845881_1847352077_o.jpg\" rel=\"lightbox[8048]\"><img loading=\"lazy\" decoding=\"async\" class=\"size-thumbnail wp-image-8057 alignleft\" title=\"11065062_888853717845881_1847352077_o\" src=\"https:\/\/www.slovackio.vilniausr.lm.lt\/wp-content\/uploads\/2015\/03\/11065062_888853717845881_1847352077_o-150x150.jpg\" alt=\"\" width=\"150\" height=\"150\" \/><\/a><a href=\"https:\/\/www.slovackio.vilniausr.lm.lt\/wp-content\/uploads\/2016\/05\/DSC_0302-1.jpg\" rel=\"attachment wp-att-10344\" rel=\"lightbox[8048]\"><img loading=\"lazy\" decoding=\"async\" class=\"size-thumbnail wp-image-10344 alignleft\" src=\"https:\/\/www.slovackio.vilniausr.lm.lt\/wp-content\/uploads\/2016\/05\/DSC_0302-1-150x150.jpg\" alt=\"DSC_0302 [] (1)\" width=\"150\" height=\"150\" srcset=\"https:\/\/www.slovackio.vilniausr.lm.lt\/wp-content\/uploads\/2016\/05\/DSC_0302-1-150x150.jpg 150w, https:\/\/www.slovackio.vilniausr.lm.lt\/wp-content\/uploads\/2016\/05\/DSC_0302-1-90x90.jpg 90w, https:\/\/www.slovackio.vilniausr.lm.lt\/wp-content\/uploads\/2016\/05\/DSC_0302-1-75x75.jpg 75w\" sizes=\"auto, (max-width: 150px) 100vw, 150px\" \/><\/a><\/p>\n<p style=\"text-align: center;\"><a href=\"https:\/\/www.slovackio.vilniausr.lm.lt\/wp-content\/uploads\/2015\/03\/11103621_888854911179095_2054000695_o.jpg\" rel=\"lightbox[8048]\"><img loading=\"lazy\" decoding=\"async\" class=\"size-thumbnail wp-image-8050 alignleft\" title=\"11103621_888854911179095_2054000695_o\" src=\"https:\/\/www.slovackio.vilniausr.lm.lt\/wp-content\/uploads\/2015\/03\/11103621_888854911179095_2054000695_o-150x150.jpg\" alt=\"\" width=\"150\" height=\"150\" \/><\/a><a href=\"https:\/\/www.slovackio.vilniausr.lm.lt\/wp-content\/uploads\/2015\/03\/11093162_888855617845691_187454668_o.jpg\" rel=\"lightbox[8048]\"><img loading=\"lazy\" decoding=\"async\" class=\"size-thumbnail wp-image-8049 alignleft\" title=\"11093162_888855617845691_187454668_o\" src=\"https:\/\/www.slovackio.vilniausr.lm.lt\/wp-content\/uploads\/2015\/03\/11093162_888855617845691_187454668_o-150x150.jpg\" alt=\"\" width=\"150\" height=\"150\" \/><\/a><a href=\"https:\/\/www.slovackio.vilniausr.lm.lt\/wp-content\/uploads\/2015\/03\/11069970_888855771179009_634375281_o.jpg\" rel=\"lightbox[8048]\"><img loading=\"lazy\" decoding=\"async\" class=\"size-thumbnail wp-image-8051 alignleft\" title=\"11069970_888855771179009_634375281_o\" src=\"https:\/\/www.slovackio.vilniausr.lm.lt\/wp-content\/uploads\/2015\/03\/11069970_888855771179009_634375281_o-150x150.jpg\" alt=\"\" width=\"150\" height=\"150\" \/><\/a><\/p>\n<p><a href=\"https:\/\/www.slovackio.vilniausr.lm.lt\/wp-content\/uploads\/2016\/03\/mecz.jpg\" rel=\"attachment wp-att-10048\" rel=\"lightbox[8048]\"><img loading=\"lazy\" decoding=\"async\" class=\"size-thumbnail wp-image-10048 alignleft\" src=\"https:\/\/www.slovackio.vilniausr.lm.lt\/wp-content\/uploads\/2016\/03\/mecz-150x150.jpg\" alt=\"mecz\" width=\"150\" height=\"150\" \/><\/a> <a href=\"https:\/\/www.slovackio.vilniausr.lm.lt\/wp-content\/uploads\/2016\/03\/turniej.jpg\" rel=\"attachment wp-att-10046\" rel=\"lightbox[8048]\"><img loading=\"lazy\" decoding=\"async\" class=\"size-thumbnail wp-image-10046 alignleft\" src=\"https:\/\/www.slovackio.vilniausr.lm.lt\/wp-content\/uploads\/2016\/03\/turniej-150x150.jpg\" alt=\"turniej\" width=\"150\" height=\"150\" \/><\/a> <a href=\"https:\/\/www.slovackio.vilniausr.lm.lt\/wp-content\/uploads\/2016\/03\/Polska-1.jpg\" rel=\"attachment wp-att-10045\" rel=\"lightbox[8048]\"><img loading=\"lazy\" decoding=\"async\" class=\"size-thumbnail wp-image-10045 alignleft\" src=\"https:\/\/www.slovackio.vilniausr.lm.lt\/wp-content\/uploads\/2016\/03\/Polska-1-150x150.jpg\" alt=\"Polska\" width=\"150\" height=\"150\" \/><\/a><a href=\"https:\/\/www.slovackio.vilniausr.lm.lt\/wp-content\/uploads\/2015\/07\/IMG_70491.jpg\" rel=\"attachment wp-att-8712\" rel=\"lightbox[8048]\"><br \/>\n<img loading=\"lazy\" decoding=\"async\" class=\"size-thumbnail wp-image-8712 alignleft\" src=\"https:\/\/www.slovackio.vilniausr.lm.lt\/wp-content\/uploads\/2015\/07\/IMG_70491-150x150.jpg\" alt=\"IMG_7049\" width=\"150\" height=\"150\" \/><\/a> <a href=\"https:\/\/www.slovackio.vilniausr.lm.lt\/wp-content\/uploads\/2015\/07\/IMG_7044.jpg\" rel=\"attachment wp-att-8711\" rel=\"lightbox[8048]\"><img loading=\"lazy\" decoding=\"async\" class=\"size-thumbnail wp-image-8711 alignleft\" src=\"https:\/\/www.slovackio.vilniausr.lm.lt\/wp-content\/uploads\/2015\/07\/IMG_7044-150x150.jpg\" alt=\"IMG_7044\" width=\"150\" height=\"150\" \/><\/a><\/p>","protected":false},"excerpt":{"rendered":"<p>Po pamok\u0173 kiekvienas mokinys m\u016bs\u0173 gimnazijoje randa sau malon\u0173 u\u017esi\u0117mim\u0105 Sporto u\u017esi\u0117mim\u0173 vadovas: fizinio ugdymo\u00a0mokytojas Genadij Ravdo U\u017esi\u0117mimai vyksta: antradien\u012f,\u00a0 ketvirtadien\u012f, penktadien\u012f Mokiniai noriai dalyvauja \u012fvairiuose projektuose, sporto var\u017eybose ir u\u017e gimnazijos rib\u0173.<\/p>\n","protected":false},"author":1,"featured_media":0,"parent":3747,"menu_order":5,"comment_status":"closed","ping_status":"closed","template":"","meta":{"footnotes":""},"class_list":["post-8048","page","type-page","status-publish","hentry"],"jetpack_sharing_enabled":true,"_links":{"self":[{"href":"https:\/\/www.slovackio.vilniausr.lm.lt\/index.php?rest_route=\/wp\/v2\/pages\/8048","targetHints":{"allow":["GET"]}}],"collection":[{"href":"https:\/\/www.slovackio.vilniausr.lm.lt\/index.php?rest_route=\/wp\/v2\/pages"}],"about":[{"href":"https:\/\/www.slovackio.vilniausr.lm.lt\/index.php?rest_route=\/wp\/v2\/types\/page"}],"author":[{"embeddable":true,"href":"https:\/\/www.slovackio.vilniausr.lm.lt\/index.php?rest_route=\/wp\/v2\/users\/1"}],"replies":[{"embeddable":true,"href":"https:\/\/www.slovackio.vilniausr.lm.lt\/index.php?rest_route=%2Fwp%2Fv2%2Fcomments&post=8048"}],"version-history":[{"count":36,"href":"https:\/\/www.slovackio.vilniausr.lm.lt\/index.php?rest_route=\/wp\/v2\/pages\/8048\/revisions"}],"predecessor-version":[{"id":30596,"href":"https:\/\/www.slovackio.vilniausr.lm.lt\/index.php?rest_route=\/wp\/v2\/pages\/8048\/revisions\/30596"}],"up":[{"embeddable":true,"href":"https:\/\/www.slovackio.vilniausr.lm.lt\/index.php?rest_route=\/wp\/v2\/pages\/3747"}],"wp:attachment":[{"href":"https:\/\/www.slovackio.vilniausr.lm.lt\/index.php?rest_route=%2Fwp%2Fv2%2Fmedia&parent=8048"}],"curies":[{"name":"wp","href":"https:\/\/api.w.org\/{rel}","templated":true}]}}