{"id":7842,"date":"2015-03-23T23:01:36","date_gmt":"2015-03-23T21:01:36","guid":{"rendered":"http:\/\/www.slovackio.vilniausr.lm.lt\/?page_id=7842"},"modified":"2024-10-15T18:20:35","modified_gmt":"2024-10-15T16:20:35","slug":"vidurinis-ugdymas","status":"publish","type":"page","link":"https:\/\/www.slovackio.vilniausr.lm.lt\/?page_id=7842","title":{"rendered":"Vidurinis ugdymas"},"content":{"rendered":"<p><span style=\"color: #000080;\"><strong>Vidurinio ugdymo paskirtis<\/strong> <\/span>\u2013 pad\u0117ti asmeniui \u012fgyti bendr\u0105j\u012f dalykin\u012f, sociokult\u016brin\u012f, technologin\u012f ra\u0161tingum\u0105, dorin\u0119, tautin\u0119 ir pilietin\u0119 brand\u0105, profesin\u0117s kompetencijos pradmenis.<\/p>\n<p>Vidurinio ugdymo programa gimnazijoje \u012fgyvendinama remiantis Vidurinio ugdymo bendrosiomis programomis:<\/p>\n<p><span style=\"color: #000080;\"> <a style=\"color: #000080;\" href=\"https:\/\/www.e-tar.lt\/portal\/lt\/legalAct\/1a764050239511edb4cae1b158f98ea5\">https:\/\/www.e-tar.lt\/portal\/lt\/legalAct\/1a764050239511edb4cae1b158f98ea5<\/a><\/span><\/p>\n<p>Daugiau informacijos apie vidurin\u012f ugdym\u0105 Vilniaus rajono savivaldyb\u0117s interneto svetain\u0117je:<\/p>\n<p><span style=\"color: #000080;\"> <a style=\"color: #000080;\" href=\"https:\/\/www.vrsa.lt\/svietimas\/bendrasis-ir-neformalusis-ugdymas\/bendrasis-ugdymas\/930\">https:\/\/www.vrsa.lt\/svietimas\/bendrasis-ir-neformalusis-ugdymas\/bendrasis-ugdymas\/930<\/a><\/span> bei \u0160vietimo, mokslo ir sporto ministerijos interneto svetain\u0117je: <span style=\"color: #000080;\"><a style=\"color: #000080;\" href=\"https:\/\/smsm.lrv.lt\/lt\/veiklos-sritys-1\/smm-svietimas\/svietimas-vidurinis-ugdymas\">https:\/\/smsm.lrv.lt\/lt\/veiklos-sritys-1\/smm-svietimas\/svietimas-vidurinis-ugdymas<\/a><\/span><\/p>\n<p align=\"justify\">\n<p><\/p>","protected":false},"excerpt":{"rendered":"<p>Vidurinio ugdymo paskirtis \u2013 pad\u0117ti asmeniui \u012fgyti bendr\u0105j\u012f dalykin\u012f, sociokult\u016brin\u012f, technologin\u012f ra\u0161tingum\u0105, dorin\u0119, tautin\u0119 ir pilietin\u0119 brand\u0105, profesin\u0117s kompetencijos pradmenis. Vidurinio ugdymo programa gimnazijoje \u012fgyvendinama remiantis Vidurinio ugdymo bendrosiomis programomis: https:\/\/www.e-tar.lt\/portal\/lt\/legalAct\/1a764050239511edb4cae1b158f98ea5 Daugiau informacijos apie vidurin\u012f ugdym\u0105 Vilniaus rajono savivaldyb\u0117s interneto svetain\u0117je: https:\/\/www.vrsa.lt\/svietimas\/bendrasis-ir-neformalusis-ugdymas\/bendrasis-ugdymas\/930 bei \u0160vietimo, mokslo ir sporto ministerijos interneto svetain\u0117je: https:\/\/smsm.lrv.lt\/lt\/veiklos-sritys-1\/smm-svietimas\/svietimas-vidurinis-ugdymas<\/p>\n","protected":false},"author":1,"featured_media":0,"parent":108,"menu_order":5,"comment_status":"closed","ping_status":"closed","template":"","meta":{"footnotes":""},"class_list":["post-7842","page","type-page","status-publish","hentry"],"jetpack_sharing_enabled":true,"_links":{"self":[{"href":"https:\/\/www.slovackio.vilniausr.lm.lt\/index.php?rest_route=\/wp\/v2\/pages\/7842","targetHints":{"allow":["GET"]}}],"collection":[{"href":"https:\/\/www.slovackio.vilniausr.lm.lt\/index.php?rest_route=\/wp\/v2\/pages"}],"about":[{"href":"https:\/\/www.slovackio.vilniausr.lm.lt\/index.php?rest_route=\/wp\/v2\/types\/page"}],"author":[{"embeddable":true,"href":"https:\/\/www.slovackio.vilniausr.lm.lt\/index.php?rest_route=\/wp\/v2\/users\/1"}],"replies":[{"embeddable":true,"href":"https:\/\/www.slovackio.vilniausr.lm.lt\/index.php?rest_route=%2Fwp%2Fv2%2Fcomments&post=7842"}],"version-history":[{"count":53,"href":"https:\/\/www.slovackio.vilniausr.lm.lt\/index.php?rest_route=\/wp\/v2\/pages\/7842\/revisions"}],"predecessor-version":[{"id":30588,"href":"https:\/\/www.slovackio.vilniausr.lm.lt\/index.php?rest_route=\/wp\/v2\/pages\/7842\/revisions\/30588"}],"up":[{"embeddable":true,"href":"https:\/\/www.slovackio.vilniausr.lm.lt\/index.php?rest_route=\/wp\/v2\/pages\/108"}],"wp:attachment":[{"href":"https:\/\/www.slovackio.vilniausr.lm.lt\/index.php?rest_route=%2Fwp%2Fv2%2Fmedia&parent=7842"}],"curies":[{"name":"wp","href":"https:\/\/api.w.org\/{rel}","templated":true}]}}