{"id":7838,"date":"2015-03-23T22:59:46","date_gmt":"2015-03-23T20:59:46","guid":{"rendered":"http:\/\/www.slovackio.vilniausr.lm.lt\/?page_id=7838"},"modified":"2023-10-01T08:45:15","modified_gmt":"2023-10-01T06:45:15","slug":"pagrindinis-ugdymas","status":"publish","type":"page","link":"https:\/\/www.slovackio.vilniausr.lm.lt\/?page_id=7838","title":{"rendered":"Pagrindinis ugdymas"},"content":{"rendered":"<p><\/p>\n<p style=\"text-align: justify;\"><span style=\"color: #000080;\"><strong>Pagrindinio ugdymo paskirtis<\/strong><\/span> \u2013 suteikti asmeniui dorin\u0117s, sociokult\u016brin\u0117s ir pilietin\u0117s brandos pagrindus, bendr\u0105j\u012f ra\u0161tingum\u0105, technologinio ra\u0161tingumo pradmenis, ugdyti tautin\u012f s\u0105moningum\u0105, i\u0161ugdyti siekim\u0105 ir geb\u0117jim\u0105 apsispr\u0119sti, pasirinkti ir mokytis toliau.<\/p>\n<p><span style=\"font-size: 0.95em;\">Pagrindinio ugdymo programa gimnazijoje \/ mokykloje \u012fgyvendinama remiantis Pagrindinio ugdymo bendrosiomis programomis:<\/span><\/p>\n<p><span style=\"color: #000080;\"> <a style=\"color: #000080;\" href=\"https:\/\/www.e-tar.lt\/portal\/lt\/legalAct\/1a764050239511edb4cae1b158f98ea5\">https:\/\/www.e-tar.lt\/portal\/lt\/legalAct\/1a764050239511edb4cae1b158f98ea5<\/a><\/span><\/p>\n<p>Daugiau informacijos apie pagrindin\u012f ugdym\u0105 Vilniaus rajono savivaldyb\u0117s interneto svetain\u0117je:<\/p>\n<p><span style=\"color: #000080;\"> <a style=\"color: #000080;\" href=\"https:\/\/www.vrsa.lt\/svietimas\/bendrasis-ir-neformalusis-ugdymas\/bendrasis-ugdymas\/930\">https:\/\/www.vrsa.lt\/svietimas\/bendrasis-ir-neformalusis-ugdymas\/bendrasis-ugdymas\/930<\/a><\/span> bei \u0160vietimo, mokslo ir sporto ministerijos interneto svetain\u0117je <span style=\"color: #000080;\"><a style=\"color: #000080;\" href=\"https:\/\/smsm.lrv.lt\/lt\/veiklos-sritys-1\/smm-svietimas\/svietimas-pagrindinis-ugdymas\">https:\/\/smsm.lrv.lt\/lt\/veiklos-sritys-1\/smm-svietimas\/svietimas-pagrindinis-ugdymas<\/a><\/span><\/p>","protected":false},"excerpt":{"rendered":"<p>Pagrindinio ugdymo paskirtis \u2013 suteikti asmeniui dorin\u0117s, sociokult\u016brin\u0117s ir pilietin\u0117s brandos pagrindus, bendr\u0105j\u012f ra\u0161tingum\u0105, technologinio ra\u0161tingumo pradmenis, ugdyti tautin\u012f s\u0105moningum\u0105, i\u0161ugdyti siekim\u0105 ir geb\u0117jim\u0105 apsispr\u0119sti, pasirinkti ir mokytis toliau. Pagrindinio ugdymo programa gimnazijoje \/ mokykloje \u012fgyvendinama remiantis Pagrindinio ugdymo bendrosiomis programomis: https:\/\/www.e-tar.lt\/portal\/lt\/legalAct\/1a764050239511edb4cae1b158f98ea5 Daugiau informacijos apie pagrindin\u012f ugdym\u0105 Vilniaus rajono savivaldyb\u0117s interneto svetain\u0117je: https:\/\/www.vrsa.lt\/svietimas\/bendrasis-ir-neformalusis-ugdymas\/bendrasis-ugdymas\/930 bei \u0160vietimo, mokslo ir sporto ministerijos interneto<\/p>\n","protected":false},"author":1,"featured_media":0,"parent":108,"menu_order":4,"comment_status":"closed","ping_status":"closed","template":"","meta":{"footnotes":""},"class_list":["post-7838","page","type-page","status-publish","hentry"],"jetpack_sharing_enabled":true,"_links":{"self":[{"href":"https:\/\/www.slovackio.vilniausr.lm.lt\/index.php?rest_route=\/wp\/v2\/pages\/7838","targetHints":{"allow":["GET"]}}],"collection":[{"href":"https:\/\/www.slovackio.vilniausr.lm.lt\/index.php?rest_route=\/wp\/v2\/pages"}],"about":[{"href":"https:\/\/www.slovackio.vilniausr.lm.lt\/index.php?rest_route=\/wp\/v2\/types\/page"}],"author":[{"embeddable":true,"href":"https:\/\/www.slovackio.vilniausr.lm.lt\/index.php?rest_route=\/wp\/v2\/users\/1"}],"replies":[{"embeddable":true,"href":"https:\/\/www.slovackio.vilniausr.lm.lt\/index.php?rest_route=%2Fwp%2Fv2%2Fcomments&post=7838"}],"version-history":[{"count":43,"href":"https:\/\/www.slovackio.vilniausr.lm.lt\/index.php?rest_route=\/wp\/v2\/pages\/7838\/revisions"}],"predecessor-version":[{"id":27787,"href":"https:\/\/www.slovackio.vilniausr.lm.lt\/index.php?rest_route=\/wp\/v2\/pages\/7838\/revisions\/27787"}],"up":[{"embeddable":true,"href":"https:\/\/www.slovackio.vilniausr.lm.lt\/index.php?rest_route=\/wp\/v2\/pages\/108"}],"wp:attachment":[{"href":"https:\/\/www.slovackio.vilniausr.lm.lt\/index.php?rest_route=%2Fwp%2Fv2%2Fmedia&parent=7838"}],"curies":[{"name":"wp","href":"https:\/\/api.w.org\/{rel}","templated":true}]}}