{"id":7818,"date":"2015-03-28T09:03:42","date_gmt":"2015-03-28T07:03:42","guid":{"rendered":"http:\/\/www.slovackio.vilniausr.lm.lt\/?page_id=7818"},"modified":"2026-02-13T11:04:43","modified_gmt":"2026-02-13T09:04:43","slug":"mokyklos-veiklos-isivertinimo-rezultatai","status":"publish","type":"page","link":"https:\/\/www.slovackio.vilniausr.lm.lt\/?page_id=7818","title":{"rendered":"Direktoriaus veiklos ataskaitos"},"content":{"rendered":"<p><strong><span style=\"color: #000080;\"><a style=\"color: #000080;\" href=\"https:\/\/www.slovackio.vilniausr.lm.lt\/wp-content\/uploads\/2025-metu-ataskaita.pdf\">Direktor\u0117s 2025 met\u0173 veiklos ataskaita<\/a><\/span><\/strong><\/p>\n<p><span style=\"color: #000080;\"><strong><a style=\"color: #000080;\" href=\"https:\/\/www.slovackio.vilniausr.lm.lt\/wp-content\/uploads\/Direktores-metu-veiklos-ataskaita.pdf\">Direktor\u0117s 2024 met\u0173 veiklos ataskaita<\/a><\/strong><\/span><\/p>\n<p><a href=\"https:\/\/www.slovackio.vilniausr.lm.lt\/wp-content\/uploads\/Direktores-2023-metu-ataskaita.pdf\"><span style=\"color: #000080;\"><strong>Direktor\u0117s 2023 met\u0173 veiklos ataskaita<\/strong><\/span><\/a><\/p>\n<p><span style=\"color: #000080;\"><strong><a style=\"color: #000080;\" href=\"https:\/\/www.slovackio.vilniausr.lm.lt\/wp-content\/uploads\/Direktores-2022-metu-veiklos-ataskaita.pdf\">Direktor\u0117s 2022 met\u0173 veiklos ataskaita<\/a><\/strong><\/span><\/p>\n<p><span style=\"color: #000080;\"><strong><a style=\"color: #000080;\" href=\"https:\/\/www.slovackio.vilniausr.lm.lt\/wp-content\/uploads\/Direktores-2021-metu-ataskaita.pdf\"><span style=\"color: #000080;\">Direktor\u0117s 2021 met\u0173 veiklos ataskait<\/span>a<\/a><\/strong><\/span><\/p>\n<p><span style=\"color: #000080;\"><strong><a style=\"color: #000080;\" href=\"https:\/\/www.slovackio.vilniausr.lm.lt\/wp-content\/uploads\/2020-metu-veiklos-ataskaita.pdf\">Direktor\u0117s 2020 met\u0173 veiklos ataskaita<\/a><\/strong><\/span><\/p>\n<p><strong><span style=\"color: #000080;\"><a style=\"color: #000080;\" href=\"https:\/\/www.slovackio.vilniausr.lm.lt\/wp-content\/uploads\/2019-metu-veiklos-ataskaita-Bezdonys-1.docx\">Direktor\u0117s 2019 met\u0173 veiklos ataskaita <\/a><\/span><\/strong><\/p>\n<p><strong><span style=\"color: #000080;\"><a style=\"color: #000080;\" href=\"https:\/\/www.slovackio.vilniausr.lm.lt\/wp-content\/uploads\/2018-metu-veiklos-ataskaita-Bezdonys-Kopija.docx\">Direktor\u0117s 2018 met\u0173 veiklos ataskaita<\/a><\/span><\/strong><\/p>\n<p><span style=\"color: #000080;\"><strong><a style=\"color: #000080;\" href=\"https:\/\/www.slovackio.vilniausr.lm.lt\/wp-content\/uploads\/2018\/04\/Direktor\u0117s-2017-met\u0173-veiklos-ataskaita.docx\">Direktor\u0117s 2017 met\u0173 veiklos ataskaita<\/a><\/strong><\/span><\/p>\n<p><strong><span style=\"color: #000080;\"><a style=\"color: #000080;\" href=\"https:\/\/www.slovackio.vilniausr.lm.lt\/wp-content\/uploads\/2015\/03\/Veiklos-ataskaita.docx\">Direktor\u0117s 2016 met\u0173 veiklos ataskaita<\/a><\/span><\/strong><\/p>\n<p><span style=\"color: #000080;\"><strong><a style=\"color: #000080;\" href=\"https:\/\/www.slovackio.vilniausr.lm.lt\/wp-content\/uploads\/2015\/03\/Direktor\u0117s-veiklos-ataskaita-u\u017e-2015.docx\">Direktor\u0117s 2015 met\u0173 veiklos ataskaita<\/a><\/strong><\/span><\/p>\n<p><strong><span style=\"color: #000080;\"><a style=\"color: #000080;\" href=\"https:\/\/www.slovackio.vilniausr.lm.lt\/wp-content\/uploads\/2015\/03\/2014-METU-ATASKAITA.docx\">Direktor\u0117s 2014 met\u0173 veiklos ataskaita<\/a><\/span><\/strong><\/p>\n<p>&nbsp;<\/p>\n<p>&nbsp;<\/p>\n<p>&nbsp;<\/p>","protected":false},"excerpt":{"rendered":"<p>Direktor\u0117s 2025 met\u0173 veiklos ataskaita Direktor\u0117s 2024 met\u0173 veiklos ataskaita Direktor\u0117s 2023 met\u0173 veiklos ataskaita Direktor\u0117s 2022 met\u0173 veiklos ataskaita Direktor\u0117s 2021 met\u0173 veiklos ataskaita Direktor\u0117s 2020 met\u0173 veiklos ataskaita Direktor\u0117s 2019 met\u0173 veiklos ataskaita Direktor\u0117s 2018 met\u0173 veiklos ataskaita Direktor\u0117s 2017 met\u0173 veiklos ataskaita Direktor\u0117s 2016 met\u0173 veiklos ataskaita Direktor\u0117s 2015 met\u0173 veiklos ataskaita Direktor\u0117s 2014 met\u0173 veiklos ataskaita<\/p>\n","protected":false},"author":1,"featured_media":0,"parent":152,"menu_order":1,"comment_status":"closed","ping_status":"closed","template":"","meta":{"footnotes":""},"class_list":["post-7818","page","type-page","status-publish","hentry"],"jetpack_sharing_enabled":true,"_links":{"self":[{"href":"https:\/\/www.slovackio.vilniausr.lm.lt\/index.php?rest_route=\/wp\/v2\/pages\/7818","targetHints":{"allow":["GET"]}}],"collection":[{"href":"https:\/\/www.slovackio.vilniausr.lm.lt\/index.php?rest_route=\/wp\/v2\/pages"}],"about":[{"href":"https:\/\/www.slovackio.vilniausr.lm.lt\/index.php?rest_route=\/wp\/v2\/types\/page"}],"author":[{"embeddable":true,"href":"https:\/\/www.slovackio.vilniausr.lm.lt\/index.php?rest_route=\/wp\/v2\/users\/1"}],"replies":[{"embeddable":true,"href":"https:\/\/www.slovackio.vilniausr.lm.lt\/index.php?rest_route=%2Fwp%2Fv2%2Fcomments&post=7818"}],"version-history":[{"count":83,"href":"https:\/\/www.slovackio.vilniausr.lm.lt\/index.php?rest_route=\/wp\/v2\/pages\/7818\/revisions"}],"predecessor-version":[{"id":34674,"href":"https:\/\/www.slovackio.vilniausr.lm.lt\/index.php?rest_route=\/wp\/v2\/pages\/7818\/revisions\/34674"}],"up":[{"embeddable":true,"href":"https:\/\/www.slovackio.vilniausr.lm.lt\/index.php?rest_route=\/wp\/v2\/pages\/152"}],"wp:attachment":[{"href":"https:\/\/www.slovackio.vilniausr.lm.lt\/index.php?rest_route=%2Fwp%2Fv2%2Fmedia&parent=7818"}],"curies":[{"name":"wp","href":"https:\/\/api.w.org\/{rel}","templated":true}]}}