{"id":6511,"date":"2014-10-27T09:17:41","date_gmt":"2014-10-27T07:17:41","guid":{"rendered":"http:\/\/www.slovackio.vilniausr.lm.lt\/?page_id=6511"},"modified":"2023-05-22T16:20:39","modified_gmt":"2023-05-22T14:20:39","slug":"dramos-burelis-skrzat-5-10-klasiu-mokiniams","status":"publish","type":"page","link":"https:\/\/www.slovackio.vilniausr.lm.lt\/?page_id=6511","title":{"rendered":"Dramos b\u016brelis &#8222;Skrzat&#8221;"},"content":{"rendered":"<p><\/p>\n<p style=\"text-align: justify;\"><span style=\"color: #111111; font-size: 0.95em; line-height: 1.6em;\">Dramos b\u016brelio \u201eSkrzat\u201c veikla prasid\u0117jo 1998 metais. B\u016brelis skirtas 5-IIG klasi\u0173 mokiniams. B\u016brelio tikslas &#8211; turiningai praleisti laik\u0105 ir pajusti k\u016brybinio darbo proceso malonum\u0105. Sceniniai \u017eaidimai, improvizacijos, pantomimos elementai, rai\u0161kus skaitymas, vaidyba ir kt. sudaro s\u0105lygas vaik\u0173 savirai\u0161kai.<\/span><strong style=\"color: #111111; font-size: 0.95em; line-height: 1.6em;\">&nbsp;<\/strong><span style=\"color: #111111; font-size: 0.95em; line-height: 1.6em;\">B\u016brelio nariai visada dalyvauja mokyklos renginiuose,<\/span><strong style=\"color: #111111; font-size: 0.95em; line-height: 1.6em;\">&nbsp;<\/strong><span style=\"color: #111111; font-size: 0.95em; line-height: 1.6em;\">&nbsp;teatr\u0173 festivaliuose, kuriuos organizuoja&nbsp;&nbsp;<\/span>Lietuvos Lenk\u0173 Mokykl\u0173 mokytoj\u0173 draugija \u201eMacierz Szkolna\u201c.<em style=\"color: #111111; font-size: 0.95em; line-height: 1.6em;\">&nbsp;<\/em><span style=\"color: #111111; font-size: 0.95em; line-height: 1.6em;\">2013 m. dalyvavo VIII teatr\u0173 festivalyje Vloclaveko mieste (Lenkija).<\/span><\/p>\n<p><strong>B\u016brelio repertuaras<\/strong><strong>:<\/strong><\/p>\n<address>1999 m. \u2013\u201eBalladyna\u201c<\/address>\n<address>2000 m. -\u201eCzerwone kapturki\u201c<\/address>\n<address>2001 m.-\u201eSen Martynki\u201c<\/address>\n<address>2002 m. -\u201eKr\u00f3lowa Sniegu\u201c<\/address>\n<address>2003 m. -\u201eNie ma tego z\u0142ego\u201d<\/address>\n<address>2004 m. \u2013\u201eLokomotywa\u201c,\u201cHistoria \u015bwi\u0119tegoMiko\u0142aja\u201c<\/address>\n<address>2005 m. \u2013\u201eDiabe\u0142ki\u201c<\/address>\n<address>2006 m. \u2013 \u201eSzewczyk Dratewka\u201c<\/address>\n<address>2007 m. \u2013 \u201eJa\u015b i Ma\u0142gosia\u201d<\/address>\n<address>2008 m. &#8211; \u201eCalineczka\u201d<\/address>\n<address>2009 m.- \u201eBalladyna\u201d<\/address>\n<address>2010 m. \u2013 \u201eOpowie\u015b\u0107 wigilijna\u201d<\/address>\n<address>2011 m. &#8211; \u201eJak wygin\u0119li kr\u00f3lewicze\u201d<\/address>\n<address>2012 m. &#8211; \u201eAksamitka,czyli zakochany pajac\u201d<\/address>\n<address>2013 m. \u2013\u201eBrzydkie kacz\u0105tko\u201d<\/address>\n<address>2014 m. -\u201eJest taki kwiat\u201c, \u201eCalineczka\u201c<\/address>\n<address>\n<address>2015 m. &#8211; &#8222;Kot w butach&#8221;<\/address>\n<address>2016 m. &#8211; &#8222;Jacek i Placek&#8221;,<span style=\"color: #000000;\"> &#8222;Szukam \u017cony&#8221;, &#8222;Czerwony kapturek&#8221;<\/span><\/address>\n<address>2023 m. &#8211; &#8222;W\u0142os&#8221;.<\/address>\n<\/address>\n<p><span style=\"color: #008000;\"><em>Vadov\u0117 &#8211; lenk\u0173 kalbos mokytoja metodinink\u0117 Edyta Klimaszewska<\/em><\/span><\/p>\n<p><strong><span style=\"color: #800000;\"><em>U\u017esi\u0117mimai vyksta: ketvirtadieniais, antradieniais 14.00 &#8211; 14.45 val.<\/em><\/span><\/strong><\/p>\n<p><strong><span style=\"color: #000080;\">Vaidinimo &#8222;Brzydkie Kacz\u0105tko&#8221; \u012fra\u0161\u0105 galima pamatyti <span style=\"text-decoration: underline;\">\u010dia<\/span><\/span><\/strong><\/p>\n<p><a href=\"https:\/\/www.slovackio.vilniausr.lm.lt\/wp-content\/uploads\/2016\/05\/IMG_1274.jpg\" rel=\"attachment wp-att-10310\" rel=\"lightbox[6511]\"><img loading=\"lazy\" decoding=\"async\" class=\"size-thumbnail wp-image-10310 alignleft\" src=\"https:\/\/www.slovackio.vilniausr.lm.lt\/wp-content\/uploads\/2016\/05\/IMG_1274-150x150.jpg\" alt=\"IMG_1274\" width=\"150\" height=\"150\" srcset=\"https:\/\/www.slovackio.vilniausr.lm.lt\/wp-content\/uploads\/2016\/05\/IMG_1274-150x150.jpg 150w, https:\/\/www.slovackio.vilniausr.lm.lt\/wp-content\/uploads\/2016\/05\/IMG_1274-90x90.jpg 90w, https:\/\/www.slovackio.vilniausr.lm.lt\/wp-content\/uploads\/2016\/05\/IMG_1274-75x75.jpg 75w\" sizes=\"auto, (max-width: 150px) 100vw, 150px\" \/><\/a> <a href=\"https:\/\/www.slovackio.vilniausr.lm.lt\/wp-content\/uploads\/2016\/05\/IMG_1273.jpg\" rel=\"attachment wp-att-10309\" rel=\"lightbox[6511]\"><img loading=\"lazy\" decoding=\"async\" class=\"size-thumbnail wp-image-10309 alignleft\" src=\"https:\/\/www.slovackio.vilniausr.lm.lt\/wp-content\/uploads\/2016\/05\/IMG_1273-150x150.jpg\" alt=\"IMG_1273\" width=\"150\" height=\"150\" srcset=\"https:\/\/www.slovackio.vilniausr.lm.lt\/wp-content\/uploads\/2016\/05\/IMG_1273-150x150.jpg 150w, https:\/\/www.slovackio.vilniausr.lm.lt\/wp-content\/uploads\/2016\/05\/IMG_1273-90x90.jpg 90w, https:\/\/www.slovackio.vilniausr.lm.lt\/wp-content\/uploads\/2016\/05\/IMG_1273-75x75.jpg 75w\" sizes=\"auto, (max-width: 150px) 100vw, 150px\" \/><\/a><a href=\"https:\/\/www.slovackio.vilniausr.lm.lt\/wp-content\/uploads\/2016\/04\/6.jpg\" rel=\"attachment wp-att-10193\" rel=\"lightbox[6511]\"><img loading=\"lazy\" decoding=\"async\" class=\"size-thumbnail wp-image-10193 alignleft\" src=\"https:\/\/www.slovackio.vilniausr.lm.lt\/wp-content\/uploads\/2016\/04\/6-150x150.jpg\" alt=\"6\" width=\"150\" height=\"150\"><\/a> <a href=\"https:\/\/www.slovackio.vilniausr.lm.lt\/wp-content\/uploads\/2016\/04\/5.jpg\" rel=\"attachment wp-att-10192\" rel=\"lightbox[6511]\"><img loading=\"lazy\" decoding=\"async\" class=\"size-thumbnail wp-image-10192 alignleft\" src=\"https:\/\/www.slovackio.vilniausr.lm.lt\/wp-content\/uploads\/2016\/04\/5-150x150.jpg\" alt=\"5\" width=\"150\" height=\"150\"><\/a> <a href=\"https:\/\/www.slovackio.vilniausr.lm.lt\/wp-content\/uploads\/2016\/04\/3.jpg\" rel=\"attachment wp-att-10191\" rel=\"lightbox[6511]\"><img loading=\"lazy\" decoding=\"async\" class=\"size-thumbnail wp-image-10191 alignleft\" src=\"https:\/\/www.slovackio.vilniausr.lm.lt\/wp-content\/uploads\/2016\/04\/3-150x150.jpg\" alt=\"3\" width=\"150\" height=\"150\"><\/a> <a href=\"https:\/\/www.slovackio.vilniausr.lm.lt\/wp-content\/uploads\/2016\/04\/1.jpg\" rel=\"attachment wp-att-10190\" rel=\"lightbox[6511]\"><img loading=\"lazy\" decoding=\"async\" class=\"size-thumbnail wp-image-10190 alignleft\" src=\"https:\/\/www.slovackio.vilniausr.lm.lt\/wp-content\/uploads\/2016\/04\/1-150x150.jpg\" alt=\"1\" width=\"150\" height=\"150\"><\/a><\/p>\n<p><a href=\"https:\/\/www.slovackio.vilniausr.lm.lt\/wp-content\/uploads\/2012\/11\/IMGP4821.jpg\" rel=\"lightbox[6511]\"><img loading=\"lazy\" decoding=\"async\" class=\"alignleft\" title=\"IMGP4821\" src=\"https:\/\/www.slovackio.vilniausr.lm.lt\/wp-content\/uploads\/2012\/11\/IMGP4821-150x150.jpg\" alt=\"\" width=\"150\" height=\"150\"><\/a>&nbsp;&nbsp;<a href=\"https:\/\/www.slovackio.vilniausr.lm.lt\/wp-content\/uploads\/2012\/11\/IMGP4822.jpg\" rel=\"lightbox[6511]\"><img loading=\"lazy\" decoding=\"async\" class=\"alignleft\" title=\"IMGP4822\" src=\"https:\/\/www.slovackio.vilniausr.lm.lt\/wp-content\/uploads\/2012\/11\/IMGP4822-150x150.jpg\" alt=\"\" width=\"150\" height=\"150\"><\/a>&nbsp;&nbsp;<a href=\"https:\/\/www.slovackio.vilniausr.lm.lt\/wp-content\/uploads\/2012\/11\/IMGP4823.jpg\" rel=\"lightbox[6511]\"><img loading=\"lazy\" decoding=\"async\" class=\"alignleft\" title=\"IMGP4823\" src=\"https:\/\/www.slovackio.vilniausr.lm.lt\/wp-content\/uploads\/2012\/11\/IMGP4823-150x150.jpg\" alt=\"\" width=\"150\" height=\"150\"><\/a>&nbsp;&nbsp;<a href=\"https:\/\/www.slovackio.vilniausr.lm.lt\/wp-content\/uploads\/2012\/11\/IMGP4825.jpg\" rel=\"lightbox[6511]\"><img loading=\"lazy\" decoding=\"async\" class=\"alignleft\" title=\"IMGP4825\" src=\"https:\/\/www.slovackio.vilniausr.lm.lt\/wp-content\/uploads\/2012\/11\/IMGP4825-150x150.jpg\" alt=\"\" width=\"150\" height=\"150\"><\/a><\/p>\n<p>&nbsp;<\/p>\n<h3>&nbsp;<\/h3>\n<p><a href=\"https:\/\/www.slovackio.vilniausr.lm.lt\/wp-content\/uploads\/2015\/03\/11092709_1076605809032744_622317062_n.jpg\" rel=\"lightbox[6511]\"><br \/>\n<img loading=\"lazy\" decoding=\"async\" class=\"alignleft\" title=\"11092709_1076605809032744_622317062_n\" src=\"https:\/\/www.slovackio.vilniausr.lm.lt\/wp-content\/uploads\/2015\/03\/11092709_1076605809032744_622317062_n-150x150.jpg\" alt=\"\" width=\"150\" height=\"150\"><\/a><a href=\"https:\/\/www.slovackio.vilniausr.lm.lt\/wp-content\/uploads\/2015\/03\/11096863_1076605772366081_508354974_n.jpg\" rel=\"lightbox[6511]\"><img loading=\"lazy\" decoding=\"async\" class=\"alignleft\" title=\"11096863_1076605772366081_508354974_n\" src=\"https:\/\/www.slovackio.vilniausr.lm.lt\/wp-content\/uploads\/2015\/03\/11096863_1076605772366081_508354974_n-150x150.jpg\" alt=\"\" width=\"150\" height=\"150\"><\/a><a href=\"https:\/\/www.slovackio.vilniausr.lm.lt\/wp-content\/uploads\/2015\/03\/11096733_1076605805699411_1430779484_n.jpg\" rel=\"lightbox[6511]\"><img loading=\"lazy\" decoding=\"async\" class=\"alignleft\" title=\"11096733_1076605805699411_1430779484_n\" src=\"https:\/\/www.slovackio.vilniausr.lm.lt\/wp-content\/uploads\/2015\/03\/11096733_1076605805699411_1430779484_n-150x150.jpg\" alt=\"\" width=\"150\" height=\"150\"><\/a><a href=\"https:\/\/www.slovackio.vilniausr.lm.lt\/wp-content\/uploads\/2015\/03\/11084420_1076605765699415_907574314_n.jpg\" rel=\"lightbox[6511]\"><img loading=\"lazy\" decoding=\"async\" class=\"alignleft\" title=\"11084420_1076605765699415_907574314_n\" src=\"https:\/\/www.slovackio.vilniausr.lm.lt\/wp-content\/uploads\/2015\/03\/11084420_1076605765699415_907574314_n-150x150.jpg\" alt=\"\" width=\"150\" height=\"150\"><\/a><a href=\"https:\/\/www.slovackio.vilniausr.lm.lt\/wp-content\/uploads\/2015\/03\/11084606_1076605759032749_199896830_n.jpg\" rel=\"lightbox[6511]\"><img loading=\"lazy\" decoding=\"async\" class=\"alignleft\" title=\"11084606_1076605759032749_199896830_n\" src=\"https:\/\/www.slovackio.vilniausr.lm.lt\/wp-content\/uploads\/2015\/03\/11084606_1076605759032749_199896830_n-150x150.jpg\" alt=\"\" width=\"150\" height=\"150\"><\/a><\/p>","protected":false},"excerpt":{"rendered":"<p>Dramos b\u016brelio \u201eSkrzat\u201c veikla prasid\u0117jo 1998 metais. B\u016brelis skirtas 5-IIG klasi\u0173 mokiniams. B\u016brelio tikslas &#8211; turiningai praleisti laik\u0105 ir pajusti k\u016brybinio darbo proceso malonum\u0105. Sceniniai \u017eaidimai, improvizacijos, pantomimos elementai, rai\u0161kus skaitymas, vaidyba ir kt. sudaro s\u0105lygas vaik\u0173 savirai\u0161kai.&nbsp;B\u016brelio nariai visada dalyvauja mokyklos renginiuose,&nbsp;&nbsp;teatr\u0173 festivaliuose, kuriuos organizuoja&nbsp;&nbsp;Lietuvos Lenk\u0173 Mokykl\u0173 mokytoj\u0173 draugija \u201eMacierz Szkolna\u201c.&nbsp;2013 m. dalyvavo VIII teatr\u0173 festivalyje Vloclaveko mieste (Lenkija).<\/p>\n","protected":false},"author":1,"featured_media":0,"parent":3747,"menu_order":2,"comment_status":"closed","ping_status":"closed","template":"","meta":{"footnotes":""},"class_list":["post-6511","page","type-page","status-publish","hentry"],"jetpack_sharing_enabled":true,"_links":{"self":[{"href":"https:\/\/www.slovackio.vilniausr.lm.lt\/index.php?rest_route=\/wp\/v2\/pages\/6511","targetHints":{"allow":["GET"]}}],"collection":[{"href":"https:\/\/www.slovackio.vilniausr.lm.lt\/index.php?rest_route=\/wp\/v2\/pages"}],"about":[{"href":"https:\/\/www.slovackio.vilniausr.lm.lt\/index.php?rest_route=\/wp\/v2\/types\/page"}],"author":[{"embeddable":true,"href":"https:\/\/www.slovackio.vilniausr.lm.lt\/index.php?rest_route=\/wp\/v2\/users\/1"}],"replies":[{"embeddable":true,"href":"https:\/\/www.slovackio.vilniausr.lm.lt\/index.php?rest_route=%2Fwp%2Fv2%2Fcomments&post=6511"}],"version-history":[{"count":29,"href":"https:\/\/www.slovackio.vilniausr.lm.lt\/index.php?rest_route=\/wp\/v2\/pages\/6511\/revisions"}],"predecessor-version":[{"id":26721,"href":"https:\/\/www.slovackio.vilniausr.lm.lt\/index.php?rest_route=\/wp\/v2\/pages\/6511\/revisions\/26721"}],"up":[{"embeddable":true,"href":"https:\/\/www.slovackio.vilniausr.lm.lt\/index.php?rest_route=\/wp\/v2\/pages\/3747"}],"wp:attachment":[{"href":"https:\/\/www.slovackio.vilniausr.lm.lt\/index.php?rest_route=%2Fwp%2Fv2%2Fmedia&parent=6511"}],"curies":[{"name":"wp","href":"https:\/\/api.w.org\/{rel}","templated":true}]}}