{"id":6509,"date":"2014-10-27T09:15:03","date_gmt":"2014-10-27T07:15:03","guid":{"rendered":"http:\/\/www.slovackio.vilniausr.lm.lt\/?page_id=6509"},"modified":"2024-10-15T18:27:59","modified_gmt":"2024-10-15T16:27:59","slug":"dramos-burelis-skrzat-1-4-k","status":"publish","type":"page","link":"https:\/\/www.slovackio.vilniausr.lm.lt\/?page_id=6509","title":{"rendered":"Dramos b\u016brelis \u201eSkrzat&#8221;"},"content":{"rendered":"<p><\/p>\n<p style=\"text-align: justify;\">Gimnazijoje veikia dramos b\u016brelis \u201eSkrzat&#8221;, kurio dalyviai yra pradini\u0173 klasi\u0173 mokiniai. Pagrindinis b\u016brelio tikslas yra mokini\u0173 menini\u0173 geb\u0117jim\u0173 ugdymas per bendr\u0105 k\u016brybin\u0119 veikl\u0105. Vaikai yra skatinami aktyviai dom\u0117tis menu ir kult\u016brine mokyklos bei visuomen\u0117s veikla. Dramos b\u016brelis suteikia galimybes ugdyti rai\u0161kaus skaitymo, aktorinius bei teatrinius, muzikinius bei meninius geb\u0117jimus. Kartu su mokiniais pavyko \u012fgyvendinti \u0161iuos projektus, inscenizuoti tokias pasakas: \u201ePelen\u0117&#8221;, \u201eJas i Malgosia&#8221; (\u201eJonukas ir Gretut\u0117&#8221;), \u201eRaudonkepurait\u0117&#8221;, J. Tuvimo \u201eKatin\u0117lis&#8221;. \u0160ios inscenizacijos buvo pristatytos mokyklos bendruomenei (mokiniams, t\u0117vams, mo\u010diut\u0117ms ir seneliams, pedagogams bei visiems norintiems). Dalyvavome Teatr\u0173 Festivalyje, kuris buvo organizuotas Lietuvos lenk\u0173 mokykl\u0173 mokytoj\u0173 draugijos.<\/p>\n<p style=\"text-align: justify;\"><a href=\"https:\/\/www.slovackio.vilniausr.lm.lt\/wp-content\/uploads\/2016\/04\/drama.png\" rel=\"attachment wp-att-10203\" rel=\"lightbox[6509]\"><img loading=\"lazy\" decoding=\"async\" class=\"size-thumbnail wp-image-10203 alignleft\" src=\"https:\/\/www.slovackio.vilniausr.lm.lt\/wp-content\/uploads\/2016\/04\/drama-150x150.png\" alt=\"drama\" width=\"150\" height=\"150\" \/><\/a><\/p>\n<p style=\"text-align: justify;\"><a href=\"https:\/\/www.slovackio.vilniausr.lm.lt\/wp-content\/uploads\/2016\/02\/20160129_125301.jpg\" rel=\"attachment wp-att-9846\" rel=\"lightbox[6509]\"><img loading=\"lazy\" decoding=\"async\" class=\"size-thumbnail wp-image-9846 alignleft\" src=\"https:\/\/www.slovackio.vilniausr.lm.lt\/wp-content\/uploads\/2016\/02\/20160129_125301-150x150.jpg\" alt=\"20160129_125301\" width=\"150\" height=\"150\" \/><\/a> <a href=\"https:\/\/www.slovackio.vilniausr.lm.lt\/wp-content\/uploads\/2016\/02\/20160129_125222.jpg\" rel=\"attachment wp-att-9845\" rel=\"lightbox[6509]\"><img loading=\"lazy\" decoding=\"async\" class=\"size-thumbnail wp-image-9845 alignleft\" src=\"https:\/\/www.slovackio.vilniausr.lm.lt\/wp-content\/uploads\/2016\/02\/20160129_125222-150x150.jpg\" alt=\"20160129_125222\" width=\"150\" height=\"150\" \/><\/a> <a href=\"https:\/\/www.slovackio.vilniausr.lm.lt\/wp-content\/uploads\/2016\/02\/20160129_125151-1.jpg\" rel=\"attachment wp-att-9844\" rel=\"lightbox[6509]\"><img loading=\"lazy\" decoding=\"async\" class=\"size-thumbnail wp-image-9844 alignleft\" src=\"https:\/\/www.slovackio.vilniausr.lm.lt\/wp-content\/uploads\/2016\/02\/20160129_125151-1-150x150.jpg\" alt=\"20160129_125151\" width=\"150\" height=\"150\" \/><\/a> <a href=\"https:\/\/www.slovackio.vilniausr.lm.lt\/wp-content\/uploads\/2016\/02\/20160129_125025-1.jpg\" rel=\"attachment wp-att-9843\" rel=\"lightbox[6509]\"><img loading=\"lazy\" decoding=\"async\" class=\"size-thumbnail wp-image-9843 alignleft\" src=\"https:\/\/www.slovackio.vilniausr.lm.lt\/wp-content\/uploads\/2016\/02\/20160129_125025-1-150x150.jpg\" alt=\"20160129_125025\" width=\"150\" height=\"150\" \/><\/a> <a href=\"https:\/\/www.slovackio.vilniausr.lm.lt\/wp-content\/uploads\/2016\/02\/20160129_124824-2.jpg\" rel=\"attachment wp-att-9842\" rel=\"lightbox[6509]\"><img loading=\"lazy\" decoding=\"async\" class=\"size-thumbnail wp-image-9842 alignleft\" src=\"https:\/\/www.slovackio.vilniausr.lm.lt\/wp-content\/uploads\/2016\/02\/20160129_124824-2-150x150.jpg\" alt=\"20160129_124824\" width=\"150\" height=\"150\" \/><\/a> <a href=\"https:\/\/www.slovackio.vilniausr.lm.lt\/wp-content\/uploads\/2016\/02\/20160129_124632-1.jpg\" rel=\"attachment wp-att-9841\" rel=\"lightbox[6509]\"><img loading=\"lazy\" decoding=\"async\" class=\"size-thumbnail wp-image-9841 alignleft\" src=\"https:\/\/www.slovackio.vilniausr.lm.lt\/wp-content\/uploads\/2016\/02\/20160129_124632-1-150x150.jpg\" alt=\"20160129_124632\" width=\"150\" height=\"150\" \/><\/a><\/p>\n<p>&nbsp;<\/p>\n<p style=\"text-align: justify;\"><a href=\"https:\/\/www.slovackio.vilniausr.lm.lt\/wp-content\/uploads\/2016\/05\/IMG_1325.jpg\" rel=\"attachment wp-att-10316\" rel=\"lightbox[6509]\"><img loading=\"lazy\" decoding=\"async\" class=\"size-thumbnail wp-image-10316 alignleft\" src=\"https:\/\/www.slovackio.vilniausr.lm.lt\/wp-content\/uploads\/2016\/05\/IMG_1325-150x150.jpg\" alt=\"IMG_1325\" width=\"150\" height=\"150\" srcset=\"https:\/\/www.slovackio.vilniausr.lm.lt\/wp-content\/uploads\/2016\/05\/IMG_1325-150x150.jpg 150w, https:\/\/www.slovackio.vilniausr.lm.lt\/wp-content\/uploads\/2016\/05\/IMG_1325-90x90.jpg 90w, https:\/\/www.slovackio.vilniausr.lm.lt\/wp-content\/uploads\/2016\/05\/IMG_1325-75x75.jpg 75w\" sizes=\"auto, (max-width: 150px) 100vw, 150px\" \/><\/a> <a href=\"https:\/\/www.slovackio.vilniausr.lm.lt\/wp-content\/uploads\/2016\/05\/IMG_1317.jpg\" rel=\"attachment wp-att-10315\" rel=\"lightbox[6509]\"><img loading=\"lazy\" decoding=\"async\" class=\"size-thumbnail wp-image-10315 alignleft\" src=\"https:\/\/www.slovackio.vilniausr.lm.lt\/wp-content\/uploads\/2016\/05\/IMG_1317-150x150.jpg\" alt=\"IMG_1317\" width=\"150\" height=\"150\" srcset=\"https:\/\/www.slovackio.vilniausr.lm.lt\/wp-content\/uploads\/2016\/05\/IMG_1317-150x150.jpg 150w, https:\/\/www.slovackio.vilniausr.lm.lt\/wp-content\/uploads\/2016\/05\/IMG_1317-90x90.jpg 90w, https:\/\/www.slovackio.vilniausr.lm.lt\/wp-content\/uploads\/2016\/05\/IMG_1317-75x75.jpg 75w\" sizes=\"auto, (max-width: 150px) 100vw, 150px\" \/><\/a> <a href=\"https:\/\/www.slovackio.vilniausr.lm.lt\/wp-content\/uploads\/2016\/05\/IMG_1364.jpg\" rel=\"attachment wp-att-10314\" rel=\"lightbox[6509]\"><br \/>\n<\/a> <a href=\"https:\/\/www.slovackio.vilniausr.lm.lt\/wp-content\/uploads\/2016\/05\/IMG_1339.jpg\" rel=\"attachment wp-att-10313\" rel=\"lightbox[6509]\"><br \/>\n<\/a> <a href=\"https:\/\/www.slovackio.vilniausr.lm.lt\/wp-content\/uploads\/2016\/05\/IMG_1324.jpg\" rel=\"attachment wp-att-10312\" rel=\"lightbox[6509]\"><img loading=\"lazy\" decoding=\"async\" class=\"size-thumbnail wp-image-10312 alignleft\" src=\"https:\/\/www.slovackio.vilniausr.lm.lt\/wp-content\/uploads\/2016\/05\/IMG_1324-150x150.jpg\" alt=\"IMG_1324\" width=\"150\" height=\"150\" srcset=\"https:\/\/www.slovackio.vilniausr.lm.lt\/wp-content\/uploads\/2016\/05\/IMG_1324-150x150.jpg 150w, https:\/\/www.slovackio.vilniausr.lm.lt\/wp-content\/uploads\/2016\/05\/IMG_1324-90x90.jpg 90w, https:\/\/www.slovackio.vilniausr.lm.lt\/wp-content\/uploads\/2016\/05\/IMG_1324-75x75.jpg 75w\" sizes=\"auto, (max-width: 150px) 100vw, 150px\" \/><\/a><\/p>\n<p><a href=\"https:\/\/www.slovackio.vilniausr.lm.lt\/wp-content\/uploads\/2012\/11\/100_0693.jpg\" rel=\"lightbox[6509]\"><img loading=\"lazy\" decoding=\"async\" class=\"alignleft\" title=\"100_0693\" src=\"https:\/\/www.slovackio.vilniausr.lm.lt\/wp-content\/uploads\/2012\/11\/100_0693-150x150.jpg\" alt=\"\" width=\"150\" height=\"150\" \/><\/a>\u00a0\u00a0\u00a0<a href=\"https:\/\/www.slovackio.vilniausr.lm.lt\/wp-content\/uploads\/2012\/11\/IMGP1632.jpg\" rel=\"lightbox[6509]\"><img loading=\"lazy\" decoding=\"async\" class=\"alignleft\" title=\"IMGP1632\" src=\"https:\/\/www.slovackio.vilniausr.lm.lt\/wp-content\/uploads\/2012\/11\/IMGP1632-150x150.jpg\" alt=\"\" width=\"150\" height=\"150\" \/><\/a>\u00a0\u00a0\u00a0<a href=\"https:\/\/www.slovackio.vilniausr.lm.lt\/wp-content\/uploads\/2012\/11\/IMGP1633.jpg\" rel=\"lightbox[6509]\"><img loading=\"lazy\" decoding=\"async\" class=\"alignleft\" title=\"IMGP1633\" src=\"https:\/\/www.slovackio.vilniausr.lm.lt\/wp-content\/uploads\/2012\/11\/IMGP1633-150x150.jpg\" alt=\"\" width=\"150\" height=\"150\" \/><\/a><\/p>\n<p><a href=\"https:\/\/www.slovackio.vilniausr.lm.lt\/wp-content\/uploads\/2012\/11\/IMGP2260.jpg\" rel=\"lightbox[6509]\"><img loading=\"lazy\" decoding=\"async\" class=\"alignleft\" title=\"IMGP2260\" src=\"https:\/\/www.slovackio.vilniausr.lm.lt\/wp-content\/uploads\/2012\/11\/IMGP2260-150x150.jpg\" alt=\"\" width=\"150\" height=\"150\" \/><\/a>\u00a0\u00a0\u00a0<a href=\"https:\/\/www.slovackio.vilniausr.lm.lt\/wp-content\/uploads\/2012\/11\/IMGP2264.jpg\" rel=\"lightbox[6509]\"><img loading=\"lazy\" decoding=\"async\" class=\"alignleft\" title=\"IMGP2264\" src=\"https:\/\/www.slovackio.vilniausr.lm.lt\/wp-content\/uploads\/2012\/11\/IMGP2264-150x150.jpg\" alt=\"\" width=\"150\" height=\"150\" \/><\/a>\u00a0\u00a0\u00a0<a href=\"https:\/\/www.slovackio.vilniausr.lm.lt\/wp-content\/uploads\/2012\/11\/IMGP2270.jpg\" rel=\"lightbox[6509]\"><img loading=\"lazy\" decoding=\"async\" class=\"alignleft\" title=\"IMGP2270\" src=\"https:\/\/www.slovackio.vilniausr.lm.lt\/wp-content\/uploads\/2012\/11\/IMGP2270-150x150.jpg\" alt=\"\" width=\"150\" height=\"150\" \/><\/a><\/p>","protected":false},"excerpt":{"rendered":"<p>Gimnazijoje veikia dramos b\u016brelis \u201eSkrzat&#8221;, kurio dalyviai yra pradini\u0173 klasi\u0173 mokiniai. Pagrindinis b\u016brelio tikslas yra mokini\u0173 menini\u0173 geb\u0117jim\u0173 ugdymas per bendr\u0105 k\u016brybin\u0119 veikl\u0105. Vaikai yra skatinami aktyviai dom\u0117tis menu ir kult\u016brine mokyklos bei visuomen\u0117s veikla. Dramos b\u016brelis suteikia galimybes ugdyti rai\u0161kaus skaitymo, aktorinius bei teatrinius, muzikinius bei meninius geb\u0117jimus. Kartu su mokiniais pavyko \u012fgyvendinti \u0161iuos projektus, inscenizuoti tokias pasakas: \u201ePelen\u0117&#8221;,<\/p>\n","protected":false},"author":1,"featured_media":0,"parent":3747,"menu_order":1,"comment_status":"closed","ping_status":"closed","template":"","meta":{"footnotes":""},"class_list":["post-6509","page","type-page","status-publish","hentry"],"jetpack_sharing_enabled":true,"_links":{"self":[{"href":"https:\/\/www.slovackio.vilniausr.lm.lt\/index.php?rest_route=\/wp\/v2\/pages\/6509","targetHints":{"allow":["GET"]}}],"collection":[{"href":"https:\/\/www.slovackio.vilniausr.lm.lt\/index.php?rest_route=\/wp\/v2\/pages"}],"about":[{"href":"https:\/\/www.slovackio.vilniausr.lm.lt\/index.php?rest_route=\/wp\/v2\/types\/page"}],"author":[{"embeddable":true,"href":"https:\/\/www.slovackio.vilniausr.lm.lt\/index.php?rest_route=\/wp\/v2\/users\/1"}],"replies":[{"embeddable":true,"href":"https:\/\/www.slovackio.vilniausr.lm.lt\/index.php?rest_route=%2Fwp%2Fv2%2Fcomments&post=6509"}],"version-history":[{"count":27,"href":"https:\/\/www.slovackio.vilniausr.lm.lt\/index.php?rest_route=\/wp\/v2\/pages\/6509\/revisions"}],"predecessor-version":[{"id":30592,"href":"https:\/\/www.slovackio.vilniausr.lm.lt\/index.php?rest_route=\/wp\/v2\/pages\/6509\/revisions\/30592"}],"up":[{"embeddable":true,"href":"https:\/\/www.slovackio.vilniausr.lm.lt\/index.php?rest_route=\/wp\/v2\/pages\/3747"}],"wp:attachment":[{"href":"https:\/\/www.slovackio.vilniausr.lm.lt\/index.php?rest_route=%2Fwp%2Fv2%2Fmedia&parent=6509"}],"curies":[{"name":"wp","href":"https:\/\/api.w.org\/{rel}","templated":true}]}}