{"id":6232,"date":"2014-09-17T12:36:23","date_gmt":"2014-09-17T10:36:23","guid":{"rendered":"http:\/\/www.slovackio.vilniausr.lm.lt\/?page_id=6232"},"modified":"2026-03-21T08:05:52","modified_gmt":"2026-03-21T06:05:52","slug":"vaiko-geroves-komisija","status":"publish","type":"page","link":"https:\/\/www.slovackio.vilniausr.lm.lt\/?page_id=6232","title":{"rendered":"Vaiko gerov\u0117s komisija"},"content":{"rendered":"<p><\/p>\n<p style=\"text-align: justify;\"><span style=\"text-align: justify;\">Vaiko gerov\u0117s komisijos paskirtis &#8211; organizuoti ir koordinuoti prevencin\u012f darb\u0105, \u0161vietimo pagalbos teikim\u0105, saugios ir palankios vaiko ugdymui aplinkos k\u016brim\u0105, \u0161vietimo program\u0173 pritaikym\u0105 mokiniams, turintiems speciali\u0173 poreiki\u0173, atlikti mokinio speciali\u0173j\u0173 ugdymosi poreiki\u0173 pirmin\u012f \u012fvertinim\u0105 ir atlikti kitas su vaiko gerove susijusias funkcijas.<\/span><\/p>\n<p style=\"text-align: center;\"><span style=\"color: #008000;\"><strong>Vaiko gerov\u0117s komisija<\/strong><\/span><\/p>\n<h6>Veslava Voini\u010d \u2013 komisijos pirminink\u0117, direktor\u0117, dail\u0117s mokytoja<\/h6>\n<h6>Lilija Gajevska \u2013 komisijos pirminink\u0117s pavaduotoja,\u00a0direktoriaus pavaduotoja ugdymui, istorijos mokytoja;<\/h6>\n<h6>Gra\u017eina Gricevi\u010dien\u0117 \u2013 komisijos sekretor\u0117, socialin\u0117 pedagog\u0117;<\/h6>\n<h6>Nariai:<\/h6>\n<h6>Liudmila Laty\u0161evi\u010d \u2013 1 kl. vadov\u0117, pradinio ugdymo mokytoja;<\/h6>\n<h6>Ana Maciulevi\u010d \u2013 socialin\u0117 pedagog\u0117, lenk\u0173 kalbos, lietuvi\u0173 kalbos ir literat\u016bros mokytoja, 7 klas\u0117s vadov\u0117;<\/h6>\n<p><strong>Julija Mincevi\u010d \u2013 logoped\u0117, specialioji pedagog\u0117;<\/strong><\/p>\n<p><strong>Olga \u0160ablovskien\u0117 \u2013 logoped\u0117, lietuvi\u0173 kalbos ir literat\u016bros mokytoja.<\/strong><\/p>\n<address>\u00a0<strong><span style=\"text-decoration: underline;\">Psichologin\u0117 pagalba Vilniuje:<\/span><\/strong><\/address>\n<table border=\"0\" cellspacing=\"0\" cellpadding=\"0\">\n<tbody>\n<tr>\n<td><strong>Psichologin\u0117s pagalbos tarnybos:<\/strong><\/td>\n<td><strong>Telefono numeris<\/strong><\/td>\n<td><strong>Darbo laikas<\/strong><\/td>\n<\/tr>\n<tr>\n<td><strong>Jaunimo linija <\/strong><strong><br \/>\n<\/strong>Budi savanoriai konsultantai<\/td>\n<td>8 800 28888<\/td>\n<td>I-VII<br \/>\nvis\u0105 par\u0105<\/td>\n<\/tr>\n<tr>\n<td><strong>Vaik\u0173 linija<\/strong><br \/>\nBudi savanoriai konsultantai, profesionalai<\/td>\n<td>116 111<\/td>\n<td>I-VII<br \/>\n11:00 &#8211; 21:00<\/td>\n<\/tr>\n<tr>\n<td><strong>Linija Doverija (parama teikiama rus\u0173 kalba)<\/strong><br \/>\nBudi savanoriai konsultantai. Pagalba skirta paaugliams ir jaunimui.<\/td>\n<td>8 800 77277<\/td>\n<td>I-V<br \/>\n16.00 &#8211; 20.00<\/td>\n<\/tr>\n<tr>\n<td><strong>Pagalbos moterims linija<\/strong><br \/>\nBudi profesionalai, savanoriai konsultantai<\/td>\n<td>8 800 66366<\/td>\n<td>I-V<br \/>\n10:00 &#8211; 21:00<\/td>\n<\/tr>\n<tr>\n<td><strong>Vilties linija <\/strong><br \/>\nBudi profesionalai, savanoriai konsultantai<\/td>\n<td>116 123<\/td>\n<td>I-VII<br \/>\nvis\u0105 par\u0105<\/td>\n<\/tr>\n<\/tbody>\n<\/table>\n<address><strong>Emocin\u0117 parama internetu:<\/strong><\/address>\n<table border=\"0\" cellspacing=\"0\" cellpadding=\"0\">\n<tbody>\n<tr>\n<td><strong>\u201eVaik\u0173 linija\u201c<\/strong><\/td>\n<td>Registruotis ir ra\u0161yti svetain\u0117je: http:\/\/www.vaikulinija.lt<\/td>\n<td>Atsako per dvi dienas<\/td>\n<\/tr>\n<tr>\n<td><strong>\u201eJaunimo linija\u201c<\/strong><\/td>\n<td>Registruotis ir ra\u0161yti svetain\u0117je: http:\/\/www.jaunimolinija.lt\/internetas<\/td>\n<td>Atsako per dvi dienas<\/td>\n<\/tr>\n<tr>\n<td><strong>\u201eVilties linija\u201c<\/strong><\/td>\n<td>Ra\u0161yti svetain\u0117je: http:\/\/paklausk.kpsc.lt\/contact.php arba vilties.linija@gmail.com<\/td>\n<td>Atsako per tris darbo dienas<\/td>\n<\/tr>\n<tr>\n<td><strong>\u201ePagalbos moterims linija\u201c<\/strong><\/td>\n<td>Ra\u0161yti el. pa\u0161tu: pagalba@moteriai.lt<\/td>\n<td>Atsako per tris dienas<\/td>\n<\/tr>\n<\/tbody>\n<\/table>\n<address>\u00a0<strong>VLGN \u201eAtsigr\u0119\u017ek \u012f vaikus\u201c<\/strong> (A. Jaro\u0161evi\u010diaus g. 10B, Vilnius, tel. 8-52385770, <a href=\"mailto:atsigrezk@gmail.com\">atsigrezk@gmail.com<\/a>)<strong>&#8211; Vilniaus vyr\u0173 krizi\u0173 centras \u2013 pyk\u010dio valdymo kursai <\/strong>(G\u0117li\u0173 g. 7,\u00a0 tel.8-617 09785)<strong>&#8211; V\u0161\u012e \u201eParamos vaikams centras\u201c<\/strong>\u00a0 (Latvi\u0173 g. 19A, tel. 8- 611 43567)<strong>&#8211; Poliklinikos ar vaiko ugdymo \u012fstaigos psichologas<\/strong>&#8211; <strong>Vilniaus m. socialin\u0117s paramos centras<\/strong> (Kauno g. 3\/26, <strong>tel. 8-5231 3655<\/strong>)- <strong>RUL Vaiko raidos centras <\/strong><strong>(pagalba vaikams, i\u0161gyvenantiems \u012fvairias krizes, turintiems emocij\u0173 ir elgesio sutrikim\u0173) <\/strong><strong>&#8211; (Vytauto g. 15)<\/strong><strong>Registrat\u016bra (8 \u2013 5) 273 14 22<\/strong><strong><br \/>\n<\/strong><strong>Poliklinikos ir dienos stacionaro skyrius: (8 &#8211; 5) 2751837 <\/strong><strong><br \/>\n<\/strong><strong>Vaik\u0173 ir paaugli\u0173 krizi\u0173 intervencijos skyrius: <\/strong><strong>Santari\u0161ki\u0173\u00a0 g. 7<\/strong>, <strong>(8 &#8211; 5) 2757564<\/strong><strong><br \/>\n<\/strong><strong>Vaik\u0173 psichiatrijos skyrius (8 \u2013 5) 273 14 56<\/strong><strong><br \/>\n<\/strong><strong>Ankstyvosios reabilitacijos skyrius (8 \u2013 5) 273 00 21<\/strong><\/p>\n<p style=\"text-align: justify;\"><strong>&#8211; Psichologin\u0117 pedagogin\u0117 tarnyba: (nemokama psichologin\u0117 pagalba \u0161eimai; <\/strong>A.Vivulskio g. 2a, Tel. 8-5 265 0912; 8-5 265 0908).<\/p>\n<p style=\"text-align: justify;\">&#8211; <strong>Sos Vaik\u0173 kaimas<\/strong> (paslaugos \u0161eimoms: psichologo konsultacijos \u0161eimai, t\u0117vyst\u0117s \u012fg\u016bd\u017ei\u0173 lavinimo grup\u0117s, dienos centras vaikams ir kita), Skrobl\u0173 g. 15-115 (tel. 8-5233 0833)<\/p>\n<p style=\"text-align: justify;\">&#8211; <strong>Krizi\u0173 \u012fveikimo centras: (<\/strong>krizinius jausmus i\u0161gyvenantiems, apie savi\u017eudyb\u0119 galvojantiems, netektis patyrusiems), <a href=\"http:\/\/www.krizesiveikimas.lt\/\">www.krizesiveikimas.lt<\/a>, 1-oji konsultacija nemokama, kit\u0173 kaina &#8211; 10 Lt. (Oland\u0173 g. 19 \u2013 2, Vilnius tel. 8 640 51555, \u00a0\u00a0\u00a0\u00a0\u00a0\u00a0\u00a0\u00a0\u00a0\u00a0el. pa\u0161tas <a href=\"mailto:info@krizesiveikimas.lt\">info@krizesiveikimas.lt<\/a>).<\/p>\n<p style=\"text-align: justify;\">&#8211; <strong>Vilniaus arkivyskupijos \u0161eimos centre:<\/strong> teikiamos psicholog\u0173 konsultacijos poroms tarpasmenini\u0173 santyki\u0173 \u0161eimoje klausimais, individualios psicholog\u0173 konsultacijos turintiems sunkum\u0173 (nerimas, bloga nuotaika, bendravimo sunkumai ir t.t.) ir krizes i\u0161gyvenantiems asmenims. (Au\u0161ros vart\u0173 12, Vilnius, tel. 8-526 44883).<\/p>\n<p style=\"text-align: justify;\"><strong>&#8211; Filosofijos fakulteto Psichologini\u0173 inovacij\u0173 ir eksperimentini\u0173 tyrim\u0173 mokym\u0173 centre<\/strong> teikiamos (4 nemokamos) konsultacijos suaugusiems (konsultuoja magistrantai) (Universiteto g. 9\/1, 116 kab. Vilnius el. p. <a href=\"mailto:ptmc@fsf.vu.lt\">ptmc@fsf.vu.lt<\/a>, \u00a0\u00a0\u00a0\u00a0\u00a0\u00a0\u00a0\u00a0\u00a0\u00a0\u00a0tel. 8-526 872 54).<\/p>\n<p style=\"text-align: justify;\">&#8211; <strong>Vilniaus universiteto Traum\u0173 psichologijos tyrim\u0173 grup\u0117<\/strong> teikia nemokam\u0105 psichologin\u0119 pagalb\u0105 potrauminio streso sindrom\u0105 turintiems asmenims (suaugusiems). Pirminiam pokalbiui registracija telefonu 8 675 62 696 arba el. pa\u0161tu <a href=\"mailto:psichotraumatojogija@fsf.vu.lt\">psichotraumatojogija@fsf.vu.lt<\/a><\/p>\n<p style=\"text-align: justify;\"><strong>&#8211; Vilniaus \u0161eimos psichologijos centras<\/strong>. Konsultacijos \u0161eimoms, vaikams, mokymai t\u0117vams. (Apkas\u0173 g. 6-9, Vilnius, \u00a0\u00a0\u00a0\u00a0\u00a0\u00a0\u00a0\u00a0\u00a0el. p. <a href=\"mailto:info@seimospsichologija.lt\">info@seimospsichologija.lt<\/a> tel. 8-646 61200). Paslaugos mokamos<\/p>\n<p style=\"text-align: justify;\" align=\"center\"><strong><span style=\"text-decoration: underline;\">Mokymai t\u0117vams (t\u0117vyst\u0117s \u012fg\u016bd\u017ei\u0173 formavimas, vaik\u0173 aukl\u0117jimas ir pan.):<\/span><\/strong><\/p>\n<p style=\"text-align: justify;\"><strong>-Vilniaus Pal. J. Matulai\u010dio \u0161eimos pagalbos centras:<\/strong> <strong>t\u0117vyst\u0117s \u012fg\u016bd\u017ei\u0173\u00a0 lavinimo grup\u0117s <\/strong><strong>(Matulai\u010dio a.3, \u00a0\u00a0\u00a0\u00a0\u00a0\u00a0\u00a0\u00a0\u00a0\u00a0\u00a0\u00a0\u00a0\u00a0\u00a0\u00a0Tel. (8-5) 246 17 79).<\/strong><\/p>\n<p style=\"text-align: justify;\"><strong>-V\u0161\u012e Paramos vaikams centras: \u201eAukime kartu &#8211; esminiai s\u0117kmingos t\u0117vyst\u0117s veiksniai ir\u00a0 komponentai\u201c \u00a0\u00a0\u00a0\u00a0\u00a0\u00a0\u00a0\u00a0\u00a0\u00a0\u00a0\u00a0\u00a0(<\/strong>Latvi\u0173 g. 19A, Tel.:\u00a0 8 5 2715980; 8 611 43567).<\/p>\n<p style=\"text-align: justify;\"><strong>-Psichologin\u0117 pedagogin\u0117 tarnyba: (nemokama psichologin\u0117 pagalba \u0161eimai, pozityvios t\u0117vyst\u0117s kursai &#8211; <\/strong>A.Vivulskio g. 2a, Tel. 8-5 265 0912; 8-5 265 0908).<\/p>\n<p style=\"text-align: justify;\"><strong>-Vilniaus m. socialin\u0117s paramos centras <\/strong>(Kauno g. 3, Tel. 8-5231 0527, 8-683 81326) \u2013 <strong>pozityvios t\u0117vyst\u0117s geb\u0117jim\u0173 ugdymo grup\u0117s t\u0117vams.<\/strong><\/p>\n<p style=\"text-align: justify;\">&#8211; <strong>Sos Vaik\u0173 kaimas<\/strong> (paslaugos \u0161eimoms: psichologo konsultacijos \u0161eimai, t\u0117vyst\u0117s \u012fg\u016bd\u017ei\u0173 lavinimo grup\u0117s, dienos centras vaikams ir kita), Skrobl\u0173 g. 15-115 (tel. 8-5233 0833)<\/p>\n<p style=\"text-align: justify;\"><strong>&#8211;<\/strong> <strong>VLGN \u201eAtsigr\u0119\u017ek \u012f vaikus\u201c, projektas \u201eTvirtos \u0161eimos ir pozityvios t\u0117vyst\u0117s mokykla\u201c <\/strong>\u00a0(A. Jaro\u0161evi\u010diaus g. 10B, Vilnius, tel. 8-52385770, <a href=\"mailto:atsigrezk@gmail.com\">atsigrezk@gmail.com<\/a>)<\/p>\n<p style=\"text-align: justify;\"><strong>-Vilniaus m. socialin\u0117s paramos centras <\/strong>(Kauno g. 3, Tel. 8-68381326, 8-68381796) \u2013 <strong>mokymai k\u016bdikio besilaukiantiems t\u0117vams, vieni\u0161oms mamoms (Saugaus ry\u0161io su vaiku mokymo kursai).<\/strong><\/p>\n<p style=\"text-align: justify;\"><strong>&#8211;<\/strong><strong>T\u0117v\u0173 akademija<\/strong> &#8211; mokymai t\u0117vams pagal problematik\u0105 ir vaik\u0173 am\u017eiaus tarpsnius <a href=\"http:\/\/www.tevuakademija.lt\/\">www.tevuakademija.lt<\/a>, \u00a0\u00a0\u00a0\u00a0\u00a0\u00a0\u00a0\u00a0\u00a0\u00a0\u00a0\u00a0\u00a0\u00a0\u00a0\u00a0\u00a0\u00a0\u00a0\u00a0\u00a0\u00a0tel. 8 616 14161,\u00a0 Kursas nuo 180 lt.<\/p>\n<p style=\"text-align: justify;\"><strong>&#8211; <a href=\"http:\/\/www.stepgrupes.lt\/\">www.stepgrupes.lt<\/a> <\/strong>grupi\u0173 t\u0117vams s\u0105ra\u0161as visame mieste, registruotis taip pat galima <a href=\"mailto:psichologe.jolita@gmail.com\">psichologe.jolita@gmail.com<\/a>. Kursas (9 susitikimai) nuo 140 lt<\/p>\n<p style=\"text-align: justify;\"><strong>&#8211; Lietuvos vaik\u0173 ir jaunimo centras<\/strong> (Konstitucijos pr. 25, Vilnius 215 aud. el. p.\u00a0<a href=\"mailto:renata@lvjc.lt\">renata@lvjc.lt<\/a> arba tel. 8-520 54695.) Vieno seminaro kaina\u00a0 nuo 40 lt.<\/p>\n<p style=\"text-align: justify;\" align=\"center\"><strong><span style=\"text-decoration: underline;\">Priklausomyb\u0117s lig\u0173 gydymas:<\/span><\/strong><\/p>\n<p style=\"text-align: justify;\"><strong>&#8211; B\u012e Vilniaus priklausomyb\u0117s lig\u0173 centras<\/strong> <em>Gerosios Vilties g. 3<\/em>., Tel. 8 5 216 0014, el. p. <a href=\"mailto:vplc@vplc.lt\">vplc@vplc.lt<\/a> (<strong><span style=\"text-decoration: underline;\">yra ir jaunuoli\u0173 nuo 17 m. reabilitacija, <\/span>\u201eMinesotos programa\u201c, integracijos projektas \u201eMano guru\u201c ir t.t<\/strong>)<strong><span style=\"text-decoration: underline;\">)<\/span><\/strong>; <strong>Reikalingi dokumentai<\/strong>: pa\u017eyma apie deklaruot\u0105 gyvenam\u0105 viet\u0105, pa\u017eyma i\u0161 tuberkuliozinio, asmens tapatyb\u0117s dokumentas.<\/p>\n<p style=\"text-align: justify;\"><strong>-Vilniaus m. socialin\u0117s paramos centro Pagalbos \u0161eimai skyrius: <\/strong>individualios konsultacijos, grupiniai u\u017esi\u0117mimai ir t.t d\u0117l priklausomyb\u0117s lig\u0173 problem\u0173 (Kauno g. 3, Tel. 8-5231 3655)<\/p>\n<p style=\"text-align: justify;\"><strong>&#8211; Respublikin\u0117 Vilniaus Psichiatrijos ligonin\u0117, \u016ami\u0173 alkoholini\u0173 psichozi\u0173 skyrius<\/strong>, Parko g. 15, Tel. 8-5267 2426 (kreiptis d\u0117l priklausomyb\u0117s lig\u0173 problem\u0173)<\/p>\n<p style=\"text-align: justify;\" align=\"center\"><strong><span style=\"text-decoration: underline;\">Teisin\u0117 pagalba:<\/span><\/strong><\/p>\n<p style=\"text-align: justify;\"><em><strong>1. Garantinio vaik\u0173 i\u0161laikymo fond\u0173 administracijos adresas ir darbo laikas <\/strong><\/em><em>(kreiptis, kai asmuo negauna teismo priteisto i\u0161laikymo vaikams)<\/em>, Rinktin\u0117s g. 48 (I-as auk\u0161tas), Vilnius, tel. (8 5) 2728081 \/ (8 5) 2796076, .\u00a0\u00a0\u00a0\u00a0\u00a0\u00a0\u00a0\u00a0\u00a0\u00a0\u00a0\u00a0\u00a0\u00a0\u00a0\u00a0\u00a0\u00a0\u00a0\u00a0\u00a0\u00a0\u00a0\u00a0 fax. (8 5) 265 3984, el. pa\u0161tas: <a href=\"mailto:info@gvifa.lt\">info@gvifa.lt<\/a><\/p>\n<p style=\"text-align: justify;\"><strong>2.<\/strong> <strong><em>Nemokama<\/em><\/strong> <strong><em>pirmin\u0117 teisin\u0117 pagalba<\/em><\/strong><em> &#8211; <\/em>teikia Vilniaus m. savivaldyb\u0117s administracijos Teis\u0117s departamento Teisin\u0117s pagalbos skyriaus darbuotojai (Konstitucijos pr. 3, 234 ir 240 kab., Tel. 211 2744). Pri\u0117mimo laikas paskiriamas ne v\u0117liau kaip per 5 dienas nuo kreipimosi dienos.\u00a0Asmuo, besikreipiantis d\u0117l pirmin\u0117s teisin\u0117s konsultacijos\u00a0turi pateikti asmens dokument\u0105 \u00a0ir \u012frodym\u0105 apie deklaruot\u0105 gyvenam\u0105j\u0105 viet\u0105. Teisin\u0117 pagalba teikiama Lietuvos Respublikos ir Europos S\u0105jungos valstybi\u0173 pilie\u010diams, kuri\u0173 deklaruota ar faktin\u0117 (kurie neturi deklaruotos) gyvenamoji vieta yra Vilniaus m.\u00a0 Asmuo tuo pa\u010diu klausimu gali kreiptis tik vien\u0105 kart\u0105.<\/p>\n<p style=\"text-align: justify;\"><strong><span style=\"text-decoration: underline;\">Darbo laikas:<\/span><\/strong>\u00a0 Pirmadieniais-ketvirtadieniais 8.00-17.00 val; penktadieniais- 8.00-15.45 val;\u00a0\u00a0\u00a0\u00a0\u00a0\u00a0\u00a0\u00a0\u00a0\u00a0 .<\/p>\n<p style=\"text-align: justify;\"><strong>\u00a0<\/strong><strong><em>Antrin\u0117 teisin\u0117 pagalba:<\/em><\/strong><em>\u00a0<\/em>Vilniaus VGTP tarnyba<em>, <\/em>Odmini\u0173 g. 3, Tel. 8-526 47480<\/p>\n<p style=\"text-align: justify;\" align=\"center\">\n<\/address>\n<p><strong>\u00a0<\/strong><\/p>","protected":false},"excerpt":{"rendered":"<p>Vaiko gerov\u0117s komisijos paskirtis &#8211; organizuoti ir koordinuoti prevencin\u012f darb\u0105, \u0161vietimo pagalbos teikim\u0105, saugios ir palankios vaiko ugdymui aplinkos k\u016brim\u0105, \u0161vietimo program\u0173 pritaikym\u0105 mokiniams, turintiems speciali\u0173 poreiki\u0173, atlikti mokinio speciali\u0173j\u0173 ugdymosi poreiki\u0173 pirmin\u012f \u012fvertinim\u0105 ir atlikti kitas su vaiko gerove susijusias funkcijas. Vaiko gerov\u0117s komisija Veslava Voini\u010d \u2013 komisijos pirminink\u0117, direktor\u0117, dail\u0117s mokytoja Lilija Gajevska \u2013 komisijos pirminink\u0117s pavaduotoja,\u00a0direktoriaus pavaduotoja<\/p>\n","protected":false},"author":1,"featured_media":0,"parent":5488,"menu_order":4,"comment_status":"closed","ping_status":"closed","template":"","meta":{"footnotes":""},"class_list":["post-6232","page","type-page","status-publish","hentry"],"jetpack_sharing_enabled":true,"_links":{"self":[{"href":"https:\/\/www.slovackio.vilniausr.lm.lt\/index.php?rest_route=\/wp\/v2\/pages\/6232","targetHints":{"allow":["GET"]}}],"collection":[{"href":"https:\/\/www.slovackio.vilniausr.lm.lt\/index.php?rest_route=\/wp\/v2\/pages"}],"about":[{"href":"https:\/\/www.slovackio.vilniausr.lm.lt\/index.php?rest_route=\/wp\/v2\/types\/page"}],"author":[{"embeddable":true,"href":"https:\/\/www.slovackio.vilniausr.lm.lt\/index.php?rest_route=\/wp\/v2\/users\/1"}],"replies":[{"embeddable":true,"href":"https:\/\/www.slovackio.vilniausr.lm.lt\/index.php?rest_route=%2Fwp%2Fv2%2Fcomments&post=6232"}],"version-history":[{"count":36,"href":"https:\/\/www.slovackio.vilniausr.lm.lt\/index.php?rest_route=\/wp\/v2\/pages\/6232\/revisions"}],"predecessor-version":[{"id":35048,"href":"https:\/\/www.slovackio.vilniausr.lm.lt\/index.php?rest_route=\/wp\/v2\/pages\/6232\/revisions\/35048"}],"up":[{"embeddable":true,"href":"https:\/\/www.slovackio.vilniausr.lm.lt\/index.php?rest_route=\/wp\/v2\/pages\/5488"}],"wp:attachment":[{"href":"https:\/\/www.slovackio.vilniausr.lm.lt\/index.php?rest_route=%2Fwp%2Fv2%2Fmedia&parent=6232"}],"curies":[{"name":"wp","href":"https:\/\/api.w.org\/{rel}","templated":true}]}}