{"id":6229,"date":"2014-09-17T12:32:48","date_gmt":"2014-09-17T10:32:48","guid":{"rendered":"http:\/\/www.slovackio.vilniausr.lm.lt\/?page_id=6229"},"modified":"2026-04-27T08:14:27","modified_gmt":"2026-04-27T06:14:27","slug":"planavimo-dokumentai","status":"publish","type":"page","link":"https:\/\/www.slovackio.vilniausr.lm.lt\/?page_id=6229","title":{"rendered":"Planavimo dokumentai"},"content":{"rendered":"<p><\/p>\n<ol>\n<li><span style=\"color: #000080;\"><strong><a style=\"color: #000080;\" href=\"https:\/\/www.slovackio.vilniausr.lm.lt\/wp-content\/uploads\/Vertinimo-tvarkos-apraso-pakeitimas-1.pdf\">Mokini\u0173 \u017eini\u0173 vertinimo tvarkos apra\u0161as<\/a><\/strong><\/span><\/li>\n<li><strong><span style=\"color: #000080;\"><a style=\"color: #000080;\" href=\"https:\/\/www.slovackio.vilniausr.lm.lt\/wp-content\/uploads\/strateginis-planas-2023-2027.pdf\">Strateginis planas 2023-2027 m.<\/a><\/span><\/strong><\/li>\n<li><span style=\"color: #000080;\"><strong><a style=\"color: #000080;\" href=\"https:\/\/www.slovackio.vilniausr.lm.lt\/wp-content\/uploads\/Bezdoniu_J._Slovackio_ugdymo_planas_2025-2026_m._m.pdf\">Ugdymo planas 2025-2026 m.m.<\/a><\/strong><\/span><\/li>\n<li><strong><span style=\"color: #000080;\"><a style=\"color: #000080;\" href=\"https:\/\/www.slovackio.vilniausr.lm.lt\/wp-content\/uploads\/Mokiniu-elgesio-taisykles.pdf\">Mokini\u0173 elgesio taisykl\u0117s<\/a><\/span><\/strong><\/li>\n<li><strong><span style=\"color: #000080;\"> <a style=\"color: #000080;\" href=\"https:\/\/www.slovackio.vilniausr.lm.lt\/wp-content\/uploads\/Elektroninio-dienyno-tvarkymo-nuostatai.pdf\">Elektroninio dienyno tvarkymo nuostatai<\/a><\/span><\/strong><\/li>\n<li><strong><span style=\"color: #000080;\"><a style=\"color: #000080;\" href=\"https:\/\/www.slovackio.vilniausr.lm.lt\/wp-content\/uploads\/Lankomumo_tvarkos_aprasas_2023-2024_m.m.doc\">Mokini\u0173 lankomumo tvarkos apra\u0161as<\/a><\/span><\/strong><\/li>\n<li><strong><span style=\"color: #000080;\"><a href=\"https:\/\/www.slovackio.vilniausr.lm.lt\/wp-content\/uploads\/2026-m.-Gimnazijos-veiklos-planas-1-3.pdf\">2026 m. gimnazijos veiklos planas<\/a><\/span><\/strong><\/li>\n<li><span style=\"color: #000080;\"><strong><a style=\"color: #000080;\" href=\"https:\/\/www.slovackio.vilniausr.lm.lt\/wp-content\/uploads\/Mobiliuju-tvarka.pdf\">Mobili\u0173j\u0173 \u012frengini\u0173 naudojimo tvarka<\/a><\/strong><\/span><\/li>\n<li><strong><a href=\"https:\/\/www.slovackio.vilniausr.lm.lt\/wp-content\/uploads\/Mokiniu-specialiuju-ugdmosi-poreikiu-vertinimo-tvarkos-aprasas.pdf\">Mokini\u0173 speciali\u0173j\u0173 ugdymosi poreiki\u0173 vertinimo tvarkos apra\u0161as<\/a><\/strong><\/li>\n<\/ol>\n<p><\/p>","protected":false},"excerpt":{"rendered":"<p>Mokini\u0173 \u017eini\u0173 vertinimo tvarkos apra\u0161as Strateginis planas 2023-2027 m. Ugdymo planas 2025-2026 m.m. Mokini\u0173 elgesio taisykl\u0117s Elektroninio dienyno tvarkymo nuostatai Mokini\u0173 lankomumo tvarkos apra\u0161as 2026 m. gimnazijos veiklos planas Mobili\u0173j\u0173 \u012frengini\u0173 naudojimo tvarka Mokini\u0173 speciali\u0173j\u0173 ugdymosi poreiki\u0173 vertinimo tvarkos apra\u0161as<\/p>\n","protected":false},"author":1,"featured_media":0,"parent":6206,"menu_order":2,"comment_status":"closed","ping_status":"closed","template":"","meta":{"footnotes":""},"class_list":["post-6229","page","type-page","status-publish","hentry"],"jetpack_sharing_enabled":true,"_links":{"self":[{"href":"https:\/\/www.slovackio.vilniausr.lm.lt\/index.php?rest_route=\/wp\/v2\/pages\/6229","targetHints":{"allow":["GET"]}}],"collection":[{"href":"https:\/\/www.slovackio.vilniausr.lm.lt\/index.php?rest_route=\/wp\/v2\/pages"}],"about":[{"href":"https:\/\/www.slovackio.vilniausr.lm.lt\/index.php?rest_route=\/wp\/v2\/types\/page"}],"author":[{"embeddable":true,"href":"https:\/\/www.slovackio.vilniausr.lm.lt\/index.php?rest_route=\/wp\/v2\/users\/1"}],"replies":[{"embeddable":true,"href":"https:\/\/www.slovackio.vilniausr.lm.lt\/index.php?rest_route=%2Fwp%2Fv2%2Fcomments&post=6229"}],"version-history":[{"count":205,"href":"https:\/\/www.slovackio.vilniausr.lm.lt\/index.php?rest_route=\/wp\/v2\/pages\/6229\/revisions"}],"predecessor-version":[{"id":35376,"href":"https:\/\/www.slovackio.vilniausr.lm.lt\/index.php?rest_route=\/wp\/v2\/pages\/6229\/revisions\/35376"}],"up":[{"embeddable":true,"href":"https:\/\/www.slovackio.vilniausr.lm.lt\/index.php?rest_route=\/wp\/v2\/pages\/6206"}],"wp:attachment":[{"href":"https:\/\/www.slovackio.vilniausr.lm.lt\/index.php?rest_route=%2Fwp%2Fv2%2Fmedia&parent=6229"}],"curies":[{"name":"wp","href":"https:\/\/api.w.org\/{rel}","templated":true}]}}