{"id":6225,"date":"2014-09-17T12:29:05","date_gmt":"2014-09-17T10:29:05","guid":{"rendered":"http:\/\/www.slovackio.vilniausr.lm.lt\/?page_id=6225"},"modified":"2025-04-29T09:48:07","modified_gmt":"2025-04-29T07:48:07","slug":"paslaugos","status":"publish","type":"page","link":"https:\/\/www.slovackio.vilniausr.lm.lt\/?page_id=6225","title":{"rendered":"Paslaugos"},"content":{"rendered":"<p><\/p>\n<p style=\"text-align: left;\"><strong style=\"color: #993300;\"><span style=\"color: #333300;\">Mokytojo pad\u0117j\u0117j\u0173 pagalba, ruo\u0161iant nam\u0173 darbus \u2013 <\/span><\/strong><span style=\"color: #333300;\">pirmadienis \u2013 penktadienis, tel. 85 &#8211; 2 696 438<\/span><\/p>\n<p><span style=\"color: #333300;\"><strong>Logopedo konsultacijos<\/strong> &#8211; Olga \u0160ablovskien\u0117, tel. 85 &#8211; 2 696 438,\u00a0 pirmadienis &#8211; penktadienis\u00a0<\/span><\/p>\n<p><span style=\"color: #333300;\"><strong>Socialinio pedagogo konsultacijos<\/strong> &#8211; Ana Maciulevi\u010d, tel. 85-2 696 438, pirmadienis &#8211; ketvirtadienis<\/span><\/p>\n<p><span style=\"color: #333300;\"><strong>Socialinio pedagogo konsultacijos<\/strong> &#8211; Gra\u017eina Gricevi\u010dien\u0117, tel. 85-2 696 438, antradienis &#8211; ketvirtadienis<\/span><\/p>\n<p><a href=\"https:\/\/www.slovackio.vilniausr.lm.lt\/wp-content\/uploads\/2016\/05\/A-10.jpg\" rel=\"attachment wp-att-10398\" rel=\"lightbox[6225]\"><span style=\"color: #333300;\"><strong>Pailgintos dienos grup\u0117 \u2013 Liudmila Laty\u0161evi\u010d, pradinio ugdymo mokytoja &#8211; <\/strong>pirmadienis \u2013 penktadienis, tel. 85 &#8211; 2 696 438<\/span><\/a><\/p>\n<p style=\"text-align: justify;\"><span style=\"color: #333300;\"><strong>Mokini\u0173\u00a0<\/strong><strong>pav\u0117\u017e\u0117jimas &#8211; <\/strong>m<span style=\"text-align: justify;\">okiniai, gyvenantys toliau nei 3 kilometrai nuo mokyklos, yra pave\u017eami reisiniais autobusais bei\u00a0mokykliniu mikroautobusu. Autobusai atve\u017ea mokinius \u012f pirm\u0105 pamoka, ve\u017ea atgal po 7 pamok\u0173.<\/span><\/span><\/p>\n<p><span style=\"color: #333300;\"><strong>Mokini\u0173 maitinimas<\/strong> &#8211; Lucija Barkovi\u010d, Liudmila Bu\u017einskien\u0117, J. Ku\u010dinskien\u0117 &#8211; pirmadienis &#8211; penktadienis &#8211; gimnazijos valgykloje<\/span><\/p>","protected":false},"excerpt":{"rendered":"<p>Mokytojo pad\u0117j\u0117j\u0173 pagalba, ruo\u0161iant nam\u0173 darbus \u2013 pirmadienis \u2013 penktadienis, tel. 85 &#8211; 2 696 438 Logopedo konsultacijos &#8211; Olga \u0160ablovskien\u0117, tel. 85 &#8211; 2 696 438,\u00a0 pirmadienis &#8211; penktadienis\u00a0 Socialinio pedagogo konsultacijos &#8211; Ana Maciulevi\u010d, tel. 85-2 696 438, pirmadienis &#8211; ketvirtadienis Socialinio pedagogo konsultacijos &#8211; Gra\u017eina Gricevi\u010dien\u0117, tel. 85-2 696 438, antradienis &#8211; ketvirtadienis Pailgintos dienos grup\u0117 \u2013<\/p>\n","protected":false},"author":1,"featured_media":0,"parent":0,"menu_order":6,"comment_status":"closed","ping_status":"closed","template":"","meta":{"footnotes":""},"class_list":["post-6225","page","type-page","status-publish","hentry"],"jetpack_sharing_enabled":true,"_links":{"self":[{"href":"https:\/\/www.slovackio.vilniausr.lm.lt\/index.php?rest_route=\/wp\/v2\/pages\/6225","targetHints":{"allow":["GET"]}}],"collection":[{"href":"https:\/\/www.slovackio.vilniausr.lm.lt\/index.php?rest_route=\/wp\/v2\/pages"}],"about":[{"href":"https:\/\/www.slovackio.vilniausr.lm.lt\/index.php?rest_route=\/wp\/v2\/types\/page"}],"author":[{"embeddable":true,"href":"https:\/\/www.slovackio.vilniausr.lm.lt\/index.php?rest_route=\/wp\/v2\/users\/1"}],"replies":[{"embeddable":true,"href":"https:\/\/www.slovackio.vilniausr.lm.lt\/index.php?rest_route=%2Fwp%2Fv2%2Fcomments&post=6225"}],"version-history":[{"count":90,"href":"https:\/\/www.slovackio.vilniausr.lm.lt\/index.php?rest_route=\/wp\/v2\/pages\/6225\/revisions"}],"predecessor-version":[{"id":32463,"href":"https:\/\/www.slovackio.vilniausr.lm.lt\/index.php?rest_route=\/wp\/v2\/pages\/6225\/revisions\/32463"}],"wp:attachment":[{"href":"https:\/\/www.slovackio.vilniausr.lm.lt\/index.php?rest_route=%2Fwp%2Fv2%2Fmedia&parent=6225"}],"curies":[{"name":"wp","href":"https:\/\/api.w.org\/{rel}","templated":true}]}}