{"id":6223,"date":"2014-09-17T12:28:23","date_gmt":"2014-09-17T10:28:23","guid":{"rendered":"http:\/\/www.slovackio.vilniausr.lm.lt\/?page_id=6223"},"modified":"2025-03-27T18:25:40","modified_gmt":"2025-03-27T16:25:40","slug":"viesieji-pirkimai","status":"publish","type":"page","link":"https:\/\/www.slovackio.vilniausr.lm.lt\/?page_id=6223","title":{"rendered":"Vie\u0161ieji pirkimai"},"content":{"rendered":"<p><\/p>\n<h5 style=\"text-align: left;\" align=\"center\"><a href=\"https:\/\/www.slovackio.vilniausr.lm.lt\/wp-content\/uploads\/Pirkimu-planas-2025-m-koreguotas.pdf\">Pirkim\u0173 planas 2025 m.<\/a><\/h5>\n<h5 style=\"text-align: left;\" align=\"center\"><span style=\"color: #800000;\"><a style=\"color: #800000;\" href=\"https:\/\/www.slovackio.vilniausr.lm.lt\/wp-content\/uploads\/Pirkimu-planas-2024.pdf\">2024 met\u0173 pirkim\u0173 planas<\/a><\/span><\/h5>\n<h5><strong><span style=\"color: #800000;\"><a style=\"color: #800000;\" href=\"https:\/\/www.slovackio.vilniausr.lm.lt\/wp-content\/uploads\/pirkimo-planas-2023.docx\">2023 met\u0173 pirkim\u0173 planas <\/a><\/span><\/strong><\/h5>\n<h5 style=\"text-align: left;\" align=\"center\"><span style=\"color: #800000;\"><a style=\"color: #800000;\" href=\"https:\/\/www.slovackio.vilniausr.lm.lt\/?attachment_id=14900\" rel=\"attachment wp-att-14900\">D\u0117l gimnazijos pirkim\u0173 taisykli\u0173<\/a><\/span><\/h5>\n<h5 style=\"text-align: left;\" align=\"center\"><span style=\"color: #800000;\"><a style=\"color: #800000;\" href=\"https:\/\/www.slovackio.vilniausr.lm.lt\/?attachment_id=14858\" rel=\"attachment wp-att-14858\">\u012esakymas d\u0117l ma\u017eos vert\u0117s pirkim\u0173 tvarkos apra\u0161o patvirtinimo<\/a><\/span><\/h5>\n<h5 style=\"text-align: left;\" align=\"center\"><span style=\"color: #800000;\"><a style=\"color: #800000;\" href=\"https:\/\/www.slovackio.vilniausr.lm.lt\/?attachment_id=14854\" rel=\"attachment wp-att-14854\">Lietuvos Respublikos vie\u0161\u0173j\u0173 pirkim\u0173 \u012fstatymas<\/a><\/span><\/h5>\n<h5><span style=\"color: #800000;\"><a style=\"color: #800000;\" href=\"https:\/\/www.slovackio.vilniausr.lm.lt\/wp-content\/uploads\/2018\/03\/pirkim\u0173-planas-1.pdf\">2015 met\u0173 pirkim\u0173 planas<\/a><\/span><\/h5>\n<h5><span style=\"color: #800000;\"><a style=\"color: #800000;\" href=\"https:\/\/www.slovackio.vilniausr.lm.lt\/wp-content\/uploads\/2018\/03\/\u017dURNALAS.docx\">2015 met\u0173 pirkim\u0173 \u017eurnalas<\/a><\/span><\/h5>\n<h5><span style=\"color: #800000;\"><strong><a style=\"color: #800000;\" href=\"https:\/\/www.slovackio.vilniausr.lm.lt\/wp-content\/uploads\/2014\/09\/Pirkim\u0173-planas-2016-m..pdf\">2016 met\u0173 pirkim\u0173 planas<\/a><\/strong><\/span><\/h5>\n<h5><span style=\"color: #800000;\"><strong><a style=\"color: #800000;\" href=\"https:\/\/www.slovackio.vilniausr.lm.lt\/wp-content\/uploads\/2014\/09\/Pirkim\u0173-\u017eurnalas-2016.docx\">2016 met\u0173 pirkim\u0173 \u017eurnalas<\/a><\/strong><\/span><\/h5>\n<h5><span style=\"color: #800000;\"><strong><a style=\"color: #800000;\" href=\"https:\/\/www.slovackio.vilniausr.lm.lt\/wp-content\/uploads\/2014\/09\/pirkimu-planas-2017-papildytas-1.docx\">2017 met\u0173 pirkim\u0173 planas<\/a><\/strong><\/span><\/h5>\n<h5><span style=\"color: #800000;\"><a style=\"color: #800000;\" href=\"https:\/\/www.slovackio.vilniausr.lm.lt\/wp-content\/uploads\/2014\/09\/Pirkim\u0173-\u017eurnalas-2017-1.docx\">2017 met\u0173 pirkim\u0173 \u017eurnalas<\/a><\/span><\/h5>\n<p>&nbsp;<\/p>","protected":false},"excerpt":{"rendered":"<p>Pirkim\u0173 planas 2025 m. 2024 met\u0173 pirkim\u0173 planas 2023 met\u0173 pirkim\u0173 planas D\u0117l gimnazijos pirkim\u0173 taisykli\u0173 \u012esakymas d\u0117l ma\u017eos vert\u0117s pirkim\u0173 tvarkos apra\u0161o patvirtinimo Lietuvos Respublikos vie\u0161\u0173j\u0173 pirkim\u0173 \u012fstatymas 2015 met\u0173 pirkim\u0173 planas 2015 met\u0173 pirkim\u0173 \u017eurnalas 2016 met\u0173 pirkim\u0173 planas 2016 met\u0173 pirkim\u0173 \u017eurnalas 2017 met\u0173 pirkim\u0173 planas 2017 met\u0173 pirkim\u0173 \u017eurnalas &nbsp;<\/p>\n","protected":false},"author":1,"featured_media":0,"parent":6206,"menu_order":5,"comment_status":"closed","ping_status":"closed","template":"","meta":{"footnotes":""},"class_list":["post-6223","page","type-page","status-publish","hentry"],"jetpack_sharing_enabled":true,"_links":{"self":[{"href":"https:\/\/www.slovackio.vilniausr.lm.lt\/index.php?rest_route=\/wp\/v2\/pages\/6223","targetHints":{"allow":["GET"]}}],"collection":[{"href":"https:\/\/www.slovackio.vilniausr.lm.lt\/index.php?rest_route=\/wp\/v2\/pages"}],"about":[{"href":"https:\/\/www.slovackio.vilniausr.lm.lt\/index.php?rest_route=\/wp\/v2\/types\/page"}],"author":[{"embeddable":true,"href":"https:\/\/www.slovackio.vilniausr.lm.lt\/index.php?rest_route=\/wp\/v2\/users\/1"}],"replies":[{"embeddable":true,"href":"https:\/\/www.slovackio.vilniausr.lm.lt\/index.php?rest_route=%2Fwp%2Fv2%2Fcomments&post=6223"}],"version-history":[{"count":87,"href":"https:\/\/www.slovackio.vilniausr.lm.lt\/index.php?rest_route=\/wp\/v2\/pages\/6223\/revisions"}],"predecessor-version":[{"id":32201,"href":"https:\/\/www.slovackio.vilniausr.lm.lt\/index.php?rest_route=\/wp\/v2\/pages\/6223\/revisions\/32201"}],"up":[{"embeddable":true,"href":"https:\/\/www.slovackio.vilniausr.lm.lt\/index.php?rest_route=\/wp\/v2\/pages\/6206"}],"wp:attachment":[{"href":"https:\/\/www.slovackio.vilniausr.lm.lt\/index.php?rest_route=%2Fwp%2Fv2%2Fmedia&parent=6223"}],"curies":[{"name":"wp","href":"https:\/\/api.w.org\/{rel}","templated":true}]}}