{"id":5493,"date":"2014-03-13T11:17:10","date_gmt":"2014-03-13T09:17:10","guid":{"rendered":"http:\/\/www.slovackio.vilniausr.lm.lt\/?page_id=5493"},"modified":"2026-02-08T19:26:41","modified_gmt":"2026-02-08T17:26:41","slug":"psichologas","status":"publish","type":"page","link":"https:\/\/www.slovackio.vilniausr.lm.lt\/?page_id=5493","title":{"rendered":"Psichologas"},"content":{"rendered":"<p><\/p>\n<p style=\"text-align: left;\" align=\"center\"><strong>Svarbu<\/strong><\/p>\n<ul>\n<li>Psichologas n\u0117ra gydytojas, jis vaist\u0173 nei\u0161ra\u0161o, dirba su psichi\u0161kai sveikais \u017emon\u0117mis.<\/li>\n<li>Psichologas pad\u0117s spr\u0119sti sunkumus, bet nepadarys to u\u017e klient\u0105.<\/li>\n<li>Psichologin\u0117 pagalba yra savanori\u0161ka, niekas neturi b\u016bti ver\u010diamas su psichologu kalb\u0117tis, pats klientas nusprend\u017eia, ar psichologo pagalba jam priimtina, galima bet kada \u0161ios pagalbos atsisakyti.<\/li>\n<li>Psichologas u\u017etikrina kliento konfidencialum\u0105.<\/li>\n<\/ul>\n<p><strong>Kam mokykloje teikiama pagalba?<\/strong><\/p>\n<p><strong>Mokinys<\/strong>\u00a0gali kreiptis, kai:<\/p>\n<ul>\n<li>kyla bendravimo sunkum\u0173 su bendraam\u017eiais, t\u0117vais, mokytojais, aplinkiniais;<\/li>\n<li>susiduria su \u012fvairiomis baim\u0117mis: lankyti mokykl\u0105, kalb\u0117ti prie\u0161 klas\u0119, ra\u0161yti kontrolinius ir pan;<\/li>\n<li>jau\u010diasi vieni\u0161as, li\u016bdnas ar prisl\u0117gtas, nori pasikalb\u0117ti apie savo sunkumus;<\/li>\n<li>susiduria su sunkiais gyvenimo \u012fvykiais (artimo \u017emogaus netektis, t\u0117v\u0173 skyrybos, liga ir pan.);<\/li>\n<li>neduoda ramyb\u0117s skausminga patirtis, n\u0117ra tikras d\u0117l ateities;<\/li>\n<li>nori pagerinti savo bendravimo \u012fg\u016bd\u017eius: valdyti jausmus, atsikratyti drovumo, mok\u0117ti lengviau susidraugauti ir pan.<\/li>\n<li>kyla mokymosi sunkum\u0173;<\/li>\n<li>bijo ar nedr\u0105su eiti \u012f mokykl\u0105;<\/li>\n<li>kamuoja prasm\u0117s klausimas, kyla min\u010di\u0173 apie savi\u017eudyb\u0119;<\/li>\n<li>nori pad\u0117ti savo draugui\/bendraklasiui, ta\u010diau ne\u017eino, kaip;<\/li>\n<li>kyla kit\u0173 sunkum\u0173, jausm\u0173 bei i\u0161gyvenim\u0173, apie kuriuos norisi pasikalb\u0117ti.<\/li>\n<\/ul>\n<p><strong>T\u0117vai\/glob\u0117jai<\/strong>\u00a0\u012f psicholog\u0105 gali kreiptis, kai:<\/p>\n<ul>\n<li>nesutariama su savo vaiku;<\/li>\n<li>staiga pasikei\u010dia vaiko elgesys ir t\u0117vai nesupranta, kas su juo vyksta;<\/li>\n<li>staiga suprast\u0117ja mokymosi rezultatai arba vaikas pradeda vengti mokyklos;<\/li>\n<li>vaikas pradeda sk\u0173stis bloga savijauta: galvos ar pilvo skausmais, nemiga, pykinimu ir d\u0117l to praleid\u017eiama vis daugiau pamok\u0173;<\/li>\n<li>\u0161eima i\u0161gyvena kriz\u0119 (pvz., skyrybas, artimo \u017emogaus netekt\u012f) ir t\u0117vai ne\u017eino, kaip pad\u0117ti savo vaikui;<\/li>\n<li>kai vaikas u\u017esimena apie nor\u0105 nusi\u017eudyti, pradeda save \u017ealoti;<\/li>\n<li>kitais atvejais, kai t\u0117vai sutrik\u0119 ir nori pasikonsultuoti d\u0117l savo vaiko.<\/li>\n<\/ul>\n<p><strong>Mokytojas<\/strong>\u00a0\u012f psicholog\u0105 gali kreiptis, kai:<\/p>\n<ul>\n<li>kyla bendravimo sunkum\u0173 su mokiniu\/mokiniais;<\/li>\n<li>nori sukurti palank\u0173 klas\u0117s mikroklimat\u0105;<\/li>\n<li>nori pad\u0117ti savo mokiniui, bet ne\u017eino, kaip;<\/li>\n<li>susiduria su krizin\u0117mis situacijomis: smurtas \u0161eimoje, mokinio ged\u0117jimas, mintys apie savi\u017eudyb\u0119 ir pan.<\/li>\n<\/ul>\n<p style=\"text-align: left;\" align=\"center\"><span style=\"color: #003300;\"><strong>Psichologin\u0117 pagalba telefonu:<\/strong><\/span><\/p>\n<ul>\n<li><span style=\"color: #800000;\"><strong>Jaunimo linija<\/strong><\/span>\u00a0\u2013 8 800 28888 (darbo laikas: 16.00-07.00 val. kasdien, savaitgaliais vis\u0105 par\u0105).<\/li>\n<li><span style=\"color: #800000;\"><strong>Vaik\u0173 linija<\/strong><\/span>\u00a0\u2013 8 800 11111 (psichologin\u0117, emocin\u0117, teisin\u0117, socialin\u0117 pagalba vaikams, paaugliams. Darbo laikas: 11.00-21.00 val. kasdien).<\/li>\n<li><span style=\"color: #800000;\"><strong>Vilties linija<\/strong><\/span>\u00a0\u2013 116123 (psichologin\u0117 pagalba suaugusiems. Darbo laikas: vis\u0105 par\u0105).<\/li>\n<li><span style=\"color: #800000;\"><strong>Linija Doverija<\/strong><\/span>\u00a0\u2013 8 800 77277 (nemokama anonimin\u0117, emocin\u0117 parama paaugliams ir jaunimui rus\u0173 kalba. Darbo laikas: 16.00 \u2013 20.00 val. darbo dienomis).<\/li>\n<li><span style=\"color: #800000;\"><strong>Pagalbos moterims linija<\/strong><\/span>\u00a0\u2013 8 800 66366 (nemokama anonimin\u0117, emocin\u0117 parama moterims ir merginoms. Darbo laikas: 10.00 \u2013 21.00 val. darbo dienomis)<\/li>\n<li><strong><span style=\"color: #800000;\">T\u0117v\u0173 linija<\/span><\/strong> 880090012 (Linija veiks darbo dienomis vakarais)<\/li>\n<\/ul>\n<p><strong>\u00a0<span style=\"color: #800000;\">Psichologin\u0117 pagalba\u00a0internetu:\u00a0<\/span><\/strong><\/p>\n<ul>\n<li><strong>Jaunimo linija<\/strong>\u00a0\u2013\u00a0<a href=\"http:\/\/www.jaunimolinija.lt\/\" target=\"_blank\" rel=\"noopener noreferrer\">www.jaunimolinija.lt<\/a><\/li>\n<li><strong>Vaik\u0173 linija<\/strong>\u00a0\u2013\u00a0<a href=\"http:\/\/www.vaikulinija.lt\/\" target=\"_blank\" rel=\"noopener noreferrer\">www.vaikulinija.lt<\/a><\/li>\n<\/ul>\n<p><\/p>","protected":false},"excerpt":{"rendered":"<p>Svarbu Psichologas n\u0117ra gydytojas, jis vaist\u0173 nei\u0161ra\u0161o, dirba su psichi\u0161kai sveikais \u017emon\u0117mis. Psichologas pad\u0117s spr\u0119sti sunkumus, bet nepadarys to u\u017e klient\u0105. Psichologin\u0117 pagalba yra savanori\u0161ka, niekas neturi b\u016bti ver\u010diamas su psichologu kalb\u0117tis, pats klientas nusprend\u017eia, ar psichologo pagalba jam priimtina, galima bet kada \u0161ios pagalbos atsisakyti. Psichologas u\u017etikrina kliento konfidencialum\u0105. Kam mokykloje teikiama pagalba? Mokinys\u00a0gali kreiptis, kai: kyla bendravimo sunkum\u0173<\/p>\n","protected":false},"author":1,"featured_media":0,"parent":5488,"menu_order":2,"comment_status":"closed","ping_status":"closed","template":"","meta":{"footnotes":""},"class_list":["post-5493","page","type-page","status-publish","hentry"],"jetpack_sharing_enabled":true,"_links":{"self":[{"href":"https:\/\/www.slovackio.vilniausr.lm.lt\/index.php?rest_route=\/wp\/v2\/pages\/5493","targetHints":{"allow":["GET"]}}],"collection":[{"href":"https:\/\/www.slovackio.vilniausr.lm.lt\/index.php?rest_route=\/wp\/v2\/pages"}],"about":[{"href":"https:\/\/www.slovackio.vilniausr.lm.lt\/index.php?rest_route=\/wp\/v2\/types\/page"}],"author":[{"embeddable":true,"href":"https:\/\/www.slovackio.vilniausr.lm.lt\/index.php?rest_route=\/wp\/v2\/users\/1"}],"replies":[{"embeddable":true,"href":"https:\/\/www.slovackio.vilniausr.lm.lt\/index.php?rest_route=%2Fwp%2Fv2%2Fcomments&post=5493"}],"version-history":[{"count":43,"href":"https:\/\/www.slovackio.vilniausr.lm.lt\/index.php?rest_route=\/wp\/v2\/pages\/5493\/revisions"}],"predecessor-version":[{"id":34579,"href":"https:\/\/www.slovackio.vilniausr.lm.lt\/index.php?rest_route=\/wp\/v2\/pages\/5493\/revisions\/34579"}],"up":[{"embeddable":true,"href":"https:\/\/www.slovackio.vilniausr.lm.lt\/index.php?rest_route=\/wp\/v2\/pages\/5488"}],"wp:attachment":[{"href":"https:\/\/www.slovackio.vilniausr.lm.lt\/index.php?rest_route=%2Fwp%2Fv2%2Fmedia&parent=5493"}],"curies":[{"name":"wp","href":"https:\/\/api.w.org\/{rel}","templated":true}]}}