{"id":5491,"date":"2014-03-13T11:16:24","date_gmt":"2014-03-13T09:16:24","guid":{"rendered":"http:\/\/www.slovackio.vilniausr.lm.lt\/?page_id=5491"},"modified":"2026-02-08T19:25:23","modified_gmt":"2026-02-08T17:25:23","slug":"logopedas","status":"publish","type":"page","link":"https:\/\/www.slovackio.vilniausr.lm.lt\/?page_id=5491","title":{"rendered":"Logopedas"},"content":{"rendered":"<p><\/p>\n<h3 data-start=\"195\" data-end=\"212\"><span style=\"color: #008000;\"><strong data-start=\"199\" data-end=\"212\">Logopedai<\/strong><\/span><\/h3>\n<p data-start=\"214\" data-end=\"349\"><span style=\"color: #000080;\"><strong data-start=\"214\" data-end=\"233\">Julija Mincevi\u010d<\/strong> <\/span>\u2013 logoped\u0117, specialioji pedagog\u0117<br data-start=\"266\" data-end=\"269\" \/><strong data-start=\"269\" data-end=\"286\">Darbo laikas:<\/strong> antradieniais\u2013ketvirtadieniais dirba dar\u017eelyje ir gimnazijoje.<\/p>\n<p data-start=\"351\" data-end=\"451\"><span style=\"color: #000080;\"><strong data-start=\"351\" data-end=\"372\">Olga \u0160ablovskien\u0117<\/strong><\/span> \u2013 logoped\u0117<br data-start=\"383\" data-end=\"386\" \/><strong data-start=\"386\" data-end=\"403\">Darbo laikas:<\/strong> pirmadieniais\u2013penktadieniais dirba gimnazijoje.<\/p>\n<hr data-start=\"453\" data-end=\"456\" \/>\n<h3 data-start=\"458\" data-end=\"482\"><span style=\"color: #008000;\"><strong data-start=\"462\" data-end=\"482\">Logopedo pagalba<\/strong><\/span><\/h3>\n<p style=\"text-align: justify;\" data-start=\"484\" data-end=\"777\"><strong>Logopedo pagalba<\/strong> \u2013 tai pratybos (u\u017esi\u0117mimai), kuri\u0173 tikslas \u2013 \u0161alinti kalbos sutrikimus ir lavinti vaiko kalbinius geb\u0117jimus. Pratyb\u0173 intensyvumas, trukm\u0117 ir pob\u016bdis priklauso nuo kalbos sutrikimo sunkumo. Logopedin\u0117s pagalbos efektyvumas priklauso nuo logopedo ir vaiko t\u0117v\u0173 bendradarbiavimo.<\/p>\n<h3 style=\"text-align: center;\"><\/h3>\n<p><\/p>","protected":false},"excerpt":{"rendered":"<p>Logopedai Julija Mincevi\u010d \u2013 logoped\u0117, specialioji pedagog\u0117Darbo laikas: antradieniais\u2013ketvirtadieniais dirba dar\u017eelyje ir gimnazijoje. Olga \u0160ablovskien\u0117 \u2013 logoped\u0117Darbo laikas: pirmadieniais\u2013penktadieniais dirba gimnazijoje. Logopedo pagalba Logopedo pagalba \u2013 tai pratybos (u\u017esi\u0117mimai), kuri\u0173 tikslas \u2013 \u0161alinti kalbos sutrikimus ir lavinti vaiko kalbinius geb\u0117jimus. Pratyb\u0173 intensyvumas, trukm\u0117 ir pob\u016bdis priklauso nuo kalbos sutrikimo sunkumo. Logopedin\u0117s pagalbos efektyvumas priklauso nuo logopedo ir vaiko t\u0117v\u0173 bendradarbiavimo.<\/p>\n","protected":false},"author":1,"featured_media":0,"parent":5488,"menu_order":1,"comment_status":"closed","ping_status":"closed","template":"","meta":{"footnotes":""},"class_list":["post-5491","page","type-page","status-publish","hentry"],"jetpack_sharing_enabled":true,"_links":{"self":[{"href":"https:\/\/www.slovackio.vilniausr.lm.lt\/index.php?rest_route=\/wp\/v2\/pages\/5491","targetHints":{"allow":["GET"]}}],"collection":[{"href":"https:\/\/www.slovackio.vilniausr.lm.lt\/index.php?rest_route=\/wp\/v2\/pages"}],"about":[{"href":"https:\/\/www.slovackio.vilniausr.lm.lt\/index.php?rest_route=\/wp\/v2\/types\/page"}],"author":[{"embeddable":true,"href":"https:\/\/www.slovackio.vilniausr.lm.lt\/index.php?rest_route=\/wp\/v2\/users\/1"}],"replies":[{"embeddable":true,"href":"https:\/\/www.slovackio.vilniausr.lm.lt\/index.php?rest_route=%2Fwp%2Fv2%2Fcomments&post=5491"}],"version-history":[{"count":23,"href":"https:\/\/www.slovackio.vilniausr.lm.lt\/index.php?rest_route=\/wp\/v2\/pages\/5491\/revisions"}],"predecessor-version":[{"id":34577,"href":"https:\/\/www.slovackio.vilniausr.lm.lt\/index.php?rest_route=\/wp\/v2\/pages\/5491\/revisions\/34577"}],"up":[{"embeddable":true,"href":"https:\/\/www.slovackio.vilniausr.lm.lt\/index.php?rest_route=\/wp\/v2\/pages\/5488"}],"wp:attachment":[{"href":"https:\/\/www.slovackio.vilniausr.lm.lt\/index.php?rest_route=%2Fwp%2Fv2%2Fmedia&parent=5491"}],"curies":[{"name":"wp","href":"https:\/\/api.w.org\/{rel}","templated":true}]}}