{"id":5488,"date":"2014-03-13T11:07:20","date_gmt":"2014-03-13T09:07:20","guid":{"rendered":"http:\/\/www.slovackio.vilniausr.lm.lt\/?page_id=5488"},"modified":"2022-09-30T11:58:31","modified_gmt":"2022-09-30T09:58:31","slug":"pagalba-mokiniui","status":"publish","type":"page","link":"https:\/\/www.slovackio.vilniausr.lm.lt\/?page_id=5488","title":{"rendered":"\u0160vietimo pagalba mokiniui"},"content":{"rendered":"<p><span style=\"color: #993300;\">&nbsp; &nbsp; &nbsp;<\/span> Siekiant pad\u0117ti mokiniui \u012fveikti mokymosi sunkumus, pasirinkti studij\u0173 krypt\u012f, m\u016bs\u0173 mokykloje t\u0117vai, mokiniai gali kreiptis pagalbos \u012f:<\/p>\n<ul>\n<li><span style=\"color: #000000;\">psicholog\u0105,<\/span><\/li>\n<li><span style=\"color: #000000;\">logoped\u0105,<\/span><\/li>\n<li><span style=\"color: #000000;\">socialin\u012f pedagog\u0105,<\/span><\/li>\n<li><span style=\"color: #000000;\">sveikatos prie\u017ei\u016bros specialist\u0105,<\/span><\/li>\n<li><span style=\"color: #000000;\">mokytojo pad\u0117j\u0117j\u0105,<\/span><\/li>\n<li>skambinant t\u0117v\u0173 linija, tel. 880090012.<\/li>\n<\/ul>\n<p style=\"text-align: justify;\"><span style=\"color: #993300;\"><span style=\"color: #000000;\">1-5 klasi\u0173 mokiniai turi galimyb\u0119 atlikti nam\u0173 darb\u0173 u\u017eduotis pailgintos dienos grup\u0117je, 1-IVG klasi\u0173 mokiniams mokytojai suteikia dalyk\u0173 konsultacijas laisvos pamokos metu, po pamok\u0173 bei mokini\u0173 atostog\u0173 metu. Gimnazijoje veikia:<\/span><\/span><\/p>\n<ul>\n<li><span style=\"color: #000000;\">Vaiko gerov\u0117s komisija<\/span><\/li>\n<li><span style=\"color: #000000;\">Profesinio orientavimo ir karjeros ugdymo darbo grup\u0117<\/span><\/li>\n<\/ul>\n<p style=\"text-align: center;\"><span style=\"color: #000000;\"><strong><a href=\"https:\/\/www.slovackio.vilniausr.lm.lt\/wp-content\/uploads\/2014\/09\/Untitled.jpg\" rel=\"lightbox[5488]\"><span style=\"color: #000000;\"><img loading=\"lazy\" decoding=\"async\" class=\"size-medium wp-image-7463 aligncenter\" title=\"Untitled\" src=\"https:\/\/www.slovackio.vilniausr.lm.lt\/wp-content\/uploads\/2014\/09\/Untitled-300x182.jpg\" alt=\"\" width=\"300\" height=\"182\" srcset=\"https:\/\/www.slovackio.vilniausr.lm.lt\/wp-content\/uploads\/2014\/09\/Untitled-300x182.jpg 300w, https:\/\/www.slovackio.vilniausr.lm.lt\/wp-content\/uploads\/2014\/09\/Untitled.jpg 619w\" sizes=\"auto, (max-width: 300px) 100vw, 300px\" \/><\/span><\/a><\/strong><\/span><\/p>\n<p style=\"text-align: center;\">&nbsp;<\/p>\n<p><\/p>","protected":false},"excerpt":{"rendered":"<p>&nbsp; &nbsp; &nbsp; Siekiant pad\u0117ti mokiniui \u012fveikti mokymosi sunkumus, pasirinkti studij\u0173 krypt\u012f, m\u016bs\u0173 mokykloje t\u0117vai, mokiniai gali kreiptis pagalbos \u012f: psicholog\u0105, logoped\u0105, socialin\u012f pedagog\u0105, sveikatos prie\u017ei\u016bros specialist\u0105, mokytojo pad\u0117j\u0117j\u0105, skambinant t\u0117v\u0173 linija, tel. 880090012. 1-5 klasi\u0173 mokiniai turi galimyb\u0119 atlikti nam\u0173 darb\u0173 u\u017eduotis pailgintos dienos grup\u0117je, 1-IVG klasi\u0173 mokiniams mokytojai suteikia dalyk\u0173 konsultacijas laisvos pamokos metu, po pamok\u0173 bei mokini\u0173<\/p>\n","protected":false},"author":1,"featured_media":0,"parent":6225,"menu_order":3,"comment_status":"closed","ping_status":"closed","template":"","meta":{"footnotes":""},"class_list":["post-5488","page","type-page","status-publish","hentry"],"jetpack_sharing_enabled":true,"_links":{"self":[{"href":"https:\/\/www.slovackio.vilniausr.lm.lt\/index.php?rest_route=\/wp\/v2\/pages\/5488","targetHints":{"allow":["GET"]}}],"collection":[{"href":"https:\/\/www.slovackio.vilniausr.lm.lt\/index.php?rest_route=\/wp\/v2\/pages"}],"about":[{"href":"https:\/\/www.slovackio.vilniausr.lm.lt\/index.php?rest_route=\/wp\/v2\/types\/page"}],"author":[{"embeddable":true,"href":"https:\/\/www.slovackio.vilniausr.lm.lt\/index.php?rest_route=\/wp\/v2\/users\/1"}],"replies":[{"embeddable":true,"href":"https:\/\/www.slovackio.vilniausr.lm.lt\/index.php?rest_route=%2Fwp%2Fv2%2Fcomments&post=5488"}],"version-history":[{"count":41,"href":"https:\/\/www.slovackio.vilniausr.lm.lt\/index.php?rest_route=\/wp\/v2\/pages\/5488\/revisions"}],"predecessor-version":[{"id":24778,"href":"https:\/\/www.slovackio.vilniausr.lm.lt\/index.php?rest_route=\/wp\/v2\/pages\/5488\/revisions\/24778"}],"up":[{"embeddable":true,"href":"https:\/\/www.slovackio.vilniausr.lm.lt\/index.php?rest_route=\/wp\/v2\/pages\/6225"}],"wp:attachment":[{"href":"https:\/\/www.slovackio.vilniausr.lm.lt\/index.php?rest_route=%2Fwp%2Fv2%2Fmedia&parent=5488"}],"curies":[{"name":"wp","href":"https:\/\/api.w.org\/{rel}","templated":true}]}}