{"id":3771,"date":"2012-11-19T11:20:12","date_gmt":"2012-11-19T09:20:12","guid":{"rendered":"http:\/\/www.slovackio.vilniausr.lm.lt\/?page_id=3771"},"modified":"2026-02-12T20:31:05","modified_gmt":"2026-02-12T18:31:05","slug":"veiklos-planas","status":"publish","type":"page","link":"https:\/\/www.slovackio.vilniausr.lm.lt\/?page_id=3771","title":{"rendered":"Bibliotekos dokumentai"},"content":{"rendered":"<p><\/p>\n<h6><strong><a href=\"https:\/\/www.slovackio.vilniausr.lm.lt\/wp-content\/uploads\/Bibliotekos-veiklos-planas-2026.pdf\">Bibliotekos veiklos planas 2026<\/a><\/strong><\/h6>\n<p><strong><a href=\"https:\/\/www.slovackio.vilniausr.lm.lt\/wp-content\/uploads\/Del-Vilniaus-r.-Bezdoniu-Julijaus-Slovackio-gimnazijos-2025-m.-bibliotekos-veiklos-plano-patvirtinimo.pdf\">2025 met\u0173 bibliotekos veiklos planas<\/a><\/strong><\/p>\n<p><strong><a href=\"https:\/\/www.slovackio.vilniausr.lm.lt\/wp-content\/uploads\/Bibliotekos-veiklos-planas.pdf\">2024 met\u0173 bibliotekos veiklos planas<\/a><\/strong><\/p>\n<p><strong><a href=\"https:\/\/www.slovackio.vilniausr.lm.lt\/wp-content\/uploads\/2023Vadoveliu-mokymo-priemoniu-isigijimas-2023.docx\">2023 Vadov\u0117liu mokymo priemoniu isigijimas 2023<\/a><\/strong><\/p>\n<p><strong><a href=\"https:\/\/www.slovackio.vilniausr.lm.lt\/wp-content\/uploads\/Vadoveliu-tvarkos-aprasas-2024.pdf\">Vadov\u0117li\u0173 tvarkos apra\u0161as 2024<\/a><\/strong><\/p>\n<p>&nbsp;<\/p>\n<p class=\"western\"><strong><span style=\"font-family: 'Times New Roman', serif; color: #003300;\"><span style=\"font-size: medium;\">Bibliotekos veikla organizuojama remiantis \u0161iais teis\u0117s aktais:<\/span><\/span><\/strong><\/p>\n<p class=\"western\"><span style=\"color: #000080;\"><strong><a style=\"color: #000080;\" href=\"https:\/\/www.slovackio.vilniausr.lm.lt\/wp-content\/uploads\/Naudojimosi-biblioteka-taisykles.pdf\">Naudojimosi Vilniaus r. Bezdoni\u0173 Julijaus Slovackio gimnazijos biblioteka taisykl\u0117s<\/a><\/strong><\/span><\/p>\n<p class=\"western\"><strong><span style=\"font-family: 'Times New Roman', serif; color: #000000;\"><span style=\"font-size: medium;\">Bibliotek\u0173 fondo apsaugos nuostatai<\/span><\/span><\/strong><\/p>\n<p><span style=\"color: #000080;\"><a style=\"color: #000080;\" href=\"https:\/\/www.e-tar.lt\/portal\/lt\/legalAct\/e3352110ffdc11eb9f09e7df20500045\">https:\/\/www.e-tar.lt\/portal\/lt\/legalAct\/e3352110ffdc11eb9f09e7df20500045<\/a><\/span><\/p>\n<p class=\"western\"><strong><span style=\"font-family: Times New Roman, serif;\"><span style=\"font-size: medium;\">Lietuvos Respublikos bibliotek\u0173 \u012fstatymas<\/span><\/span><\/strong><\/p>\n<p class=\"western\"><a href=\"https:\/\/www.e-tar.lt\/portal\/lt\/legalAct\/TAR.5A04D7CC7EF6\"><span style=\"color: #0070c0;\"><span style=\"font-family: Times New Roman, serif;\"><span style=\"font-size: medium;\"><u>https:\/\/www.e-tar.lt\/portal\/lt\/legalAct\/TAR.5A04D7CC7EF6<\/u><\/span><\/span><\/span><\/a><\/p>\n<p class=\"western\"><strong><span style=\"font-family: Times New Roman, serif;\"><span style=\"font-size: medium;\">Skaitymo skatinimo\u00a02019\u20132024 met\u0173\u00a0programa<\/span><\/span><\/strong><\/p>\n<p class=\"western\"><span style=\"color: #000080;\"><a style=\"color: #000080;\" href=\"https:\/\/www.e-tar.lt\/portal\/lt\/legalAct\/37e2e820d39711e8bea9885f77677ec1\">https:\/\/www.e-tar.lt\/portal\/lt\/legalAct\/37e2e820d39711e8bea9885f77677ec1<\/a><\/span><\/p>\n<p class=\"western\"><strong><span style=\"font-family: Times New Roman, serif;\"><span style=\"font-size: medium;\">Lietuvos Respublikos atmintin\u0173 dien\u0173 \u012fstatymas<\/span><\/span><\/strong><\/p>\n<p class=\"western\"><span style=\"color: #0563c1;\"><u><a href=\"https:\/\/www.e-tar.lt\/portal\/lt\/legalAct\/TAR.D570962773F8\"><span style=\"color: #0070c0;\"><span style=\"font-family: Times New Roman, serif;\"><span style=\"font-size: medium;\">https:\/\/www.e-tar.lt\/portal\/lt\/legalAct\/TAR.D570962773F8<\/span><\/span><\/span><\/a><\/u><\/span><\/p>\n<p class=\"western\" style=\"text-align: center;\"><strong><span style=\"color: #000000;\"><span style=\"font-family: Times New Roman, serif;\"><span style=\"font-size: medium;\">Mokinys, kuris mokosi pagal pradinio, pagrindinio, vidurinio ugdymo programas,<\/span><\/span><\/span><\/strong><\/p>\n<p class=\"western\" style=\"text-align: center;\"><strong><span style=\"color: #000000;\"><span style=\"font-family: Times New Roman, serif;\"><span style=\"font-size: medium;\">vadov\u0117liais naudojasi nemokamai.<\/span><\/span><\/span><\/strong><\/p>\n<p><\/p>","protected":false},"excerpt":{"rendered":"<p>Bibliotekos veiklos planas 2026 2025 met\u0173 bibliotekos veiklos planas 2024 met\u0173 bibliotekos veiklos planas 2023 Vadov\u0117liu mokymo priemoniu isigijimas 2023 Vadov\u0117li\u0173 tvarkos apra\u0161as 2024 &nbsp; Bibliotekos veikla organizuojama remiantis \u0161iais teis\u0117s aktais: Naudojimosi Vilniaus r. Bezdoni\u0173 Julijaus Slovackio gimnazijos biblioteka taisykl\u0117s Bibliotek\u0173 fondo apsaugos nuostatai https:\/\/www.e-tar.lt\/portal\/lt\/legalAct\/e3352110ffdc11eb9f09e7df20500045 Lietuvos Respublikos bibliotek\u0173 \u012fstatymas https:\/\/www.e-tar.lt\/portal\/lt\/legalAct\/TAR.5A04D7CC7EF6 Skaitymo skatinimo\u00a02019\u20132024 met\u0173\u00a0programa https:\/\/www.e-tar.lt\/portal\/lt\/legalAct\/37e2e820d39711e8bea9885f77677ec1 Lietuvos Respublikos atmintin\u0173 dien\u0173 \u012fstatymas<\/p>\n","protected":false},"author":1,"featured_media":0,"parent":228,"menu_order":3,"comment_status":"closed","ping_status":"closed","template":"","meta":{"footnotes":""},"class_list":["post-3771","page","type-page","status-publish","hentry"],"jetpack_sharing_enabled":true,"_links":{"self":[{"href":"https:\/\/www.slovackio.vilniausr.lm.lt\/index.php?rest_route=\/wp\/v2\/pages\/3771","targetHints":{"allow":["GET"]}}],"collection":[{"href":"https:\/\/www.slovackio.vilniausr.lm.lt\/index.php?rest_route=\/wp\/v2\/pages"}],"about":[{"href":"https:\/\/www.slovackio.vilniausr.lm.lt\/index.php?rest_route=\/wp\/v2\/types\/page"}],"author":[{"embeddable":true,"href":"https:\/\/www.slovackio.vilniausr.lm.lt\/index.php?rest_route=\/wp\/v2\/users\/1"}],"replies":[{"embeddable":true,"href":"https:\/\/www.slovackio.vilniausr.lm.lt\/index.php?rest_route=%2Fwp%2Fv2%2Fcomments&post=3771"}],"version-history":[{"count":72,"href":"https:\/\/www.slovackio.vilniausr.lm.lt\/index.php?rest_route=\/wp\/v2\/pages\/3771\/revisions"}],"predecessor-version":[{"id":34620,"href":"https:\/\/www.slovackio.vilniausr.lm.lt\/index.php?rest_route=\/wp\/v2\/pages\/3771\/revisions\/34620"}],"up":[{"embeddable":true,"href":"https:\/\/www.slovackio.vilniausr.lm.lt\/index.php?rest_route=\/wp\/v2\/pages\/228"}],"wp:attachment":[{"href":"https:\/\/www.slovackio.vilniausr.lm.lt\/index.php?rest_route=%2Fwp%2Fv2%2Fmedia&parent=3771"}],"curies":[{"name":"wp","href":"https:\/\/api.w.org\/{rel}","templated":true}]}}