{"id":3749,"date":"2012-11-15T19:00:02","date_gmt":"2012-11-15T17:00:02","guid":{"rendered":"http:\/\/www.slovackio.vilniausr.lm.lt\/?page_id=3749"},"modified":"2024-08-01T14:01:45","modified_gmt":"2024-08-01T12:01:45","slug":"profesinis-orientavimas-ir-konsultavimas","status":"publish","type":"page","link":"https:\/\/www.slovackio.vilniausr.lm.lt\/?page_id=3749","title":{"rendered":"Karjeros ugdymas"},"content":{"rendered":"<p><\/p>\n<address>\n<h6>Ksenija Osipovi\u010d &#8211; grup\u0117s vadov\u0117, istorijos, geografijos<strong> mokytoja, 7 klas\u0117s vadov\u0117, karieros ugdymo konsultant\u0117<\/strong><\/h6>\n<h6><em><strong>Nariai:<\/strong><\/em><\/h6>\n<p><em><strong>Gra\u017eina Gricevi\u010dien\u0117 &#8211; socialin\u0117 pedagog\u0117; <\/strong><\/em><\/p>\n<p><em><strong>Rynkun &#8211; lietuvi\u0173 kalbos ir literat\u016bros mokytoja;<\/strong><\/em><\/p>\n<p><em><strong>Barbara Rynkun &#8211; karjeros specialist\u0117.<\/strong><\/em><\/p>\n<\/address>\n<blockquote>\n<address><span style=\"color: #003300;\"><strong>Karjera \u2013 vis\u0105 gyvenim\u0105 trunkanti asmeniui ir visuomenei <\/strong><\/span><\/address>\n<address><span style=\"color: #003300;\"><strong>reik\u0161ming\u0173 asmens mokymosi,<\/strong><\/span><br \/>\n<span style=\"color: #003300;\"> <strong>savirai\u0161kos ir darbo patir\u010di\u0173 seka<\/strong><\/span><\/address>\n<\/blockquote>\n<p><strong>Karjeros paslaug\u0173 tikslas:<\/strong><\/p>\n<ul>\n<li style=\"text-align: justify;\">Teikti mokiniams kokybi\u0161kas ir prieinamas karjeros paslaugas (ugdymo karjerai, karjeros konsultavimo, karjeros informavimo, profesinio veiklinimo paslaugas, karjeros \u012f(si)vertinimo ir darbo ie\u0161kos priemones), sudaryti s\u0105lygas \u012fgyti karjeros kompetencij\u0173 (pa\u017einti save, pa\u017einti karjeros galimybes, planuoti karjer\u0105, karjer\u0105 \u012fgyvendinti), aktyviai kurti savo karjer\u0105.<\/li>\n<li style=\"text-align: justify;\">Organizuoti ir koordinuoti karjeros paslaug\u0173 sistemos veikl\u0105 ir pl\u0117tojim\u0105 gimnazijoje, \u012fgyvendinti ugdymo karjerai program\u0105.<\/li>\n<\/ul>\n<p style=\"text-align: justify;\" align=\"center\"><strong>NAUDINGOS NUORODOS:<\/strong><\/p>\n<address><span style=\"color: #008000;\"><a href=\"http:\/\/www.aikos.smm.lt\/\"><span style=\"color: #008000;\">http:\/\/www.aikos.smm.lt<\/span><\/a><\/span><\/address>\n<address><span style=\"color: #008000;\">https:\/\/mukis.lt\/<\/span><\/address>\n<address><span style=\"color: #008000;\"><a href=\"http:\/\/www.euroguidance.lt\/\"><span style=\"color: #008000;\">http:\/\/www.euroguidance.lt<\/span><\/a><\/span><\/address>\n<address><span style=\"color: #008000;\"><a href=\"http:\/\/www.kurstoti.lt\/\"><span style=\"color: #008000;\">http:\/\/www.kurstoti.lt<\/span><\/a><\/span><\/address>\n<address><span style=\"color: #008000;\"><a href=\"http:\/\/www.studijos.lt\/\"><span style=\"color: #008000;\">http:\/\/www.studijos.lt<\/span><\/a><\/span><\/address>\n<address><span style=\"color: #008000;\"><a href=\"http:\/\/www.lamabpo.lt\/\"><span style=\"color: #008000;\">http:\/\/www.lamabpo.lt<\/span><\/a><\/span><\/address>\n<address><span style=\"color: #008000;\"><a href=\"http:\/\/www.skvc.lt\/\"><span style=\"color: #008000;\">http:\/\/www.skvc.lt<\/span><\/a><\/span><\/address>\n<address><span style=\"color: #008000;\"><a href=\"http:\/\/www.tinklas.lt\/\"><span style=\"color: #008000;\">http:\/\/www.tinklas.lt<\/span><\/a><\/span><\/address>\n<address><span style=\"color: #008000;\"><a href=\"http:\/\/www.studinfo.lt\/\"><span style=\"color: #008000;\">http:\/\/www.studinfo.lt<\/span><\/a><\/span><\/address>\n<h5><span style=\"color: #000080;\"><a style=\"color: #000080;\" href=\"http:\/\/www.euroguidance.lt\/\">Orientavimas karjerai Lietuvoje ir Europoje<\/a><\/span><\/h5>\n<address>\u00a0<\/address>\n<p align=\"justify\"><strong>INFORMACIJA APIE PROFESIJAS<\/strong><\/p>\n<address>Mokini\u0173 ugdymo karjerai informacin\u0117 svetain\u0117: https:\/\/mukis.lt\/<a href=\"https:\/\/mukis.lt\/\">\u00a0<\/a><\/address>\n<p align=\"justify\"><em><strong>STOJAMOJO BALO SKAI\u010cIUOKL\u0116<\/strong><\/em><\/p>\n<blockquote class=\"wp-embedded-content\" data-secret=\"14BeYwoG99\"><p><a href=\"https:\/\/lamabpo.lt\/pirmosios-pakopos-ir-vientisosios-studijos\/konkursinio-balo-skaiciuokle\/\">Konkursinio balo skai\u010diuokl\u0117<\/a><\/p><\/blockquote>\n<p><iframe loading=\"lazy\" class=\"wp-embedded-content\" sandbox=\"allow-scripts\" security=\"restricted\" style=\"position: absolute; clip: rect(1px, 1px, 1px, 1px);\" title=\"&#8220;Konkursinio balo skai\u010diuokl\u0117&#8221; &#8212; LAMA BPO\" src=\"https:\/\/lamabpo.lt\/pirmosios-pakopos-ir-vientisosios-studijos\/konkursinio-balo-skaiciuokle\/embed\/#?secret=pDRMaffHEg#?secret=14BeYwoG99\" data-secret=\"14BeYwoG99\" width=\"600\" height=\"338\" frameborder=\"0\" marginwidth=\"0\" marginheight=\"0\" scrolling=\"no\"><\/iframe><\/p>\n<p align=\"justify\"><em><strong>BENDRAS PRI\u0116MIMAS \u012e AUK\u0160TOJO MOKSLO INSTITUCIJAS LIETUVOJE<\/strong><\/em><\/p>\n<address><a href=\"http:\/\/www.lamabpo.lt\/\">www.lamabpo.lt<\/a><\/address>\n<p align=\"justify\"><strong>STUDIJOS U\u017dSIENYJE<\/strong><\/p>\n<address><a href=\"http:\/\/ec.europa.eu\/ploteus\/home.jsp?language=lt\">http:\/\/ec.europa.eu\/ploteus\/home.jsp?language=lt<\/a><\/address>\n<address><a href=\"http:\/\/kalba.lt\/\">http:\/\/kalba.lt\/<\/a><\/address>\n<address><span style=\"font-size: 0.95em; color: #0000ff;\"><u><a href=\"https:\/\/www.balticcouncil.lt\/lt\/sakums\/\" target=\"_top\" rel=\"noopener\"><span lang=\"pl-PL\">https:\/\/www.balticcouncil.lt\/lt\/sakums\/<\/span><\/a><\/u><\/span><\/address>\n<address><span style=\"font-size: 0.95em; color: #0000ff;\"><u><a href=\"https:\/\/kastu.lt\/\" target=\"_top\" rel=\"noopener\"><span lang=\"pl-PL\">https:\/\/kastu.lt\/<\/span><\/a><\/u><\/span><\/address>\n<p align=\"justify\"><strong>GYVENIMO APRA\u0160YMO RENGIMAS<\/strong><\/p>\n<address><a href=\"http:\/\/www.europass.lt\/cv\">http:\/\/www.europass.lt\/cv<\/a><\/address>\n<address>\u00a0<\/address>\n<p><\/p>","protected":false},"excerpt":{"rendered":"<p>Ksenija Osipovi\u010d &#8211; grup\u0117s vadov\u0117, istorijos, geografijos mokytoja, 7 klas\u0117s vadov\u0117, karieros ugdymo konsultant\u0117 Nariai: Gra\u017eina Gricevi\u010dien\u0117 &#8211; socialin\u0117 pedagog\u0117; Rynkun &#8211; lietuvi\u0173 kalbos ir literat\u016bros mokytoja; Barbara Rynkun &#8211; karjeros specialist\u0117. Karjera \u2013 vis\u0105 gyvenim\u0105 trunkanti asmeniui ir visuomenei reik\u0161ming\u0173 asmens mokymosi, savirai\u0161kos ir darbo patir\u010di\u0173 seka Karjeros paslaug\u0173 tikslas: Teikti mokiniams kokybi\u0161kas ir prieinamas karjeros paslaugas (ugdymo karjerai,<\/p>\n","protected":false},"author":1,"featured_media":0,"parent":108,"menu_order":10,"comment_status":"closed","ping_status":"closed","template":"","meta":{"footnotes":""},"class_list":["post-3749","page","type-page","status-publish","hentry"],"jetpack_sharing_enabled":true,"_links":{"self":[{"href":"https:\/\/www.slovackio.vilniausr.lm.lt\/index.php?rest_route=\/wp\/v2\/pages\/3749","targetHints":{"allow":["GET"]}}],"collection":[{"href":"https:\/\/www.slovackio.vilniausr.lm.lt\/index.php?rest_route=\/wp\/v2\/pages"}],"about":[{"href":"https:\/\/www.slovackio.vilniausr.lm.lt\/index.php?rest_route=\/wp\/v2\/types\/page"}],"author":[{"embeddable":true,"href":"https:\/\/www.slovackio.vilniausr.lm.lt\/index.php?rest_route=\/wp\/v2\/users\/1"}],"replies":[{"embeddable":true,"href":"https:\/\/www.slovackio.vilniausr.lm.lt\/index.php?rest_route=%2Fwp%2Fv2%2Fcomments&post=3749"}],"version-history":[{"count":91,"href":"https:\/\/www.slovackio.vilniausr.lm.lt\/index.php?rest_route=\/wp\/v2\/pages\/3749\/revisions"}],"predecessor-version":[{"id":30310,"href":"https:\/\/www.slovackio.vilniausr.lm.lt\/index.php?rest_route=\/wp\/v2\/pages\/3749\/revisions\/30310"}],"up":[{"embeddable":true,"href":"https:\/\/www.slovackio.vilniausr.lm.lt\/index.php?rest_route=\/wp\/v2\/pages\/108"}],"wp:attachment":[{"href":"https:\/\/www.slovackio.vilniausr.lm.lt\/index.php?rest_route=%2Fwp%2Fv2%2Fmedia&parent=3749"}],"curies":[{"name":"wp","href":"https:\/\/api.w.org\/{rel}","templated":true}]}}