{"id":3747,"date":"2012-11-15T18:58:05","date_gmt":"2012-11-15T16:58:05","guid":{"rendered":"http:\/\/www.slovackio.vilniausr.lm.lt\/?page_id=3747"},"modified":"2024-10-15T18:26:36","modified_gmt":"2024-10-15T16:26:36","slug":"neformalusis-svietimas","status":"publish","type":"page","link":"https:\/\/www.slovackio.vilniausr.lm.lt\/?page_id=3747","title":{"rendered":"Neformalusis vaik\u0173 \u0161vietimas"},"content":{"rendered":"<p><strong>Neformaliojo vaik\u0173 \u0161vietimo paskirtis<\/strong> \u2013 tenkinti mokini\u0173 pa\u017einimo, ugdymosi ir savirai\u0161kos poreikius, pad\u0117ti jiems tapti aktyviais visuomen\u0117s nariais.<\/p>\n<p style=\"text-align: justify;\">Siekiant sudaryti s\u0105lygas mokini\u0173 k\u016brybi\u0161kumo ir savirai\u0161kos poreikiams tenkinti bei padidinti neformaliojo vaik\u0173 \u0161vietimo paslaug\u0173 prieinamum\u0105, savivaldyb\u0117je \u012fgyvendinamas projektas \u201e<strong>Neformaliojo vaik\u0173 \u0161vietimo paslaug\u0173 pl\u0117tra<\/strong>\u201c, leid\u017eiantis mokiniams papildomai rinktis neformaliojo vaik\u0173 \u0161vietimo veiklas ir gauti 15\u201320 Eur per m\u0117nes\u012f kompensacij\u0105 lankomam b\u016breliui, o vidutinius, didelius ir labai didelius specialiuosius ugdymosi poreikius turintiems mokiniams skiriami 2 NV\u0160 krep\u0161eliai per m\u0117nes\u012f (30\u201340 Eur).<\/p>\n<p>Gimnazijos patalpose vykdomos trys Neformaliojo vaik\u0173 \u0161vietimo (NV\u0160) programos.<\/p>\n<p><strong>Daugiau informacijos \u010dia:<\/strong><\/p>\n<p><span style=\"color: #000080;\"><a style=\"color: #000080;\" href=\"https:\/\/www.vrsa.lt\/neformalusis-vaiku-ir-suaugusiuju-svietimas\/neformalusis-vaiku-svietimas\/dokumentai\/446\">https:\/\/www.vrsa.lt\/neformalusis-vaiku-ir-suaugusiuju-svietimas\/neformalusis-vaiku-svietimas\/dokumentai\/446<\/a><\/span><\/p>\n<p>Be to, gimnazijoje visi mokiniai gali pasinaudoti Kult\u016bros paso paslauga (11,00 Eur vienam mokiniui per metus) kult\u016bros pa\u017einimo \u012fpro\u010diams ugdyti bei kult\u016bros patir\u010diai pl\u0117sti.<\/p>\n<p>Kult\u016bros pasas: <span style=\"color: #000080;\"><a style=\"color: #000080;\" href=\"https:\/\/www.kulturospasas.lt\/kulturines-edukacijos\">https:\/\/www.kulturospasas.lt\/kulturines-edukacijos<\/a><\/span><\/p>\n<p>Daugiau informacijos apie neformal\u0173j\u012f vaik\u0173 \u0161vietim\u0105 Vilniaus rajono savivaldyb\u0117s interneto svetain\u0117je:<\/p>\n<p><span style=\"color: #333399;\"> <a style=\"color: #333399;\" href=\"https:\/\/www.vrsa.lt\/svietimas\/neformalusis-vaiku-ir-suaugusiuju-svietimas\/438\">https:\/\/www.vrsa.lt\/svietimas\/neformalusis-vaiku-ir-suaugusiuju-svietimas\/438<\/a> <\/span><\/p>\n<p>bei \u0160vietimo, mokslo ir sporto ministerijos interneto svetain\u0117je:<\/p>\n<p><span style=\"color: #333399;\"><a style=\"color: #333399;\" href=\"https:\/\/smsm.lrv.lt\/lt\/veiklos-sritys-1\/smm-svietimas\/svietimas-neformalusis\">https:\/\/smsm.lrv.lt\/lt\/veiklos-sritys-1\/smm-svietimas\/svietimas-neformalusis<\/a><\/span><\/p>\n<p>Neformaliojo vaik\u0173 \u0161vietimo koncepcija:<\/p>\n<p><span style=\"color: #333399;\"><a style=\"color: #333399;\" href=\"https:\/\/www.e-tar.lt\/portal\/lt\/legalAct\/TAR.07DF6A456513\/asr\">https:\/\/www.e-tar.lt\/portal\/lt\/legalAct\/TAR.07DF6A456513\/asr<\/a><\/span><\/p>","protected":false},"excerpt":{"rendered":"<p>Neformaliojo vaik\u0173 \u0161vietimo paskirtis \u2013 tenkinti mokini\u0173 pa\u017einimo, ugdymosi ir savirai\u0161kos poreikius, pad\u0117ti jiems tapti aktyviais visuomen\u0117s nariais. Siekiant sudaryti s\u0105lygas mokini\u0173 k\u016brybi\u0161kumo ir savirai\u0161kos poreikiams tenkinti bei padidinti neformaliojo vaik\u0173 \u0161vietimo paslaug\u0173 prieinamum\u0105, savivaldyb\u0117je \u012fgyvendinamas projektas \u201eNeformaliojo vaik\u0173 \u0161vietimo paslaug\u0173 pl\u0117tra\u201c, leid\u017eiantis mokiniams papildomai rinktis neformaliojo vaik\u0173 \u0161vietimo veiklas ir gauti 15\u201320 Eur per m\u0117nes\u012f kompensacij\u0105 lankomam b\u016breliui, o<\/p>\n","protected":false},"author":1,"featured_media":0,"parent":108,"menu_order":8,"comment_status":"closed","ping_status":"closed","template":"","meta":{"footnotes":""},"class_list":["post-3747","page","type-page","status-publish","hentry"],"jetpack_sharing_enabled":true,"_links":{"self":[{"href":"https:\/\/www.slovackio.vilniausr.lm.lt\/index.php?rest_route=\/wp\/v2\/pages\/3747","targetHints":{"allow":["GET"]}}],"collection":[{"href":"https:\/\/www.slovackio.vilniausr.lm.lt\/index.php?rest_route=\/wp\/v2\/pages"}],"about":[{"href":"https:\/\/www.slovackio.vilniausr.lm.lt\/index.php?rest_route=\/wp\/v2\/types\/page"}],"author":[{"embeddable":true,"href":"https:\/\/www.slovackio.vilniausr.lm.lt\/index.php?rest_route=\/wp\/v2\/users\/1"}],"replies":[{"embeddable":true,"href":"https:\/\/www.slovackio.vilniausr.lm.lt\/index.php?rest_route=%2Fwp%2Fv2%2Fcomments&post=3747"}],"version-history":[{"count":62,"href":"https:\/\/www.slovackio.vilniausr.lm.lt\/index.php?rest_route=\/wp\/v2\/pages\/3747\/revisions"}],"predecessor-version":[{"id":30590,"href":"https:\/\/www.slovackio.vilniausr.lm.lt\/index.php?rest_route=\/wp\/v2\/pages\/3747\/revisions\/30590"}],"up":[{"embeddable":true,"href":"https:\/\/www.slovackio.vilniausr.lm.lt\/index.php?rest_route=\/wp\/v2\/pages\/108"}],"wp:attachment":[{"href":"https:\/\/www.slovackio.vilniausr.lm.lt\/index.php?rest_route=%2Fwp%2Fv2%2Fmedia&parent=3747"}],"curies":[{"name":"wp","href":"https:\/\/api.w.org\/{rel}","templated":true}]}}