{"id":30,"date":"2009-10-26T16:33:33","date_gmt":"2009-10-26T13:33:33","guid":{"rendered":"http:\/\/www2089.vu.lt\/?page_id=30"},"modified":"2025-08-24T07:08:56","modified_gmt":"2025-08-24T05:08:56","slug":"bendruomene","status":"publish","type":"page","link":"https:\/\/www.slovackio.vilniausr.lm.lt\/?page_id=30","title":{"rendered":"Strukt\u016bra ir kontaktin\u0117 informacija"},"content":{"rendered":"<p><\/p>\n<h4 style=\"text-align: left;\"><span style=\"color: #003300;\"><strong><a href=\"https:\/\/www.slovackio.vilniausr.lm.lt\/wp-content\/uploads\/DSCF9585.jpg\" rel=\"lightbox[30]\"><img loading=\"lazy\" decoding=\"async\" class=\"size-medium wp-image-28986 alignleft\" src=\"https:\/\/www.slovackio.vilniausr.lm.lt\/wp-content\/uploads\/DSCF9585-300x225.jpg\" alt=\"\" width=\"300\" height=\"225\" srcset=\"https:\/\/www.slovackio.vilniausr.lm.lt\/wp-content\/uploads\/DSCF9585-300x225.jpg 300w, https:\/\/www.slovackio.vilniausr.lm.lt\/wp-content\/uploads\/DSCF9585-768x576.jpg 768w, https:\/\/www.slovackio.vilniausr.lm.lt\/wp-content\/uploads\/DSCF9585.jpg 1024w\" sizes=\"auto, (max-width: 300px) 100vw, 300px\" \/><\/a>Vilniaus r. Bezdoni\u0173 Julijaus Slovackio gimnazija<\/strong><\/span><\/h4>\n<p><span style=\"color: #000080;\"><strong>Gimnazijos darbo laikas: <\/strong>7.30- 17.00 val.<\/span><\/p>\n<p><span style=\"color: #000080;\"><strong>Tel:<\/strong>+37064028759, (05) 2 696 438<\/span><\/p>\n<p><span style=\"color: #000080;\"><strong>e-mail:<span style=\"color: #008000;\">gimnazija@slovackio.vilniausr.lm.lt<\/span><\/strong><\/span><\/p>\n<p><span style=\"color: #000080;\"><strong>Adresas:<\/strong> Statybinink\u0173 g. 4, Bezdoni\u0173 mstl., Bezdoni\u0173 sen, Lt-15202,\u00a0Vilniaus r.<\/span><\/p>\n<p>&nbsp;<\/p>\n<p>&nbsp;<\/p>\n<p>&nbsp;<\/p>\n<p><span style=\"color: #000080;\"><strong>Interneto svetain\u0117s adresas:<\/strong><\/span><\/p>\n<p><span style=\"color: #000080;\">https:\/\/www.slovackio.vilniausr.lm.lt<\/span><\/p>\n<p><span style=\"color: #000080;\"><strong>Socialinio bendravimo interneto svetain\u0117s adresas:<\/strong> https:\/\/www.facebook.com\/Slovackio<\/span><\/p>\n<p><span style=\"color: #000080;\"><strong>Gimnazijos teisin\u0117 forma: <\/strong>biud\u017eetin\u0117 \u012fstaiga<\/span><\/p>\n<p><span style=\"color: #000080;\"><strong>\u012estaigos kodas:<\/strong> 191317837, <\/span><span style=\"font-size: large; color: #000080;\">ne PVM mok\u0117toja<\/span><\/p>\n<p><span style=\"color: #000080;\">Duomenys kaupiami\u00a0 ir saugomi Juridini\u0173 asmen\u0173 registre.\u00a0<\/span><\/p>\n<p><span style=\"color: #000080;\"><strong>Gimnazijos savininkas<\/strong> \u2013 Vilniaus rajono savivaldyb\u0117, identifikavimo kodas 111104987, LT-09318,\u00a0 Rinktin\u0117s g. 50, Vilnius.<\/span><\/p>\n<p><span style=\"color: #000080;\"><strong>Vykdomos \u0161vietimo programos<\/strong> \u2013 prie\u0161mokyklinio, pradinio, pagrindinio, vidurinio ugdymo programos<\/span><\/p>\n<p><span style=\"color: #000080;\"><strong>Mokymo kalba<\/strong> &#8211; lenk\u0173<\/span><\/p>\n<p><strong><span style=\"color: #000080;\">Ra\u0161tin\u0117s ved\u0117ja: Emilia \u0160imak<\/span><\/strong><span style=\"color: #000080;\">: <\/span><span style=\"color: #000080;\">(05) 2 696 438, <strong><span style=\"color: #008000;\">gimnazija@slovackio.vilniausr.lm.lt<\/span><\/strong><\/span><\/p>\n<p><span style=\"color: #000080;\"><strong>Darbo laikas:<\/strong> pirmadienis &#8211; penktadienis 8.00-16.30 val.<\/span><\/p>\n<p class=\"western\"><span style=\"font-size: large;\"><strong><span style=\"color: #008000;\"><span style=\"font-size: medium;\">Darbuotojo elektroninio pa\u0161to adresas:<\/span><\/span><\/strong><\/span><\/p>\n<p><span style=\"color: #000080;\"><span style=\"font-size: medium;\">sudaromas i\u0161 darbuotojo vardo ir pavard\u0117s, sujungt\u0173 ta\u0161ku <\/span><\/span><span style=\"color: #008000;\"><em><a style=\"color: #008000;\" href=\"mailto:vardas.pavarde@mokykla.vilniausr.lm.lt\"><span style=\"font-size: medium;\"><u>vardas.pavarde@bendrasis,ugdymas.lt<\/u><\/span><\/a><\/em><\/span><span style=\"color: #000080;\"><span style=\"font-size: medium;\"><span style=\"color: #008000;\"><em>.<\/em><\/span><br \/>\nSudarant elektroninio pa\u0161to adres\u0105 naudojami lietuvi\u0161k\u0173 simboli\u0173 atitikmenys: <\/span><\/span><\/p>\n<p><span style=\"color: #000080;\"><span style=\"font-size: medium;\">\u0105 \u2013 a; \u010d \u2013 c; \u0119, \u0117 \u2013 e; \u012f \u2013 i; \u0161 \u2013 s; \u0173, \u016b \u2013 u; \u017e \u2013 z.\u00a0<\/span><\/span><\/p>\n<p>&nbsp;<\/p>\n<p style=\"text-align: center;\"><span style=\"color: #003300;\"><strong>Vilniaus r. Bezdoni\u0173 Julijaus Slovackio gimnazijos Bezdoni\u0173 ikimokyklinio ugdymo skyrius<\/strong><\/span><\/p>\n<p><span style=\"color: #000080;\"><strong>Tel:<\/strong>+37064028759<\/span><\/p>\n<p><span style=\"color: #000080;\">e-mail <strong>\u2013<span style=\"color: #008000;\"> gimnazija@slovackio.vilniausr.lm.lt<\/span><\/strong><\/span><\/p>\n<p><span style=\"color: #000080;\">Adresas: <strong>Statybinink\u0173 g. 9, Bezdoni\u0173 mstl., Bezdoni\u0173 sen, Lt-15202, Vilniaus r.<\/strong><\/span><\/p>\n<p><span style=\"color: #000080;\">Vykdomos \u0161vietimo programos \u2013<strong> ikimokyklinio ugdymo programos<\/strong><\/span><\/p>\n<p><span style=\"color: #000080;\">Ugdymo kalbos \u2013 <strong>lietuvi\u0173,<\/strong> <strong>lenk\u0173<\/strong><\/span><\/p>\n<p style=\"text-align: center;\"><strong><span style=\"color: #000080;\">Gimnazijoje, dar\u017eelyje asmenys gali b\u016bti aptarnaujami lenk\u0173, lietuvi\u0173, rus\u0173 kalbomis.<\/span><\/strong><\/p>\n<p><\/p>","protected":false},"excerpt":{"rendered":"<p>Vilniaus r. Bezdoni\u0173 Julijaus Slovackio gimnazija Gimnazijos darbo laikas: 7.30- 17.00 val. Tel:+37064028759, (05) 2 696 438 e-mail:gimnazija@slovackio.vilniausr.lm.lt Adresas: Statybinink\u0173 g. 4, Bezdoni\u0173 mstl., Bezdoni\u0173 sen, Lt-15202,\u00a0Vilniaus r. &nbsp; &nbsp; &nbsp; Interneto svetain\u0117s adresas: https:\/\/www.slovackio.vilniausr.lm.lt Socialinio bendravimo interneto svetain\u0117s adresas: https:\/\/www.facebook.com\/Slovackio Gimnazijos teisin\u0117 forma: biud\u017eetin\u0117 \u012fstaiga \u012estaigos kodas: 191317837, ne PVM mok\u0117toja Duomenys kaupiami\u00a0 ir saugomi Juridini\u0173 asmen\u0173 registre.\u00a0 Gimnazijos<\/p>\n","protected":false},"author":1,"featured_media":0,"parent":0,"menu_order":0,"comment_status":"closed","ping_status":"closed","template":"","meta":{"footnotes":""},"class_list":["post-30","page","type-page","status-publish","hentry"],"jetpack_sharing_enabled":true,"_links":{"self":[{"href":"https:\/\/www.slovackio.vilniausr.lm.lt\/index.php?rest_route=\/wp\/v2\/pages\/30","targetHints":{"allow":["GET"]}}],"collection":[{"href":"https:\/\/www.slovackio.vilniausr.lm.lt\/index.php?rest_route=\/wp\/v2\/pages"}],"about":[{"href":"https:\/\/www.slovackio.vilniausr.lm.lt\/index.php?rest_route=\/wp\/v2\/types\/page"}],"author":[{"embeddable":true,"href":"https:\/\/www.slovackio.vilniausr.lm.lt\/index.php?rest_route=\/wp\/v2\/users\/1"}],"replies":[{"embeddable":true,"href":"https:\/\/www.slovackio.vilniausr.lm.lt\/index.php?rest_route=%2Fwp%2Fv2%2Fcomments&post=30"}],"version-history":[{"count":101,"href":"https:\/\/www.slovackio.vilniausr.lm.lt\/index.php?rest_route=\/wp\/v2\/pages\/30\/revisions"}],"predecessor-version":[{"id":33257,"href":"https:\/\/www.slovackio.vilniausr.lm.lt\/index.php?rest_route=\/wp\/v2\/pages\/30\/revisions\/33257"}],"wp:attachment":[{"href":"https:\/\/www.slovackio.vilniausr.lm.lt\/index.php?rest_route=%2Fwp%2Fv2%2Fmedia&parent=30"}],"curies":[{"name":"wp","href":"https:\/\/api.w.org\/{rel}","templated":true}]}}