{"id":28645,"date":"2024-01-24T19:44:59","date_gmt":"2024-01-24T17:44:59","guid":{"rendered":"https:\/\/www.slovackio.vilniausr.lm.lt\/?page_id=28645"},"modified":"2025-02-10T15:56:24","modified_gmt":"2025-02-10T13:56:24","slug":"mokyklos-pazanga","status":"publish","type":"page","link":"https:\/\/www.slovackio.vilniausr.lm.lt\/?page_id=28645","title":{"rendered":"Mokyklos pa\u017eanga"},"content":{"rendered":"<p><\/p>\n<h3 style=\"text-align: center;\"><span style=\"color: #003300;\">Gimnazijos pa\u017eangos vertinimas<\/span><\/h3>\n<p style=\"text-align: center;\"><span style=\"color: #000080;\"><strong>Gimnazijos 2024 met\u0173 pa\u017eanga<\/strong><\/span><\/p>\n<p><a href=\"https:\/\/www.slovackio.vilniausr.lm.lt\/wp-content\/uploads\/2024-metu-pazanga-scaled.jpg\" rel=\"lightbox[28645]\"><img loading=\"lazy\" decoding=\"async\" class=\"alignleft size-full wp-image-31722\" src=\"https:\/\/www.slovackio.vilniausr.lm.lt\/wp-content\/uploads\/2024-metu-pazanga-scaled.jpg\" alt=\"\" width=\"2560\" height=\"1812\" srcset=\"https:\/\/www.slovackio.vilniausr.lm.lt\/wp-content\/uploads\/2024-metu-pazanga-scaled.jpg 2560w, https:\/\/www.slovackio.vilniausr.lm.lt\/wp-content\/uploads\/2024-metu-pazanga-300x212.jpg 300w, https:\/\/www.slovackio.vilniausr.lm.lt\/wp-content\/uploads\/2024-metu-pazanga-1024x725.jpg 1024w, https:\/\/www.slovackio.vilniausr.lm.lt\/wp-content\/uploads\/2024-metu-pazanga-768x544.jpg 768w, https:\/\/www.slovackio.vilniausr.lm.lt\/wp-content\/uploads\/2024-metu-pazanga-1536x1087.jpg 1536w, https:\/\/www.slovackio.vilniausr.lm.lt\/wp-content\/uploads\/2024-metu-pazanga-2048x1450.jpg 2048w\" sizes=\"auto, (max-width: 2560px) 100vw, 2560px\" \/><\/a><\/p>\n<p><span style=\"color: #000080;\"><strong><a style=\"color: #000080;\" href=\"https:\/\/www.slovackio.vilniausr.lm.lt\/wp-content\/uploads\/2023-metu-veiklos-ataskaita.pdf\">Strateginio plano ir 2023 m. metinio veiklos plano \u012fgyvendinimo ataskaita<\/a><\/strong><\/span><\/p>\n<p><strong><span style=\"color: #000080;\"><a style=\"color: #000080;\" href=\"https:\/\/www.slovackio.vilniausr.lm.lt\/wp-content\/uploads\/2022-metu-veiklos-ataskaita.pdf\">Strateginio plano ir 2022 m. metinio veiklos plano \u012fgyvendinimo ataskaita<\/a><\/span><\/strong><\/p>\n<p><span style=\"color: #000080;\"><strong><a style=\"color: #000080;\" href=\"https:\/\/www.slovackio.vilniausr.lm.lt\/wp-content\/uploads\/Direktores-2021-metu-ataskaita.pdf\">Strateginio plano ir 2021 m. metinio veiklos plano \u012fgyvendinimo ataskaita<\/a><\/strong><\/span><\/p>\n<p><strong><span style=\"color: #000080;\"><a style=\"color: #000080;\" href=\"https:\/\/www.slovackio.vilniausr.lm.lt\/wp-content\/uploads\/2020-metu-veiklos-atskaita.pdf\">Strateginio plano ir 2020 m. metinio veiklos plano \u012fgyvendinimo ataskaita<\/a><\/span><\/strong><\/p>\n<h3><span style=\"color: #003300;\"><strong>Mokini\u0173 pasiekimai<\/strong><\/span><\/h3>\n<p><strong><span style=\"color: #000080;\"><a style=\"color: #000080;\" href=\"https:\/\/www.slovackio.vilniausr.lm.lt\/?attachment_id=29123\" rel=\"attachment wp-att-29123\">2023 met\u0173 pasiekimai<\/a><\/span><\/strong><\/p>\n<p><strong><span style=\"color: #000080;\"><a style=\"color: #000080;\" href=\"https:\/\/www.slovackio.vilniausr.lm.lt\/?attachment_id=25756\" rel=\"attachment wp-att-25756\">2022 met\u0173 pasiekimai<\/a><\/span><\/strong><\/p>\n<p><strong><span style=\"color: #000080;\"><a style=\"color: #000080;\" href=\"https:\/\/www.slovackio.vilniausr.lm.lt\/?attachment_id=23538\" rel=\"attachment wp-att-23538\">2021 met\u0173 pasiekimai<\/a><\/span><\/strong><\/p>\n<p><strong><span style=\"color: #000080;\"><a style=\"color: #000080;\" href=\"https:\/\/www.slovackio.vilniausr.lm.lt\/?attachment_id=22329\" rel=\"attachment wp-att-22329\">2021 met\u0173 pasiekimai<\/a><\/span><\/strong><\/p>\n<p>&nbsp;<\/p>\n<p>&nbsp;<\/p>","protected":false},"excerpt":{"rendered":"<p>Gimnazijos pa\u017eangos vertinimas Gimnazijos 2024 met\u0173 pa\u017eanga Strateginio plano ir 2023 m. metinio veiklos plano \u012fgyvendinimo ataskaita Strateginio plano ir 2022 m. metinio veiklos plano \u012fgyvendinimo ataskaita Strateginio plano ir 2021 m. metinio veiklos plano \u012fgyvendinimo ataskaita Strateginio plano ir 2020 m. metinio veiklos plano \u012fgyvendinimo ataskaita Mokini\u0173 pasiekimai 2023 met\u0173 pasiekimai 2022 met\u0173 pasiekimai 2021 met\u0173 pasiekimai 2021 met\u0173<\/p>\n","protected":false},"author":1,"featured_media":0,"parent":0,"menu_order":13,"comment_status":"closed","ping_status":"closed","template":"","meta":{"footnotes":""},"class_list":["post-28645","page","type-page","status-publish","hentry"],"jetpack_sharing_enabled":true,"_links":{"self":[{"href":"https:\/\/www.slovackio.vilniausr.lm.lt\/index.php?rest_route=\/wp\/v2\/pages\/28645","targetHints":{"allow":["GET"]}}],"collection":[{"href":"https:\/\/www.slovackio.vilniausr.lm.lt\/index.php?rest_route=\/wp\/v2\/pages"}],"about":[{"href":"https:\/\/www.slovackio.vilniausr.lm.lt\/index.php?rest_route=\/wp\/v2\/types\/page"}],"author":[{"embeddable":true,"href":"https:\/\/www.slovackio.vilniausr.lm.lt\/index.php?rest_route=\/wp\/v2\/users\/1"}],"replies":[{"embeddable":true,"href":"https:\/\/www.slovackio.vilniausr.lm.lt\/index.php?rest_route=%2Fwp%2Fv2%2Fcomments&post=28645"}],"version-history":[{"count":23,"href":"https:\/\/www.slovackio.vilniausr.lm.lt\/index.php?rest_route=\/wp\/v2\/pages\/28645\/revisions"}],"predecessor-version":[{"id":31725,"href":"https:\/\/www.slovackio.vilniausr.lm.lt\/index.php?rest_route=\/wp\/v2\/pages\/28645\/revisions\/31725"}],"wp:attachment":[{"href":"https:\/\/www.slovackio.vilniausr.lm.lt\/index.php?rest_route=%2Fwp%2Fv2%2Fmedia&parent=28645"}],"curies":[{"name":"wp","href":"https:\/\/api.w.org\/{rel}","templated":true}]}}