{"id":26918,"date":"2023-05-25T15:20:32","date_gmt":"2023-05-25T13:20:32","guid":{"rendered":"http:\/\/www.slovackio.vilniausr.lm.lt\/?page_id=26918"},"modified":"2024-02-21T17:38:15","modified_gmt":"2024-02-21T15:38:15","slug":"nuotolinis-ugdymas-mokymasis","status":"publish","type":"page","link":"https:\/\/www.slovackio.vilniausr.lm.lt\/?page_id=26918","title":{"rendered":"Nuotolinis ugdymas \/ mokymas(is)"},"content":{"rendered":"<p><strong>Mokymo nuotoliniu ugdymo proceso organizavimo b\u016bdu kriterij\u0173 apra\u0161as:<\/strong><\/p>\n<p><span style=\"color: #000080;\"><a style=\"color: #000080;\" href=\"https:\/\/www.e-tar.lt\/portal\/lt\/legalAct\/aaab5c60bc3f11eab9d9cd0c85e0b745\">https:\/\/www.e-tar.lt\/portal\/lt\/legalAct\/aaab5c60bc3f11eab9d9cd0c85e0b745<\/a><\/span><\/p>\n<p>&nbsp;<\/p>","protected":false},"excerpt":{"rendered":"<p>Mokymo nuotoliniu ugdymo proceso organizavimo b\u016bdu kriterij\u0173 apra\u0161as: https:\/\/www.e-tar.lt\/portal\/lt\/legalAct\/aaab5c60bc3f11eab9d9cd0c85e0b745 &nbsp;<\/p>\n","protected":false},"author":1,"featured_media":0,"parent":108,"menu_order":7,"comment_status":"closed","ping_status":"closed","template":"","meta":{"footnotes":""},"class_list":["post-26918","page","type-page","status-publish","hentry"],"jetpack_sharing_enabled":true,"_links":{"self":[{"href":"https:\/\/www.slovackio.vilniausr.lm.lt\/index.php?rest_route=\/wp\/v2\/pages\/26918","targetHints":{"allow":["GET"]}}],"collection":[{"href":"https:\/\/www.slovackio.vilniausr.lm.lt\/index.php?rest_route=\/wp\/v2\/pages"}],"about":[{"href":"https:\/\/www.slovackio.vilniausr.lm.lt\/index.php?rest_route=\/wp\/v2\/types\/page"}],"author":[{"embeddable":true,"href":"https:\/\/www.slovackio.vilniausr.lm.lt\/index.php?rest_route=\/wp\/v2\/users\/1"}],"replies":[{"embeddable":true,"href":"https:\/\/www.slovackio.vilniausr.lm.lt\/index.php?rest_route=%2Fwp%2Fv2%2Fcomments&post=26918"}],"version-history":[{"count":4,"href":"https:\/\/www.slovackio.vilniausr.lm.lt\/index.php?rest_route=\/wp\/v2\/pages\/26918\/revisions"}],"predecessor-version":[{"id":29030,"href":"https:\/\/www.slovackio.vilniausr.lm.lt\/index.php?rest_route=\/wp\/v2\/pages\/26918\/revisions\/29030"}],"up":[{"embeddable":true,"href":"https:\/\/www.slovackio.vilniausr.lm.lt\/index.php?rest_route=\/wp\/v2\/pages\/108"}],"wp:attachment":[{"href":"https:\/\/www.slovackio.vilniausr.lm.lt\/index.php?rest_route=%2Fwp%2Fv2%2Fmedia&parent=26918"}],"curies":[{"name":"wp","href":"https:\/\/api.w.org\/{rel}","templated":true}]}}