{"id":26911,"date":"2023-05-25T15:08:29","date_gmt":"2023-05-25T13:08:29","guid":{"rendered":"http:\/\/www.slovackio.vilniausr.lm.lt\/?page_id=26911"},"modified":"2023-05-25T15:12:23","modified_gmt":"2023-05-25T13:12:23","slug":"gabi7-vaik7-ugdymas","status":"publish","type":"page","link":"https:\/\/www.slovackio.vilniausr.lm.lt\/?page_id=26911","title":{"rendered":"Gabi\u0173 vaik\u0173 ugdymas"},"content":{"rendered":"<p>Mokini\u0173 dalykini\u0173 olimpiad\u0173, konkurs\u0173 ir kit\u0173 rengini\u0173 nuostatai:<\/p>\n<p><span style=\"color: #000080;\"><a style=\"color: #000080;\" href=\"https:\/\/www.e-tar.lt\/portal\/lt\/legalAct\/e36423c08e9a11ea9515f752ff221ec9\">https:\/\/www.e-tar.lt\/portal\/lt\/legalAct\/e36423c08e9a11ea9515f752ff221ec9<\/a><\/span><\/p>\n<p>Lietuvos gamtos moksl\u0173 olimpiad\u0173 asociacija<span style=\"color: #000080;\"> <a style=\"color: #000080;\" href=\"https:\/\/olimpiados.lt\">https:\/\/olimpiados.lt<\/a><\/span><\/p>\n<p>Lietuvos mokini\u0173 neformaliojo \u0161vietimo centras (LMN\u0160C) &nbsp;<span style=\"color: #000080;\"><a style=\"color: #000080;\" href=\"https:\/\/www.lmnsc.lt\">https:\/\/www.lmnsc.lt<\/a><\/span><\/p>","protected":false},"excerpt":{"rendered":"<p>Mokini\u0173 dalykini\u0173 olimpiad\u0173, konkurs\u0173 ir kit\u0173 rengini\u0173 nuostatai: https:\/\/www.e-tar.lt\/portal\/lt\/legalAct\/e36423c08e9a11ea9515f752ff221ec9 Lietuvos gamtos moksl\u0173 olimpiad\u0173 asociacija https:\/\/olimpiados.lt Lietuvos mokini\u0173 neformaliojo \u0161vietimo centras (LMN\u0160C) &nbsp;https:\/\/www.lmnsc.lt<\/p>\n","protected":false},"author":1,"featured_media":0,"parent":108,"menu_order":7,"comment_status":"closed","ping_status":"closed","template":"","meta":{"footnotes":""},"class_list":["post-26911","page","type-page","status-publish","hentry"],"jetpack_sharing_enabled":true,"_links":{"self":[{"href":"https:\/\/www.slovackio.vilniausr.lm.lt\/index.php?rest_route=\/wp\/v2\/pages\/26911","targetHints":{"allow":["GET"]}}],"collection":[{"href":"https:\/\/www.slovackio.vilniausr.lm.lt\/index.php?rest_route=\/wp\/v2\/pages"}],"about":[{"href":"https:\/\/www.slovackio.vilniausr.lm.lt\/index.php?rest_route=\/wp\/v2\/types\/page"}],"author":[{"embeddable":true,"href":"https:\/\/www.slovackio.vilniausr.lm.lt\/index.php?rest_route=\/wp\/v2\/users\/1"}],"replies":[{"embeddable":true,"href":"https:\/\/www.slovackio.vilniausr.lm.lt\/index.php?rest_route=%2Fwp%2Fv2%2Fcomments&post=26911"}],"version-history":[{"count":5,"href":"https:\/\/www.slovackio.vilniausr.lm.lt\/index.php?rest_route=\/wp\/v2\/pages\/26911\/revisions"}],"predecessor-version":[{"id":26916,"href":"https:\/\/www.slovackio.vilniausr.lm.lt\/index.php?rest_route=\/wp\/v2\/pages\/26911\/revisions\/26916"}],"up":[{"embeddable":true,"href":"https:\/\/www.slovackio.vilniausr.lm.lt\/index.php?rest_route=\/wp\/v2\/pages\/108"}],"wp:attachment":[{"href":"https:\/\/www.slovackio.vilniausr.lm.lt\/index.php?rest_route=%2Fwp%2Fv2%2Fmedia&parent=26911"}],"curies":[{"name":"wp","href":"https:\/\/api.w.org\/{rel}","templated":true}]}}