{"id":26830,"date":"2023-05-24T10:25:04","date_gmt":"2023-05-24T08:25:04","guid":{"rendered":"http:\/\/www.slovackio.vilniausr.lm.lt\/?page_id=26830"},"modified":"2025-09-16T19:38:57","modified_gmt":"2025-09-16T17:38:57","slug":"pasiekimu-patikrinimas","status":"publish","type":"page","link":"https:\/\/www.slovackio.vilniausr.lm.lt\/?page_id=26830","title":{"rendered":"Pasiekim\u0173 patikrinimas"},"content":{"rendered":"<p><\/p>\n<p style=\"text-align: justify;\"><span style=\"color: #000080;\"><strong>Mokymosi pasiekim\u0173 vertinimo paskirtis<\/strong><\/span> \u2013 pad\u0117ti mokiniui pasitikrinti mokymosi pa\u017eang\u0105, nustatyti jo pasiekimus ir, palyginus su bendrosiose programose nustatytais pasiekim\u0173 lygiais, pad\u0117ti priimti sprendimus d\u0117l tolesnio mokymosi ar veiklos.<\/p>\n<p><strong>Informacija apie <\/strong><strong>brandos<\/strong><strong> egzaminus<\/strong><strong>:<\/strong><\/p>\n<p><span style=\"color: #000080;\"><a style=\"color: #000080;\" href=\"https:\/\/www.nsa.smm.lt\/egzaminai\">https:\/\/www.nsa.smm.lt\/egzaminai<\/a><\/span><\/p>\n<p><strong>Brandos egzaminai:<\/strong><\/p>\n<p><span style=\"color: #000080;\"> <a style=\"color: #000080;\" href=\"http:\/\/www.nsa.smm.lt\/stebesenos-ir-vertinimo-departamentas\/pasiekimu-patikrinimai\/brandos-egzaminai\/\">www.nsa.smm.lt\/stebesenos-ir-vertinimo-departamentas\/pasiekimu-patikrinimai\/brandos-egzaminai\/<\/a><\/span><\/p>\n<p><strong>Brandos darbas:<\/strong><\/p>\n<p><span style=\"color: #000080;\"> <a style=\"color: #000080;\" href=\"https:\/\/www.nsa.smm.lt\/stebesenos-ir-vertinimo-departamentas\/pasiekimu-patikrinimai\/brandos-egzaminai\/brandos-darbas\">https:\/\/www.nsa.smm.lt\/stebesenos-ir-vertinimo-departamentas\/pasiekimu-patikrinimai\/brandos-egzaminai\/brandos-darbas<\/a><\/span><\/p>\n<p><strong>Brandos egzamin\u0173 ir lietuvi\u0173 kalbos ir literat\u016bros \u012fskaitos organizavimo ir vykdymo tvarkos apra\u0161ai<\/strong><\/p>\n<p><span style=\"color: #000080;\"><a style=\"color: #000080;\" href=\"https:\/\/www.e-tar.lt\/portal\/lt\/legalAct\/TAR.759F8EEA8302\">https:\/\/www.e-tar.lt\/portal\/lt\/legalAct\/TAR.759F8EEA8302<\/a><\/span><\/p>\n<p><strong>Kalb\u0173 \u012fskait\u0173, brandos egzamin\u0173 u\u017eduoties formos, vykdymo ir vertinimo instrukcij\u0173 pritaikymo mokiniams, buvusiems mokiniams ir eksternams, turintiems speciali\u0173j\u0173 ugdymosi poreiki\u0173, tvarkos apra\u0161as<\/strong><\/p>\n<p><span style=\"color: #000080;\"><a style=\"color: #000080;\" href=\"https:\/\/www.e-tar.lt\/portal\/lt\/legalAct\/TAR.A07B1A81868E\">https:\/\/www.e-tar.lt\/portal\/lt\/legalAct\/TAR.A07B1A81868E<\/a><\/span><\/p>\n<p><strong>Lig\u0173, galin\u010di\u0173 b\u016bti pagrindu atleisti asmenis nuo brandos egzamin\u0173, s\u0105ra\u0161as<\/strong> <span style=\"color: #000080;\"><a style=\"color: #000080;\" href=\"https:\/\/www.e-tar.lt\/portal\/lt\/legalAct\/TAR.0F7850B4E05A\">https:\/\/www.e-tar.lt\/portal\/lt\/legalAct\/TAR.0F7850B4E05A<\/a><\/span><\/p>\n<p><strong>Daugiau informacijos apie brandos egzaminus \u0160vietimo, mokslo ir sporto ministerijos interneto svetain\u0117je:<\/strong><\/p>\n<p><span style=\"color: #000080;\"> <a style=\"color: #000080;\" href=\"https:\/\/smsm.lrv.lt\/lt\/veiklos-sritys-1\/smm-svietimas\/brandos-egzaminai\">https:\/\/smsm.lrv.lt\/lt\/veiklos-sritys-1\/smm-svietimas\/brandos-egzaminai<\/a><\/span><\/p>\n<p><strong>Informacija apie pagrindinio ugdymo pasiekim\u0173 patikrinim\u0105 (PUPP)<\/strong><\/p>\n<p><span style=\"color: #000080;\"><a style=\"color: #000080;\" href=\"http:\/\/www.nsa.smm.lt\/stebesenos-ir-vertinimo-departamentas\/pasiekimu-patikrinimai\/pupp\/\">www.nsa.smm.lt\/stebesenos-ir-vertinimo-departamentas\/pasiekimu-patikrinimai\/pupp\/<\/a><\/span><\/p>\n<p><strong>Pagrindinio ugdymo pasiekim\u0173 patikrinimo organizavimo ir vykdymo tvarkos apra\u0161as<\/strong><\/p>\n<p><span style=\"color: #000080;\"><a style=\"color: #000080;\" href=\"https:\/\/www.e-tar.lt\/portal\/lt\/legalAct\/TAR.E64202686973\">https:\/\/www.e-tar.lt\/portal\/lt\/legalAct\/TAR.E64202686973<\/a><\/span><\/p>\n<p><strong>Pagrindinio ugdymo pasiekim\u0173 patikrinimo, vykdymo ir vertinimo instrukcij\u0173 pritaikymo mokiniams, buvusiems mokiniams, turintiems speciali\u0173j\u0173 ugdymosi poreiki\u0173, tvarkos apra\u0161as<\/strong><\/p>\n<p><span style=\"color: #000080;\"> <a style=\"color: #000080;\" href=\"https:\/\/www.e-tar.lt\/portal\/lt\/legalAct\/TAR.A07B1A81868E\">https:\/\/www.e-tar.lt\/portal\/lt\/legalAct\/TAR.A07B1A81868E<\/a><\/span><\/p>\n<p><strong>Informacija apie nacionalinius mokini\u0173 pasiekim\u0173 patikrinimus (NMPP)<\/strong><\/p>\n<p><span style=\"color: #000080;\"><a style=\"color: #000080;\" href=\"http:\/\/www.nsa.smm.lt\/stebesenos-ir-vertinimo-departamentas\/pasiekimu-patikrinimai\/nmpp\/\">www.nsa.smm.lt\/stebesenos-ir-vertinimo-departamentas\/pasiekimu-patikrinimai\/nmpp\/<\/a><\/span><\/p>\n<p><strong>Nacionalinio mokini\u0173 pasiekim\u0173 patikrinimo organizavimo ir vykdymo tvarkos apra\u0161as:<\/strong><\/p>\n<p><span style=\"color: #000080;\"> <a style=\"color: #000080;\" href=\"https:\/\/www.e-tar.lt\/portal\/lt\/legalAct\/b37afd00d31311e68d79c2033f194657\">https:\/\/www.e-tar.lt\/portal\/lt\/legalAct\/b37afd00d31311e68d79c2033f194657<\/a><\/span><\/p>\n<p><strong>\u00a0<\/strong><\/p>","protected":false},"excerpt":{"rendered":"<p>Mokymosi pasiekim\u0173 vertinimo paskirtis \u2013 pad\u0117ti mokiniui pasitikrinti mokymosi pa\u017eang\u0105, nustatyti jo pasiekimus ir, palyginus su bendrosiose programose nustatytais pasiekim\u0173 lygiais, pad\u0117ti priimti sprendimus d\u0117l tolesnio mokymosi ar veiklos. Informacija apie brandos egzaminus: https:\/\/www.nsa.smm.lt\/egzaminai Brandos egzaminai: www.nsa.smm.lt\/stebesenos-ir-vertinimo-departamentas\/pasiekimu-patikrinimai\/brandos-egzaminai\/ Brandos darbas: https:\/\/www.nsa.smm.lt\/stebesenos-ir-vertinimo-departamentas\/pasiekimu-patikrinimai\/brandos-egzaminai\/brandos-darbas Brandos egzamin\u0173 ir lietuvi\u0173 kalbos ir literat\u016bros \u012fskaitos organizavimo ir vykdymo tvarkos apra\u0161ai https:\/\/www.e-tar.lt\/portal\/lt\/legalAct\/TAR.759F8EEA8302 Kalb\u0173 \u012fskait\u0173, brandos egzamin\u0173 u\u017eduoties formos,<\/p>\n","protected":false},"author":1,"featured_media":0,"parent":108,"menu_order":9,"comment_status":"closed","ping_status":"closed","template":"","meta":{"footnotes":""},"class_list":["post-26830","page","type-page","status-publish","hentry"],"jetpack_sharing_enabled":true,"_links":{"self":[{"href":"https:\/\/www.slovackio.vilniausr.lm.lt\/index.php?rest_route=\/wp\/v2\/pages\/26830","targetHints":{"allow":["GET"]}}],"collection":[{"href":"https:\/\/www.slovackio.vilniausr.lm.lt\/index.php?rest_route=\/wp\/v2\/pages"}],"about":[{"href":"https:\/\/www.slovackio.vilniausr.lm.lt\/index.php?rest_route=\/wp\/v2\/types\/page"}],"author":[{"embeddable":true,"href":"https:\/\/www.slovackio.vilniausr.lm.lt\/index.php?rest_route=\/wp\/v2\/users\/1"}],"replies":[{"embeddable":true,"href":"https:\/\/www.slovackio.vilniausr.lm.lt\/index.php?rest_route=%2Fwp%2Fv2%2Fcomments&post=26830"}],"version-history":[{"count":5,"href":"https:\/\/www.slovackio.vilniausr.lm.lt\/index.php?rest_route=\/wp\/v2\/pages\/26830\/revisions"}],"predecessor-version":[{"id":33327,"href":"https:\/\/www.slovackio.vilniausr.lm.lt\/index.php?rest_route=\/wp\/v2\/pages\/26830\/revisions\/33327"}],"up":[{"embeddable":true,"href":"https:\/\/www.slovackio.vilniausr.lm.lt\/index.php?rest_route=\/wp\/v2\/pages\/108"}],"wp:attachment":[{"href":"https:\/\/www.slovackio.vilniausr.lm.lt\/index.php?rest_route=%2Fwp%2Fv2%2Fmedia&parent=26830"}],"curies":[{"name":"wp","href":"https:\/\/api.w.org\/{rel}","templated":true}]}}