{"id":24807,"date":"2022-09-30T13:54:22","date_gmt":"2022-09-30T11:54:22","guid":{"rendered":"http:\/\/www.slovackio.vilniausr.lm.lt\/?page_id=24807"},"modified":"2023-05-18T09:23:54","modified_gmt":"2023-05-18T07:23:54","slug":"gimnazijos-valdymo-strukturos-schema","status":"publish","type":"page","link":"https:\/\/www.slovackio.vilniausr.lm.lt\/?page_id=24807","title":{"rendered":"Gimnazijos valdymo strukt\u016bros schema"},"content":{"rendered":"<p><span style=\"color: #000080;\"><a style=\"color: #000080;\" href=\"https:\/\/www.slovackio.vilniausr.lm.lt\/wp-content\/uploads\/Isakymas-del-strukturos-ir-pareigybiu-sarasas.pdf\">\u012esakymas d\u0117l strukt\u016bros ir pareigybi\u0173 s\u0105ra\u0161as<\/a><\/span><\/p>","protected":false},"excerpt":{"rendered":"<p>\u012esakymas d\u0117l strukt\u016bros ir pareigybi\u0173 s\u0105ra\u0161as<\/p>\n","protected":false},"author":1,"featured_media":0,"parent":30,"menu_order":0,"comment_status":"closed","ping_status":"closed","template":"","meta":{"footnotes":""},"class_list":["post-24807","page","type-page","status-publish","hentry"],"jetpack_sharing_enabled":true,"_links":{"self":[{"href":"https:\/\/www.slovackio.vilniausr.lm.lt\/index.php?rest_route=\/wp\/v2\/pages\/24807","targetHints":{"allow":["GET"]}}],"collection":[{"href":"https:\/\/www.slovackio.vilniausr.lm.lt\/index.php?rest_route=\/wp\/v2\/pages"}],"about":[{"href":"https:\/\/www.slovackio.vilniausr.lm.lt\/index.php?rest_route=\/wp\/v2\/types\/page"}],"author":[{"embeddable":true,"href":"https:\/\/www.slovackio.vilniausr.lm.lt\/index.php?rest_route=\/wp\/v2\/users\/1"}],"replies":[{"embeddable":true,"href":"https:\/\/www.slovackio.vilniausr.lm.lt\/index.php?rest_route=%2Fwp%2Fv2%2Fcomments&post=24807"}],"version-history":[{"count":4,"href":"https:\/\/www.slovackio.vilniausr.lm.lt\/index.php?rest_route=\/wp\/v2\/pages\/24807\/revisions"}],"predecessor-version":[{"id":26602,"href":"https:\/\/www.slovackio.vilniausr.lm.lt\/index.php?rest_route=\/wp\/v2\/pages\/24807\/revisions\/26602"}],"up":[{"embeddable":true,"href":"https:\/\/www.slovackio.vilniausr.lm.lt\/index.php?rest_route=\/wp\/v2\/pages\/30"}],"wp:attachment":[{"href":"https:\/\/www.slovackio.vilniausr.lm.lt\/index.php?rest_route=%2Fwp%2Fv2%2Fmedia&parent=24807"}],"curies":[{"name":"wp","href":"https:\/\/api.w.org\/{rel}","templated":true}]}}