{"id":24782,"date":"2022-09-30T12:16:03","date_gmt":"2022-09-30T10:16:03","guid":{"rendered":"http:\/\/www.slovackio.vilniausr.lm.lt\/?page_id=24782"},"modified":"2024-02-14T12:34:27","modified_gmt":"2024-02-14T10:34:27","slug":"pailgintos-dienos-grupe","status":"publish","type":"page","link":"https:\/\/www.slovackio.vilniausr.lm.lt\/?page_id=24782","title":{"rendered":"Pailgintos dienos grup\u0117"},"content":{"rendered":"<p>Po pamok\u0173 veikia pailgintos dienos grup\u0117.<\/p>\n<p>1-5 klasi\u0173 mokiniai grup\u0117je dalyvauja iki 17.00 val.<\/p>\n<p>Mokytojai:<\/p>\n<p>Liudmila Laty\u0161evi\u010d, Tatjana Liachovi\u010d, Ivona \u0160imak.<\/p>","protected":false},"excerpt":{"rendered":"<p>Po pamok\u0173 veikia pailgintos dienos grup\u0117. 1-5 klasi\u0173 mokiniai grup\u0117je dalyvauja iki 17.00 val. Mokytojai: Liudmila Laty\u0161evi\u010d, Tatjana Liachovi\u010d, Ivona \u0160imak.<\/p>\n","protected":false},"author":1,"featured_media":0,"parent":6225,"menu_order":6,"comment_status":"closed","ping_status":"closed","template":"","meta":{"footnotes":""},"class_list":["post-24782","page","type-page","status-publish","hentry"],"jetpack_sharing_enabled":true,"_links":{"self":[{"href":"https:\/\/www.slovackio.vilniausr.lm.lt\/index.php?rest_route=\/wp\/v2\/pages\/24782","targetHints":{"allow":["GET"]}}],"collection":[{"href":"https:\/\/www.slovackio.vilniausr.lm.lt\/index.php?rest_route=\/wp\/v2\/pages"}],"about":[{"href":"https:\/\/www.slovackio.vilniausr.lm.lt\/index.php?rest_route=\/wp\/v2\/types\/page"}],"author":[{"embeddable":true,"href":"https:\/\/www.slovackio.vilniausr.lm.lt\/index.php?rest_route=\/wp\/v2\/users\/1"}],"replies":[{"embeddable":true,"href":"https:\/\/www.slovackio.vilniausr.lm.lt\/index.php?rest_route=%2Fwp%2Fv2%2Fcomments&post=24782"}],"version-history":[{"count":7,"href":"https:\/\/www.slovackio.vilniausr.lm.lt\/index.php?rest_route=\/wp\/v2\/pages\/24782\/revisions"}],"predecessor-version":[{"id":28889,"href":"https:\/\/www.slovackio.vilniausr.lm.lt\/index.php?rest_route=\/wp\/v2\/pages\/24782\/revisions\/28889"}],"up":[{"embeddable":true,"href":"https:\/\/www.slovackio.vilniausr.lm.lt\/index.php?rest_route=\/wp\/v2\/pages\/6225"}],"wp:attachment":[{"href":"https:\/\/www.slovackio.vilniausr.lm.lt\/index.php?rest_route=%2Fwp%2Fv2%2Fmedia&parent=24782"}],"curies":[{"name":"wp","href":"https:\/\/api.w.org\/{rel}","templated":true}]}}