{"id":24769,"date":"2022-09-30T11:52:15","date_gmt":"2022-09-30T09:52:15","guid":{"rendered":"http:\/\/www.slovackio.vilniausr.lm.lt\/?page_id=24769"},"modified":"2023-05-24T22:05:24","modified_gmt":"2023-05-24T20:05:24","slug":"lesos-veiklai-viesinti","status":"publish","type":"page","link":"https:\/\/www.slovackio.vilniausr.lm.lt\/?page_id=24769","title":{"rendered":"L\u0117\u0161os veiklai vie\u0161inti"},"content":{"rendered":"<p><strong><a href=\"https:\/\/www.virsis.lt\/\"><span style=\"color: #008000;\">Vie\u0161osios informacijos reng\u0117j\u0173 ir skleid\u0117j\u0173 informacin\u0117 sistema<\/span> <\/a><\/strong><span style=\"color: #333399;\">https:\/\/www.virsis.lt\/<\/span><\/p>\n<p>&nbsp;<\/p>\n<p>&nbsp;<\/p>","protected":false},"excerpt":{"rendered":"<p>Vie\u0161osios informacijos reng\u0117j\u0173 ir skleid\u0117j\u0173 informacin\u0117 sistema https:\/\/www.virsis.lt\/ &nbsp; &nbsp;<\/p>\n","protected":false},"author":1,"featured_media":0,"parent":6206,"menu_order":10,"comment_status":"closed","ping_status":"closed","template":"","meta":{"footnotes":""},"class_list":["post-24769","page","type-page","status-publish","hentry"],"jetpack_sharing_enabled":true,"_links":{"self":[{"href":"https:\/\/www.slovackio.vilniausr.lm.lt\/index.php?rest_route=\/wp\/v2\/pages\/24769","targetHints":{"allow":["GET"]}}],"collection":[{"href":"https:\/\/www.slovackio.vilniausr.lm.lt\/index.php?rest_route=\/wp\/v2\/pages"}],"about":[{"href":"https:\/\/www.slovackio.vilniausr.lm.lt\/index.php?rest_route=\/wp\/v2\/types\/page"}],"author":[{"embeddable":true,"href":"https:\/\/www.slovackio.vilniausr.lm.lt\/index.php?rest_route=\/wp\/v2\/users\/1"}],"replies":[{"embeddable":true,"href":"https:\/\/www.slovackio.vilniausr.lm.lt\/index.php?rest_route=%2Fwp%2Fv2%2Fcomments&post=24769"}],"version-history":[{"count":8,"href":"https:\/\/www.slovackio.vilniausr.lm.lt\/index.php?rest_route=\/wp\/v2\/pages\/24769\/revisions"}],"predecessor-version":[{"id":26867,"href":"https:\/\/www.slovackio.vilniausr.lm.lt\/index.php?rest_route=\/wp\/v2\/pages\/24769\/revisions\/26867"}],"up":[{"embeddable":true,"href":"https:\/\/www.slovackio.vilniausr.lm.lt\/index.php?rest_route=\/wp\/v2\/pages\/6206"}],"wp:attachment":[{"href":"https:\/\/www.slovackio.vilniausr.lm.lt\/index.php?rest_route=%2Fwp%2Fv2%2Fmedia&parent=24769"}],"curies":[{"name":"wp","href":"https:\/\/api.w.org\/{rel}","templated":true}]}}