{"id":24764,"date":"2022-09-30T11:49:52","date_gmt":"2022-09-30T09:49:52","guid":{"rendered":"http:\/\/www.slovackio.vilniausr.lm.lt\/?page_id=24764"},"modified":"2026-04-27T19:42:23","modified_gmt":"2026-04-27T17:42:23","slug":"biudzeto-vykdymo-ataskaitu-rinkiniai","status":"publish","type":"page","link":"https:\/\/www.slovackio.vilniausr.lm.lt\/?page_id=24764","title":{"rendered":"Biud\u017eeto vykdymo ataskait\u0173 rinkiniai"},"content":{"rendered":"<p><strong><a href=\"https:\/\/www.slovackio.vilniausr.lm.lt\/wp-content\/uploads\/2026-m.-I-ketvircio-biudzeto-ataskaitu-rinkinys.pdf\">2026 m. I ketvir\u010dio biud\u017eeto ataskait\u0173 rinkinys<\/a><\/strong><\/p>\n<p><strong><span style=\"color: #000080;\"><a style=\"color: #000080;\" href=\"https:\/\/www.slovackio.vilniausr.lm.lt\/wp-content\/uploads\/plik.pdf\">2025 met\u0173 biud\u017eeto vykdymo ataskaita<\/a><\/span><\/strong><\/p>\n<p><span style=\"color: #000080;\"><strong><a style=\"color: #000080;\" href=\"https:\/\/www.slovackio.vilniausr.lm.lt\/wp-content\/uploads\/I-III-ketvirciu-ataskaitos.pdf\">2025 met\u0173 I-III ketvir\u010dio finansin\u0117s b\u016bkl\u0117s ataskaita<\/a><\/strong><\/span><\/p>\n<p><span style=\"color: #000080;\"><strong><a style=\"color: #000080;\" href=\"https:\/\/www.slovackio.vilniausr.lm.lt\/wp-content\/uploads\/2024-metu-biudzeto-vykdymo-ataskaita.pdf\">2024 met\u0173 biud\u017eeto vykdymo ataskaita<\/a><\/strong><\/span><\/p>\n<p><span style=\"color: #000080;\"><strong><a style=\"color: #000080;\" href=\"https:\/\/www.slovackio.vilniausr.lm.lt\/wp-content\/uploads\/FAR-rinkinys-III-ketvirtys.pdf\">2024 met\u0173 III ketvir\u010dio finansin\u0117s b\u016bkl\u0117s ataskaita <\/a><\/strong><\/span><\/p>\n<p><span style=\"color: #000080;\"><strong><a style=\"color: #000080;\" href=\"https:\/\/www.slovackio.vilniausr.lm.lt\/wp-content\/uploads\/Far-II-ketvirtys.pdf\">2024 met\u0173 II ketvir\u010dio finansin\u0117s b\u016bkl\u0117s ataskaita <\/a><\/strong><\/span><\/p>\n<p><span style=\"color: #000080;\"><strong><a style=\"color: #000080;\" href=\"https:\/\/www.slovackio.vilniausr.lm.lt\/wp-content\/uploads\/2024-metu-I-ketvircio-biudzeto-vykdymo-ataskaita.pdf\">2024 met\u0173 I ketvir\u010dio biud\u017eeto vykdymo ataskaita<\/a><\/strong><\/span><\/p>\n<p><strong><span style=\"color: #000080;\"><a style=\"color: #000080;\" href=\"https:\/\/www.slovackio.vilniausr.lm.lt\/wp-content\/uploads\/2023-metu-biudzeto-vykdymo-ataskaita.pdf\">2023 met\u0173 biud\u017eeto vykdymo ataskaita<\/a><\/span><\/strong><\/p>","protected":false},"excerpt":{"rendered":"<p>2026 m. I ketvir\u010dio biud\u017eeto ataskait\u0173 rinkinys 2025 met\u0173 biud\u017eeto vykdymo ataskaita 2025 met\u0173 I-III ketvir\u010dio finansin\u0117s b\u016bkl\u0117s ataskaita 2024 met\u0173 biud\u017eeto vykdymo ataskaita 2024 met\u0173 III ketvir\u010dio finansin\u0117s b\u016bkl\u0117s ataskaita 2024 met\u0173 II ketvir\u010dio finansin\u0117s b\u016bkl\u0117s ataskaita 2024 met\u0173 I ketvir\u010dio biud\u017eeto vykdymo ataskaita 2023 met\u0173 biud\u017eeto vykdymo ataskaita<\/p>\n","protected":false},"author":1,"featured_media":0,"parent":6206,"menu_order":6,"comment_status":"closed","ping_status":"closed","template":"","meta":{"footnotes":""},"class_list":["post-24764","page","type-page","status-publish","hentry"],"jetpack_sharing_enabled":true,"_links":{"self":[{"href":"https:\/\/www.slovackio.vilniausr.lm.lt\/index.php?rest_route=\/wp\/v2\/pages\/24764","targetHints":{"allow":["GET"]}}],"collection":[{"href":"https:\/\/www.slovackio.vilniausr.lm.lt\/index.php?rest_route=\/wp\/v2\/pages"}],"about":[{"href":"https:\/\/www.slovackio.vilniausr.lm.lt\/index.php?rest_route=\/wp\/v2\/types\/page"}],"author":[{"embeddable":true,"href":"https:\/\/www.slovackio.vilniausr.lm.lt\/index.php?rest_route=\/wp\/v2\/users\/1"}],"replies":[{"embeddable":true,"href":"https:\/\/www.slovackio.vilniausr.lm.lt\/index.php?rest_route=%2Fwp%2Fv2%2Fcomments&post=24764"}],"version-history":[{"count":15,"href":"https:\/\/www.slovackio.vilniausr.lm.lt\/index.php?rest_route=\/wp\/v2\/pages\/24764\/revisions"}],"predecessor-version":[{"id":35392,"href":"https:\/\/www.slovackio.vilniausr.lm.lt\/index.php?rest_route=\/wp\/v2\/pages\/24764\/revisions\/35392"}],"up":[{"embeddable":true,"href":"https:\/\/www.slovackio.vilniausr.lm.lt\/index.php?rest_route=\/wp\/v2\/pages\/6206"}],"wp:attachment":[{"href":"https:\/\/www.slovackio.vilniausr.lm.lt\/index.php?rest_route=%2Fwp%2Fv2%2Fmedia&parent=24764"}],"curies":[{"name":"wp","href":"https:\/\/api.w.org\/{rel}","templated":true}]}}