{"id":24735,"date":"2022-09-30T11:28:42","date_gmt":"2022-09-30T09:28:42","guid":{"rendered":"http:\/\/www.slovackio.vilniausr.lm.lt\/?page_id=24735"},"modified":"2023-05-18T17:14:09","modified_gmt":"2023-05-18T15:14:09","slug":"tyrimai-ir-analizes","status":"publish","type":"page","link":"https:\/\/www.slovackio.vilniausr.lm.lt\/?page_id=24735","title":{"rendered":"Tyrimai ir analiz\u0117s"},"content":{"rendered":"<p><\/p>\n<p class=\"western\"><strong><span style=\"color: #000000;\"><span style=\"font-size: large;\">\u012estaigoje n\u0117ra atlikta tyrim\u0173 ir analizi\u0173 d\u0117l numatomo teisinio reguliavimo.<\/span><\/span><\/strong><\/p>\n<p><\/p>","protected":false},"excerpt":{"rendered":"<p>\u012estaigoje n\u0117ra atlikta tyrim\u0173 ir analizi\u0173 d\u0117l numatomo teisinio reguliavimo.<\/p>\n","protected":false},"author":1,"featured_media":0,"parent":17601,"menu_order":3,"comment_status":"closed","ping_status":"closed","template":"","meta":{"footnotes":""},"class_list":["post-24735","page","type-page","status-publish","hentry"],"jetpack_sharing_enabled":true,"_links":{"self":[{"href":"https:\/\/www.slovackio.vilniausr.lm.lt\/index.php?rest_route=\/wp\/v2\/pages\/24735","targetHints":{"allow":["GET"]}}],"collection":[{"href":"https:\/\/www.slovackio.vilniausr.lm.lt\/index.php?rest_route=\/wp\/v2\/pages"}],"about":[{"href":"https:\/\/www.slovackio.vilniausr.lm.lt\/index.php?rest_route=\/wp\/v2\/types\/page"}],"author":[{"embeddable":true,"href":"https:\/\/www.slovackio.vilniausr.lm.lt\/index.php?rest_route=\/wp\/v2\/users\/1"}],"replies":[{"embeddable":true,"href":"https:\/\/www.slovackio.vilniausr.lm.lt\/index.php?rest_route=%2Fwp%2Fv2%2Fcomments&post=24735"}],"version-history":[{"count":4,"href":"https:\/\/www.slovackio.vilniausr.lm.lt\/index.php?rest_route=\/wp\/v2\/pages\/24735\/revisions"}],"predecessor-version":[{"id":26666,"href":"https:\/\/www.slovackio.vilniausr.lm.lt\/index.php?rest_route=\/wp\/v2\/pages\/24735\/revisions\/26666"}],"up":[{"embeddable":true,"href":"https:\/\/www.slovackio.vilniausr.lm.lt\/index.php?rest_route=\/wp\/v2\/pages\/17601"}],"wp:attachment":[{"href":"https:\/\/www.slovackio.vilniausr.lm.lt\/index.php?rest_route=%2Fwp%2Fv2%2Fmedia&parent=24735"}],"curies":[{"name":"wp","href":"https:\/\/api.w.org\/{rel}","templated":true}]}}