{"id":22144,"date":"2021-04-16T21:21:17","date_gmt":"2021-04-16T19:21:17","guid":{"rendered":"http:\/\/www.slovackio.vilniausr.lm.lt\/?page_id=22144"},"modified":"2026-03-21T07:59:49","modified_gmt":"2026-03-21T05:59:49","slug":"paslaugos","status":"publish","type":"page","link":"https:\/\/www.slovackio.vilniausr.lm.lt\/?page_id=22144","title":{"rendered":"Vadov\u0117li\u0173, literat\u016bros ir mokymo priemoni\u0173 \u012fsigijimas"},"content":{"rendered":"<p><strong><a href=\"https:\/\/www.slovackio.vilniausr.lm.lt\/wp-content\/uploads\/2025Vadoveliu-mokymo-priemoniu-isigijimas-2025.docx\">Vadov\u0117li\u0173 bei mokymo priemoni\u0173 pirkimas 2025 metais<\/a><\/strong><\/p>\n<p><span style=\"color: #003366;\"><strong><a style=\"color: #003366;\" href=\"https:\/\/www.slovackio.vilniausr.lm.lt\/wp-content\/uploads\/2024-m.-Vadoveliu-ir-mokymo-priemoniu-isigijimas.docx\">Vadov\u0117li\u0173 bei mokymo priemoni\u0173 pirkimas 2024 metais<\/a><\/strong><\/span><\/p>\n<p><span style=\"color: #003366;\"><strong><a style=\"color: #003366;\" href=\"https:\/\/www.slovackio.vilniausr.lm.lt\/wp-content\/uploads\/2023-metu-vadoveliu-ir-mokymo-priemoniu-isigijimas.pdf\">Vadov\u0117li\u0173 bei mokymo priemoni\u0173 pirkimas 2023 metais<\/a><\/strong><\/span><\/p>\n<p><strong><span style=\"color: #003366;\"><a style=\"color: #003366;\" href=\"https:\/\/www.slovackio.vilniausr.lm.lt\/wp-content\/uploads\/Vadoveliu-mokymo-priemoniu-isigijimas-2022-BezdJS-1-2-1.pdf\">Vadov\u0117li\u0173 bei mokymo priemoni\u0173 pirkimas 2022 metais<\/a><\/span><\/strong><\/p>\n<p><strong><span style=\"color: #003366;\"><a style=\"color: #003366;\" href=\"https:\/\/www.slovackio.vilniausr.lm.lt\/wp-content\/uploads\/Vadoveliu-mokymo-priemoniu-isigijimas-2021BezdJS.pdf\">Vadov\u0117li\u0173 bei mokymo priemoni\u0173 pirkimas 2021 metais<\/a><\/span><\/strong><\/p>\n<p><strong><span style=\"color: #003366;\"><a style=\"color: #003366;\" href=\"https:\/\/www.slovackio.vilniausr.lm.lt\/wp-content\/uploads\/Vadoveliu-mokymo-priemoniu-isigijimas-2020-1.pdf\">Vadov\u0117li\u0173 bei mokymo priemoni\u0173 pirkimas 2020 metais<\/a><\/span><\/strong><\/p>\n<p><strong><span style=\"color: #003366;\"><a style=\"color: #003366;\" href=\"https:\/\/www.slovackio.vilniausr.lm.lt\/wp-content\/uploads\/Isigijimas-interneto-svetainei-vad-2.pdf\">Vadov\u0117li\u0173 bei mokymo priemoni\u0173 pirkimas 2019 metais<\/a><\/span><\/strong><\/p>","protected":false},"excerpt":{"rendered":"<p>Vadov\u0117li\u0173 bei mokymo priemoni\u0173 pirkimas 2025 metais Vadov\u0117li\u0173 bei mokymo priemoni\u0173 pirkimas 2024 metais Vadov\u0117li\u0173 bei mokymo priemoni\u0173 pirkimas 2023 metais Vadov\u0117li\u0173 bei mokymo priemoni\u0173 pirkimas 2022 metais Vadov\u0117li\u0173 bei mokymo priemoni\u0173 pirkimas 2021 metais Vadov\u0117li\u0173 bei mokymo priemoni\u0173 pirkimas 2020 metais Vadov\u0117li\u0173 bei mokymo priemoni\u0173 pirkimas 2019 metais<\/p>\n","protected":false},"author":1,"featured_media":0,"parent":228,"menu_order":1,"comment_status":"closed","ping_status":"closed","template":"","meta":{"footnotes":""},"class_list":["post-22144","page","type-page","status-publish","hentry"],"jetpack_sharing_enabled":true,"_links":{"self":[{"href":"https:\/\/www.slovackio.vilniausr.lm.lt\/index.php?rest_route=\/wp\/v2\/pages\/22144","targetHints":{"allow":["GET"]}}],"collection":[{"href":"https:\/\/www.slovackio.vilniausr.lm.lt\/index.php?rest_route=\/wp\/v2\/pages"}],"about":[{"href":"https:\/\/www.slovackio.vilniausr.lm.lt\/index.php?rest_route=\/wp\/v2\/types\/page"}],"author":[{"embeddable":true,"href":"https:\/\/www.slovackio.vilniausr.lm.lt\/index.php?rest_route=\/wp\/v2\/users\/1"}],"replies":[{"embeddable":true,"href":"https:\/\/www.slovackio.vilniausr.lm.lt\/index.php?rest_route=%2Fwp%2Fv2%2Fcomments&post=22144"}],"version-history":[{"count":32,"href":"https:\/\/www.slovackio.vilniausr.lm.lt\/index.php?rest_route=\/wp\/v2\/pages\/22144\/revisions"}],"predecessor-version":[{"id":35044,"href":"https:\/\/www.slovackio.vilniausr.lm.lt\/index.php?rest_route=\/wp\/v2\/pages\/22144\/revisions\/35044"}],"up":[{"embeddable":true,"href":"https:\/\/www.slovackio.vilniausr.lm.lt\/index.php?rest_route=\/wp\/v2\/pages\/228"}],"wp:attachment":[{"href":"https:\/\/www.slovackio.vilniausr.lm.lt\/index.php?rest_route=%2Fwp%2Fv2%2Fmedia&parent=22144"}],"curies":[{"name":"wp","href":"https:\/\/api.w.org\/{rel}","templated":true}]}}