{"id":17682,"date":"2018-12-03T19:47:37","date_gmt":"2018-12-03T17:47:37","guid":{"rendered":"http:\/\/www.slovackio.vilniausr.lm.lt\/?page_id=17682"},"modified":"2024-03-18T13:36:31","modified_gmt":"2024-03-18T11:36:31","slug":"veiklos-isivertinimas","status":"publish","type":"page","link":"https:\/\/www.slovackio.vilniausr.lm.lt\/?page_id=17682","title":{"rendered":"Veiklos \u012fsivertinimas"},"content":{"rendered":"<p><span style=\"color: #000080;\"><strong><a style=\"color: #000080;\" href=\"https:\/\/www.slovackio.vilniausr.lm.lt\/wp-content\/uploads\/2023-metu-gimnazijos-veiklos-kokybes-isivertinimo-ataskaita.odt\">2023 met\u0173 gimnazijos veiklos kokyb\u0117s \u012fsivertinimo ataskaita<\/a><\/strong><\/span><\/p>","protected":false},"excerpt":{"rendered":"<p>2023 met\u0173 gimnazijos veiklos kokyb\u0117s \u012fsivertinimo ataskaita<\/p>\n","protected":false},"author":1,"featured_media":0,"parent":28645,"menu_order":1,"comment_status":"closed","ping_status":"closed","template":"","meta":{"footnotes":""},"class_list":["post-17682","page","type-page","status-publish","hentry"],"jetpack_sharing_enabled":true,"_links":{"self":[{"href":"https:\/\/www.slovackio.vilniausr.lm.lt\/index.php?rest_route=\/wp\/v2\/pages\/17682","targetHints":{"allow":["GET"]}}],"collection":[{"href":"https:\/\/www.slovackio.vilniausr.lm.lt\/index.php?rest_route=\/wp\/v2\/pages"}],"about":[{"href":"https:\/\/www.slovackio.vilniausr.lm.lt\/index.php?rest_route=\/wp\/v2\/types\/page"}],"author":[{"embeddable":true,"href":"https:\/\/www.slovackio.vilniausr.lm.lt\/index.php?rest_route=\/wp\/v2\/users\/1"}],"replies":[{"embeddable":true,"href":"https:\/\/www.slovackio.vilniausr.lm.lt\/index.php?rest_route=%2Fwp%2Fv2%2Fcomments&post=17682"}],"version-history":[{"count":17,"href":"https:\/\/www.slovackio.vilniausr.lm.lt\/index.php?rest_route=\/wp\/v2\/pages\/17682\/revisions"}],"predecessor-version":[{"id":29514,"href":"https:\/\/www.slovackio.vilniausr.lm.lt\/index.php?rest_route=\/wp\/v2\/pages\/17682\/revisions\/29514"}],"up":[{"embeddable":true,"href":"https:\/\/www.slovackio.vilniausr.lm.lt\/index.php?rest_route=\/wp\/v2\/pages\/28645"}],"wp:attachment":[{"href":"https:\/\/www.slovackio.vilniausr.lm.lt\/index.php?rest_route=%2Fwp%2Fv2%2Fmedia&parent=17682"}],"curies":[{"name":"wp","href":"https:\/\/api.w.org\/{rel}","templated":true}]}}