{"id":17674,"date":"2018-12-03T19:24:05","date_gmt":"2018-12-03T17:24:05","guid":{"rendered":"http:\/\/www.slovackio.vilniausr.lm.lt\/?page_id=17674"},"modified":"2023-05-18T17:15:02","modified_gmt":"2023-05-18T15:15:02","slug":"polski-teises-aktu-pazeidimai","status":"publish","type":"page","link":"https:\/\/www.slovackio.vilniausr.lm.lt\/?page_id=17674","title":{"rendered":"Teis\u0117s akt\u0173 pa\u017eeidimai"},"content":{"rendered":"<p><\/p>\n<p class=\"western\"><strong><span style=\"font-size: large;\">\u0160iuo metu gimnazijoje teis\u0117s akt\u0173 pa\u017eeidim\u0173 nenustatyta.<\/span><\/strong><\/p>\n<p><\/p>","protected":false},"excerpt":{"rendered":"<p>\u0160iuo metu gimnazijoje teis\u0117s akt\u0173 pa\u017eeidim\u0173 nenustatyta.<\/p>\n","protected":false},"author":1,"featured_media":0,"parent":17601,"menu_order":4,"comment_status":"closed","ping_status":"closed","template":"","meta":{"footnotes":""},"class_list":["post-17674","page","type-page","status-publish","hentry"],"jetpack_sharing_enabled":true,"_links":{"self":[{"href":"https:\/\/www.slovackio.vilniausr.lm.lt\/index.php?rest_route=\/wp\/v2\/pages\/17674","targetHints":{"allow":["GET"]}}],"collection":[{"href":"https:\/\/www.slovackio.vilniausr.lm.lt\/index.php?rest_route=\/wp\/v2\/pages"}],"about":[{"href":"https:\/\/www.slovackio.vilniausr.lm.lt\/index.php?rest_route=\/wp\/v2\/types\/page"}],"author":[{"embeddable":true,"href":"https:\/\/www.slovackio.vilniausr.lm.lt\/index.php?rest_route=\/wp\/v2\/users\/1"}],"replies":[{"embeddable":true,"href":"https:\/\/www.slovackio.vilniausr.lm.lt\/index.php?rest_route=%2Fwp%2Fv2%2Fcomments&post=17674"}],"version-history":[{"count":5,"href":"https:\/\/www.slovackio.vilniausr.lm.lt\/index.php?rest_route=\/wp\/v2\/pages\/17674\/revisions"}],"predecessor-version":[{"id":26667,"href":"https:\/\/www.slovackio.vilniausr.lm.lt\/index.php?rest_route=\/wp\/v2\/pages\/17674\/revisions\/26667"}],"up":[{"embeddable":true,"href":"https:\/\/www.slovackio.vilniausr.lm.lt\/index.php?rest_route=\/wp\/v2\/pages\/17601"}],"wp:attachment":[{"href":"https:\/\/www.slovackio.vilniausr.lm.lt\/index.php?rest_route=%2Fwp%2Fv2%2Fmedia&parent=17674"}],"curies":[{"name":"wp","href":"https:\/\/api.w.org\/{rel}","templated":true}]}}