{"id":17621,"date":"2018-12-03T10:11:08","date_gmt":"2018-12-03T08:11:08","guid":{"rendered":"http:\/\/www.slovackio.vilniausr.lm.lt\/?page_id=17621"},"modified":"2023-05-18T09:22:06","modified_gmt":"2023-05-18T07:22:06","slug":"korupcijos-prevencija","status":"publish","type":"page","link":"https:\/\/www.slovackio.vilniausr.lm.lt\/?page_id=17621","title":{"rendered":"Korupcijos prevencija"},"content":{"rendered":"<p><\/p>\n<h4><span style=\"color: #003300;\"><strong>NAUDINGOS NUORODOS<\/strong><\/span><\/h4>\n<h5><span style=\"color: #000080;\"><a style=\"color: #000080;\" href=\"https:\/\/www.e-tar.lt\/portal\/lt\/legalAct\/TAR.4DBDE27621A2\/TAIS_436086\" target=\"_blank\" rel=\"noopener noreferrer\">Korupcijos prevencijos \u012fstatymas<\/a><\/span><\/h5>\n<h5><span style=\"color: #000080;\"><a style=\"color: #000080;\" href=\"http:\/\/www.stt.lt\/\" target=\"_blank\" rel=\"noopener noreferrer\">Lietuvos Respublikos speciali\u0173j\u0173 tyrim\u0173 tarnyba<\/a><\/span><\/h5>\n<h5><span style=\"color: #000080;\"><a style=\"color: #000080;\" href=\"http:\/\/www.vtek.lt\/\" target=\"_blank\" rel=\"noopener noreferrer\">Vyriausioji tarnybin\u0117s etikos komisija<\/a><\/span><\/h5>\n<h5 class=\"page\" title=\"Page 1\"><span style=\"color: #000080;\"><strong><a style=\"color: #000080;\" href=\"https:\/\/www.stt.lt\/nacionaline-kovos-su-korupcija-programa-ir-jos-igyvendinimo-dokumentai\/7660\">Nacionalin\u0117 kovos su korupcija programa ir jos \u012fgyvendinimo dokumentai<\/a><\/strong><\/span><\/h5>\n<p><\/p>","protected":false},"excerpt":{"rendered":"<p>NAUDINGOS NUORODOS Korupcijos prevencijos \u012fstatymas Lietuvos Respublikos speciali\u0173j\u0173 tyrim\u0173 tarnyba Vyriausioji tarnybin\u0117s etikos komisija Nacionalin\u0117 kovos su korupcija programa ir jos \u012fgyvendinimo dokumentai<\/p>\n","protected":false},"author":1,"featured_media":0,"parent":0,"menu_order":5,"comment_status":"closed","ping_status":"closed","template":"","meta":{"footnotes":""},"class_list":["post-17621","page","type-page","status-publish","hentry"],"jetpack_sharing_enabled":true,"_links":{"self":[{"href":"https:\/\/www.slovackio.vilniausr.lm.lt\/index.php?rest_route=\/wp\/v2\/pages\/17621","targetHints":{"allow":["GET"]}}],"collection":[{"href":"https:\/\/www.slovackio.vilniausr.lm.lt\/index.php?rest_route=\/wp\/v2\/pages"}],"about":[{"href":"https:\/\/www.slovackio.vilniausr.lm.lt\/index.php?rest_route=\/wp\/v2\/types\/page"}],"author":[{"embeddable":true,"href":"https:\/\/www.slovackio.vilniausr.lm.lt\/index.php?rest_route=\/wp\/v2\/users\/1"}],"replies":[{"embeddable":true,"href":"https:\/\/www.slovackio.vilniausr.lm.lt\/index.php?rest_route=%2Fwp%2Fv2%2Fcomments&post=17621"}],"version-history":[{"count":12,"href":"https:\/\/www.slovackio.vilniausr.lm.lt\/index.php?rest_route=\/wp\/v2\/pages\/17621\/revisions"}],"predecessor-version":[{"id":26600,"href":"https:\/\/www.slovackio.vilniausr.lm.lt\/index.php?rest_route=\/wp\/v2\/pages\/17621\/revisions\/26600"}],"wp:attachment":[{"href":"https:\/\/www.slovackio.vilniausr.lm.lt\/index.php?rest_route=%2Fwp%2Fv2%2Fmedia&parent=17621"}],"curies":[{"name":"wp","href":"https:\/\/api.w.org\/{rel}","templated":true}]}}