{"id":17580,"date":"2018-12-02T20:57:14","date_gmt":"2018-12-02T18:57:14","guid":{"rendered":"http:\/\/www.slovackio.vilniausr.lm.lt\/?page_id=17580"},"modified":"2026-03-21T08:02:40","modified_gmt":"2026-03-21T06:02:40","slug":"mokiniu-pavezejimas","status":"publish","type":"page","link":"https:\/\/www.slovackio.vilniausr.lm.lt\/?page_id=17580","title":{"rendered":"Mokini\u0173\u00a0pav\u0117\u017e\u0117jimas"},"content":{"rendered":"<p><\/p>\n<p style=\"text-align: justify;\"><strong>Mokini\u0173\u00a0<\/strong><strong>pav\u0117\u017e\u0117jimas \u2013\u00a0<\/strong>mokiniai, gyvenantys toliau nei 3 kilometrai nuo mokyklos, yra pave\u017eami reisiniais autobusais bei mokykliniu mikroautobusu. Autobusai atve\u017ea mokinius \u012f pirm\u0105 pamok\u0105, ve\u017ea atgal po 7 pamok\u0173.<\/p>\n<p><span style=\"color: #000080;\"><strong>Mokyklinis autobusas &#8211; Iveco Daily 5OC15HV valst. Nr. JAO 459<\/strong><\/span><\/p>\n<p><strong>Vairuotojas &#8211; Leonardas Paketuras<\/strong><\/p>\n<p><img decoding=\"async\" class=\"aligncenter\" src=\"https:\/\/www.slovackio.vilniausr.lm.lt\/wp-content\/uploads\/2016\/05\/A-10-150x150.jpg\" alt=\"A (10)\" \/><\/p>\n<p>&nbsp;<\/p>","protected":false},"excerpt":{"rendered":"<p>Mokini\u0173\u00a0pav\u0117\u017e\u0117jimas \u2013\u00a0mokiniai, gyvenantys toliau nei 3 kilometrai nuo mokyklos, yra pave\u017eami reisiniais autobusais bei mokykliniu mikroautobusu. Autobusai atve\u017ea mokinius \u012f pirm\u0105 pamok\u0105, ve\u017ea atgal po 7 pamok\u0173. Mokyklinis autobusas &#8211; Iveco Daily 5OC15HV valst. Nr. JAO 459 Vairuotojas &#8211; Leonardas Paketuras &nbsp;<\/p>\n","protected":false},"author":1,"featured_media":0,"parent":6225,"menu_order":2,"comment_status":"closed","ping_status":"closed","template":"","meta":{"footnotes":""},"class_list":["post-17580","page","type-page","status-publish","hentry"],"jetpack_sharing_enabled":true,"_links":{"self":[{"href":"https:\/\/www.slovackio.vilniausr.lm.lt\/index.php?rest_route=\/wp\/v2\/pages\/17580","targetHints":{"allow":["GET"]}}],"collection":[{"href":"https:\/\/www.slovackio.vilniausr.lm.lt\/index.php?rest_route=\/wp\/v2\/pages"}],"about":[{"href":"https:\/\/www.slovackio.vilniausr.lm.lt\/index.php?rest_route=\/wp\/v2\/types\/page"}],"author":[{"embeddable":true,"href":"https:\/\/www.slovackio.vilniausr.lm.lt\/index.php?rest_route=\/wp\/v2\/users\/1"}],"replies":[{"embeddable":true,"href":"https:\/\/www.slovackio.vilniausr.lm.lt\/index.php?rest_route=%2Fwp%2Fv2%2Fcomments&post=17580"}],"version-history":[{"count":17,"href":"https:\/\/www.slovackio.vilniausr.lm.lt\/index.php?rest_route=\/wp\/v2\/pages\/17580\/revisions"}],"predecessor-version":[{"id":35046,"href":"https:\/\/www.slovackio.vilniausr.lm.lt\/index.php?rest_route=\/wp\/v2\/pages\/17580\/revisions\/35046"}],"up":[{"embeddable":true,"href":"https:\/\/www.slovackio.vilniausr.lm.lt\/index.php?rest_route=\/wp\/v2\/pages\/6225"}],"wp:attachment":[{"href":"https:\/\/www.slovackio.vilniausr.lm.lt\/index.php?rest_route=%2Fwp%2Fv2%2Fmedia&parent=17580"}],"curies":[{"name":"wp","href":"https:\/\/api.w.org\/{rel}","templated":true}]}}