{"id":17561,"date":"2018-12-02T14:59:05","date_gmt":"2018-12-02T12:59:05","guid":{"rendered":"http:\/\/www.slovackio.vilniausr.lm.lt\/?page_id=17561"},"modified":"2023-05-25T12:06:27","modified_gmt":"2023-05-25T10:06:27","slug":"asmens-duomenu-apsauga","status":"publish","type":"page","link":"https:\/\/www.slovackio.vilniausr.lm.lt\/?page_id=17561","title":{"rendered":"Asmens duomen\u0173 apsauga"},"content":{"rendered":"<p><span style=\"color: #000080;\"><strong><a style=\"color: #000080;\" href=\"https:\/\/www.slovackio.vilniausr.lm.lt\/wp-content\/uploads\/Asmens-duomenu-tvarkymo-taisykles-2021-04-08-1.docx\">Asmens duomen\u0173 tvarkymo taisykl\u0117s<\/a><\/strong><\/span><\/p>\n<p><span style=\"color: #000080;\"><strong><a style=\"color: #000080;\" href=\"https:\/\/www.slovackio.vilniausr.lm.lt\/wp-content\/uploads\/4-priedas-1-1-1.docx\">Privatumo politika<\/a><\/strong><\/span><\/p>\n<p><span style=\"color: #000080;\"><strong><a style=\"color: #000080;\" href=\"https:\/\/www.slovackio.vilniausr.lm.lt\/wp-content\/uploads\/15-priedas-1.docx\">Duomen\u0173 subjekt\u0173 teisi\u0173 \u012fgyvendinimo tvarka<\/a><\/strong><\/span><\/p>\n<p>&nbsp;<\/p>\n<p><span style=\"color: #000080;\"><strong><a style=\"color: #000080;\" href=\"http:\/\/www2020.vu.lt\/wp-content\/uploads\/2020\/02\/LR-asmens-duomenu-teisines-apsaugos-istatymas.pdf\">Lietuvos Respublikos asmens duomen\u0173 teisin\u0117s apsaugos \u012fstatymas<\/a><\/strong><\/span><\/p>\n<p><span style=\"color: #000080;\"><a style=\"color: #000080;\" href=\"https:\/\/www.e-tar.lt\/portal\/lt\/legalActEditions\/TAR.5368B592234C?faces-redirect=true\">https:\/\/www.e-tar.lt\/portal\/lt\/legalActEditions\/TAR.5368B592234C?faces-redirect=true<\/a>&nbsp;<\/span>&nbsp;<\/p>\n<p><span style=\"color: #000080;\"><strong><a style=\"color: #000080;\" href=\"http:\/\/www2020.vu.lt\/wp-content\/uploads\/2020\/02\/Bendrasis-asmens-duomenu-apsaugos-reglamentas.pdf\">Bendrasis duomen\u0173 apsaugos reglamentas<\/a>&nbsp;(ES)<\/strong><\/span><\/p>\n<p><span style=\"color: #000080;\"><a style=\"color: #000080;\" href=\"https:\/\/eur-lex.europa.eu\/legal-content\/LT\/TXT\/PDF\/?uri=CELEX:32016R0679&amp;from=LT\">https:\/\/eur-lex.europa.eu\/legal-content\/LT\/TXT\/PDF\/?uri=CELEX:32016R0679&amp;from=LT<\/a>&nbsp;&nbsp;<\/span><\/p>\n<p>&nbsp;<\/p>\n<p style=\"text-align: justify;\"><span style=\"color: #000080;\"><strong><span style=\"font-family: 'Times New Roman', serif;\"><span style=\"font-size: medium;\">\u012egyvendinant Bendrojo duomen\u0173 apsaugos reglamento reikalavimus Vilniaus r. Bezdoni\u0173 Julijaus Slovackio gimnazijos Duomen\u0173 apsaugos pareig\u016bnu paskirta lietuvi\u0173, lenk\u0173 kalb\u0173 mokytoja Ana Maciulevi\u010d.<\/span><\/span><\/strong><\/span><\/p>\n<p style=\"text-align: justify;\"><span style=\"color: #003300;\"><strong><span style=\"font-family: 'Times New Roman', serif;\"><span style=\"font-size: medium;\">Duomen\u0173 apsaugos pareig\u016bnas vykdo u\u017eduotis, vadovaudamasis 2016 m. baland\u017eio 27 d. Europos Parlamento ir Tarybos reglamento (ES) Nr. 2016\/679 d\u0117l fizini\u0173 asmen\u0173 apsaugos tvarkant asmens duomenis ir d\u0117l laisvo toki\u0173 duomen\u0173 jud\u0117jimo ir kuriuo panaikinama Direktyva 95\/46\/EB (Bendrasis duomen\u0173 apsaugos reglamentas) 39 straipsniu.<br \/>\n<\/span><\/span><\/strong><\/span><\/p>\n<p><span style=\"color: #003300;\"><strong>Duomen\u0173 apsaugos pareig\u016bnas, vykdydamas savo u\u017eduotis, tinkamai \u012fvertina&nbsp; gimnazijoje su duomen\u0173 tvarkymo operacijomis susijus\u012f pavoj\u0173, atsi\u017evelgdamas \u012f duomen\u0173 tvarkymo pob\u016bd\u012f, apr\u0117pt\u012f, kontekst\u0105 ir tikslus.<\/strong><\/span><\/p>\n<p style=\"text-align: justify;\"><span style=\"color: #003300;\"><strong style=\"color: #000080; font-size: 0.95em;\"><span style=\"font-family: Times New Roman, serif;\"><span style=\"font-size: medium;\">Asmenys (duomen\u0173 subjektai) visais klausimais, susijusiais su j\u0173 asmens duomen\u0173 tvarkymu ir naudojimusi savo teis\u0117mis pagal Bendr\u0105j\u012f duomen\u0173 apsaugos reglament\u0105, gali kreiptis \u012f Vilniaus r. <\/span><\/span><span style=\"font-family: Times New Roman, serif;\"><span style=\"font-size: medium;\">Bezdoni\u0173 Julijaus Slovackio <\/span><\/span><span style=\"font-family: Times New Roman, serif;\"><span style=\"font-size: medium;\">gimnazijos<\/span><\/span> <span style=\"font-family: Times New Roman, serif;\"><span style=\"font-size: medium;\">duomen\u0173 apsaugos pareig\u016bn\u0105 <\/span><\/span><span style=\"font-family: Times New Roman, serif;\"><span style=\"font-size: medium;\">\u2013<\/span><\/span><\/strong><strong><span style=\"font-family: 'Times New Roman', serif;\"><span style=\"font-size: medium;\"><br \/>\n<\/span><\/span><\/strong><\/span><\/p>\n<p class=\"western\" style=\"text-align: left;\"><span style=\"color: #003300;\"><strong><span style=\"font-family: Times New Roman, serif;\"><span style=\"font-size: medium;\">lietuvi\u0173, lenk\u0173 kalb\u0173 mokytoj\u0105 An\u0105 Maciulevi\u010d<\/span><\/span><span style=\"font-family: Times New Roman, serif;\"><span style=\"font-size: medium;\">, tel. (8 5)<\/span><\/span><\/strong><span style=\"font-family: Times New Roman, serif;\"><span style=\"font-size: medium;\"><strong>2 696 438, <\/strong><\/span><\/span><\/span><\/p>\n<p class=\"western\" style=\"text-align: left;\"><span style=\"color: #003300;\"><span style=\"font-family: Times New Roman, serif;\"><span style=\"font-size: medium;\"><strong>el. p.<span style=\"color: #0000ff;\"> <span id=\"OBJ_PREFIX_DWT107_ZmEmailObjectHandler\" class=\"Object\" role=\"link\"><a style=\"color: #0000ff;\" href=\"mailto:duomenu.apsauga@slovackio.vilniausr.lm.lt\" target=\"_blank\" rel=\"nofollow noopener noreferrer\">duomenu.apsauga@slovackio.vilniausr.lm.lt<\/a><\/span><\/span><\/strong><\/span><\/span><\/span><\/p>\n<p class=\"western\" style=\"text-align: left;\"><span style=\"color: #003300;\"><strong>Statybinink\u0173 g. 4, Bezdoni\u0173 mstl., <span style=\"font-family: Times New Roman, serif;\"><span style=\"font-size: medium;\">Vilniaus r.<\/span><\/span><\/strong><\/span><\/p>\n<p><\/p>","protected":false},"excerpt":{"rendered":"<p>Asmens duomen\u0173 tvarkymo taisykl\u0117s Privatumo politika Duomen\u0173 subjekt\u0173 teisi\u0173 \u012fgyvendinimo tvarka &nbsp; Lietuvos Respublikos asmens duomen\u0173 teisin\u0117s apsaugos \u012fstatymas https:\/\/www.e-tar.lt\/portal\/lt\/legalActEditions\/TAR.5368B592234C?faces-redirect=true&nbsp;&nbsp; Bendrasis duomen\u0173 apsaugos reglamentas&nbsp;(ES) https:\/\/eur-lex.europa.eu\/legal-content\/LT\/TXT\/PDF\/?uri=CELEX:32016R0679&amp;from=LT&nbsp;&nbsp; &nbsp; \u012egyvendinant Bendrojo duomen\u0173 apsaugos reglamento reikalavimus Vilniaus r. Bezdoni\u0173 Julijaus Slovackio gimnazijos Duomen\u0173 apsaugos pareig\u016bnu paskirta lietuvi\u0173, lenk\u0173 kalb\u0173 mokytoja Ana Maciulevi\u010d. Duomen\u0173 apsaugos pareig\u016bnas vykdo u\u017eduotis, vadovaudamasis 2016 m. baland\u017eio 27 d. Europos<\/p>\n","protected":false},"author":1,"featured_media":0,"parent":0,"menu_order":9,"comment_status":"closed","ping_status":"closed","template":"","meta":{"footnotes":""},"class_list":["post-17561","page","type-page","status-publish","hentry"],"jetpack_sharing_enabled":true,"_links":{"self":[{"href":"https:\/\/www.slovackio.vilniausr.lm.lt\/index.php?rest_route=\/wp\/v2\/pages\/17561","targetHints":{"allow":["GET"]}}],"collection":[{"href":"https:\/\/www.slovackio.vilniausr.lm.lt\/index.php?rest_route=\/wp\/v2\/pages"}],"about":[{"href":"https:\/\/www.slovackio.vilniausr.lm.lt\/index.php?rest_route=\/wp\/v2\/types\/page"}],"author":[{"embeddable":true,"href":"https:\/\/www.slovackio.vilniausr.lm.lt\/index.php?rest_route=\/wp\/v2\/users\/1"}],"replies":[{"embeddable":true,"href":"https:\/\/www.slovackio.vilniausr.lm.lt\/index.php?rest_route=%2Fwp%2Fv2%2Fcomments&post=17561"}],"version-history":[{"count":38,"href":"https:\/\/www.slovackio.vilniausr.lm.lt\/index.php?rest_route=\/wp\/v2\/pages\/17561\/revisions"}],"predecessor-version":[{"id":26890,"href":"https:\/\/www.slovackio.vilniausr.lm.lt\/index.php?rest_route=\/wp\/v2\/pages\/17561\/revisions\/26890"}],"wp:attachment":[{"href":"https:\/\/www.slovackio.vilniausr.lm.lt\/index.php?rest_route=%2Fwp%2Fv2%2Fmedia&parent=17561"}],"curies":[{"name":"wp","href":"https:\/\/api.w.org\/{rel}","templated":true}]}}