{"id":16411,"date":"2018-05-22T10:39:09","date_gmt":"2018-05-22T08:39:09","guid":{"rendered":"http:\/\/www.slovackio.vilniausr.lm.lt\/?page_id=16411"},"modified":"2024-08-01T13:43:30","modified_gmt":"2024-08-01T11:43:30","slug":"direktores-metu-uzduotys","status":"publish","type":"page","link":"https:\/\/www.slovackio.vilniausr.lm.lt\/?page_id=16411","title":{"rendered":"Direktoriaus met\u0173 u\u017eduotys"},"content":{"rendered":"<p><span style=\"color: #000080;\"><strong><a style=\"color: #000080;\" href=\"https:\/\/www.slovackio.vilniausr.lm.lt\/wp-content\/uploads\/Direktores-2024-metu-uzduotys.pdf\">Direktor\u0117s 2024 met\u0173 u\u017eduotys<\/a><\/strong><\/span><\/p>\n<p><span style=\"color: #000080;\"><a style=\"color: #000080;\" href=\"https:\/\/www.slovackio.vilniausr.lm.lt\/wp-content\/uploads\/skanowanie0001.pdf\"><strong>Direktor\u0117s 2023 met\u0173 u\u017eduotys<\/strong><\/a><\/span><\/p>\n<p>&nbsp;<\/p>\n<p>&nbsp;<\/p>","protected":false},"excerpt":{"rendered":"<p>Direktor\u0117s 2024 met\u0173 u\u017eduotys Direktor\u0117s 2023 met\u0173 u\u017eduotys &nbsp; &nbsp;<\/p>\n","protected":false},"author":1,"featured_media":0,"parent":152,"menu_order":2,"comment_status":"closed","ping_status":"closed","template":"","meta":{"footnotes":""},"class_list":["post-16411","page","type-page","status-publish","hentry"],"jetpack_sharing_enabled":true,"_links":{"self":[{"href":"https:\/\/www.slovackio.vilniausr.lm.lt\/index.php?rest_route=\/wp\/v2\/pages\/16411","targetHints":{"allow":["GET"]}}],"collection":[{"href":"https:\/\/www.slovackio.vilniausr.lm.lt\/index.php?rest_route=\/wp\/v2\/pages"}],"about":[{"href":"https:\/\/www.slovackio.vilniausr.lm.lt\/index.php?rest_route=\/wp\/v2\/types\/page"}],"author":[{"embeddable":true,"href":"https:\/\/www.slovackio.vilniausr.lm.lt\/index.php?rest_route=\/wp\/v2\/users\/1"}],"replies":[{"embeddable":true,"href":"https:\/\/www.slovackio.vilniausr.lm.lt\/index.php?rest_route=%2Fwp%2Fv2%2Fcomments&post=16411"}],"version-history":[{"count":15,"href":"https:\/\/www.slovackio.vilniausr.lm.lt\/index.php?rest_route=\/wp\/v2\/pages\/16411\/revisions"}],"predecessor-version":[{"id":30295,"href":"https:\/\/www.slovackio.vilniausr.lm.lt\/index.php?rest_route=\/wp\/v2\/pages\/16411\/revisions\/30295"}],"up":[{"embeddable":true,"href":"https:\/\/www.slovackio.vilniausr.lm.lt\/index.php?rest_route=\/wp\/v2\/pages\/152"}],"wp:attachment":[{"href":"https:\/\/www.slovackio.vilniausr.lm.lt\/index.php?rest_route=%2Fwp%2Fv2%2Fmedia&parent=16411"}],"curies":[{"name":"wp","href":"https:\/\/api.w.org\/{rel}","templated":true}]}}