{"id":108,"date":"2009-11-20T14:53:16","date_gmt":"2009-11-20T11:53:16","guid":{"rendered":"http:\/\/www2089.vu.lt\/?page_id=108"},"modified":"2023-05-17T20:24:45","modified_gmt":"2023-05-17T18:24:45","slug":"ugdymas","status":"publish","type":"page","link":"https:\/\/www.slovackio.vilniausr.lm.lt\/?page_id=108","title":{"rendered":"Veiklos sritys"},"content":{"rendered":"<p><\/p>\n<div class=\"art-PostContent\">\n<div class=\"art-article\"><strong style=\"color: #000080; font-size: 1.5em; text-align: justify;\">Vizija<\/strong><\/div>\n<\/div>\n<p style=\"text-align: justify;\"><span style=\"color: #000080;\">Mokyklos vizija \u2013 moderni, saugi, atvira kaitai ir inovacijoms, konkurencinga ugdymo \u012fstaiga, teikianti kokybi\u0161k\u0105 pradin\u012f, pagrindin\u012f bei vidurin\u012f i\u0161silavinim\u0105 gimt\u0105ja kalba.<\/span><\/p>\n<h3 style=\"text-align: justify;\"><span style=\"color: #000080;\"><strong>Misija<\/strong><\/span><\/h3>\n<p style=\"text-align: justify;\"><span style=\"color: #000080;\">Mokyklos misija \u2013 teikti \u0161iuolaikinius reikalavimus atitinkant\u012f pradin\u012f, pagrindin\u012f bei vidurin\u012f i\u0161silavinim\u0105 gimt\u0105ja kalba Bezdoni\u0173 bei kit\u0173 apylinki\u0173 gyventoj\u0173 vaikams saugioje aplinkoje ir puosel\u0117ti savo \u0161alies, tautos ir&nbsp; miestelio tradicijas.<\/span><\/p>\n<h3 style=\"text-align: justify;\"><span style=\"color: #000080;\"><strong>Filosofija<\/strong><\/span><\/h3>\n<p style=\"text-align: justify;\"><span style=\"color: #000080;\">\u017dmogaus ugdymas \u2013 vientisas procesas, grind\u017eiamas humanizmo principais, pabr\u0117\u017eian\u010diais \u017emogaus vertingum\u0105, autonomi\u0161kum\u0105, unikalum\u0105.<\/span><\/p>\n<p><\/p>","protected":false},"excerpt":{"rendered":"<p>Vizija Mokyklos vizija \u2013 moderni, saugi, atvira kaitai ir inovacijoms, konkurencinga ugdymo \u012fstaiga, teikianti kokybi\u0161k\u0105 pradin\u012f, pagrindin\u012f bei vidurin\u012f i\u0161silavinim\u0105 gimt\u0105ja kalba. Misija Mokyklos misija \u2013 teikti \u0161iuolaikinius reikalavimus atitinkant\u012f pradin\u012f, pagrindin\u012f bei vidurin\u012f i\u0161silavinim\u0105 gimt\u0105ja kalba Bezdoni\u0173 bei kit\u0173 apylinki\u0173 gyventoj\u0173 vaikams saugioje aplinkoje ir puosel\u0117ti savo \u0161alies, tautos ir&nbsp; miestelio tradicijas. Filosofija \u017dmogaus ugdymas \u2013 vientisas procesas, grind\u017eiamas<\/p>\n","protected":false},"author":1,"featured_media":0,"parent":0,"menu_order":3,"comment_status":"closed","ping_status":"closed","template":"","meta":{"footnotes":""},"class_list":["post-108","page","type-page","status-publish","hentry"],"jetpack_sharing_enabled":true,"_links":{"self":[{"href":"https:\/\/www.slovackio.vilniausr.lm.lt\/index.php?rest_route=\/wp\/v2\/pages\/108","targetHints":{"allow":["GET"]}}],"collection":[{"href":"https:\/\/www.slovackio.vilniausr.lm.lt\/index.php?rest_route=\/wp\/v2\/pages"}],"about":[{"href":"https:\/\/www.slovackio.vilniausr.lm.lt\/index.php?rest_route=\/wp\/v2\/types\/page"}],"author":[{"embeddable":true,"href":"https:\/\/www.slovackio.vilniausr.lm.lt\/index.php?rest_route=\/wp\/v2\/users\/1"}],"replies":[{"embeddable":true,"href":"https:\/\/www.slovackio.vilniausr.lm.lt\/index.php?rest_route=%2Fwp%2Fv2%2Fcomments&post=108"}],"version-history":[{"count":83,"href":"https:\/\/www.slovackio.vilniausr.lm.lt\/index.php?rest_route=\/wp\/v2\/pages\/108\/revisions"}],"predecessor-version":[{"id":24739,"href":"https:\/\/www.slovackio.vilniausr.lm.lt\/index.php?rest_route=\/wp\/v2\/pages\/108\/revisions\/24739"}],"wp:attachment":[{"href":"https:\/\/www.slovackio.vilniausr.lm.lt\/index.php?rest_route=%2Fwp%2Fv2%2Fmedia&parent=108"}],"curies":[{"name":"wp","href":"https:\/\/api.w.org\/{rel}","templated":true}]}}